{"id":41,"date":"2021-09-02T20:53:02","date_gmt":"2021-09-02T18:53:02","guid":{"rendered":"https:\/\/pb.edu.pl\/pakapierwszakapb\/?page_id=41"},"modified":"2026-02-11T17:39:28","modified_gmt":"2026-02-11T16:39:28","slug":"uczelniane-systemy-it","status":"publish","type":"page","link":"https:\/\/pb.edu.pl\/pakapierwszakapb\/uczelniane-systemy-it\/","title":{"rendered":"Poznaj uczelniane systemy informatyczne wspieraj\u0105ce kszta\u0142cenie"},"content":{"rendered":"<div class=\"h3\">Po zako\u0144czeniu formalno\u015bci administracyjnych w Dziekanacie \u2013 zazwyczaj pod koniec wrze\u015bnia \u2013 studenci uzyskuj\u0105 dost\u0119p do system\u00f3w uczelnianych, w tym podstawowego systemu uczelnianego (czyli USOSweb) oraz platform e-learningowych.&nbsp;<\/div>\n<p>Z Uczelnianego Centrum Informatycznego na podany podczas rekrutacji adres e-mail nowo przyj\u0119ci studenci otrzymuj\u0105 dwie wiadomo\u015bci:<\/p>\n<ol>\n<li>zawieraj\u0105c\u0105 dane do logowania do Office 365,<\/li>\n<li>informuj\u0105c\u0105 o zmianie podstawowego adresu e-mail w systemie USOS.&nbsp;<\/li>\n<\/ol>\n<p>Od tego momentu, aby zalogowa\u0107 si\u0119 m.in. do USOSweb, nale\u017cy u\u017cywa\u0107 nowego, uczelnianego adresu e-mail oraz dotychczasowego has\u0142a u\u017cywanego w USOSweb. Has\u0142o mo\u017cna odzyska\u0107, podaj\u0105c adres e-mail uczelni.<\/p>\n<p>Je\u017celi jeszcze nie dosta\u0142e\u015b wiadomo\u015bci z danymi dost\u0119powymi do Office365, to do USOSweb logujesz si\u0119 prywatnym (podanym podczas rekrutacji) adresem e-mail.<\/p>\n<div class=\"h3\">Office 365<\/div>\n<p>Wszyscy studenci Politechniki Bia\u0142ostockiej otrzymuj\u0105 dost\u0119p do Office 365 (<a href=\"http:\/\/office.com\">office.com<\/a>) gdzie dost\u0119pna jest m.in. studencka skrzynka pocztowa, s\u0142u\u017c\u0105ca do oficjalnej komunikacji z Uczelni\u0105.<\/p>\n<p><strong>Office365 w planie A3<\/strong> jest bezp\u0142atn\u0105 wersj\u0105 pakietu Office dost\u0119pn\u0105 online, oferuj\u0105c\u0105 funkcjonalno\u015bci takie, jak:<\/p>\n<ul>\n<li>poczta elektroniczna (adres e-mail), czyli kontrola nad wiadomo\u015bciami e-mail dzi\u0119ki aplikacji internetowej Outlook i skrzynce pocztowej o pojemno\u015bci 100 GB;<\/li>\n<li>spotkania online i konferencje wideo, a tak\u017ce aplikacje potrzebne w instytucji edukacyjnej do lepszej wsp\u00f3\u0142pracy i zwi\u0119kszania zaanga\u017cowania dost\u0119pne s\u0105 w us\u0142udze Teams;<\/li>\n<li>standardowe aplikacje biurowe Word, Excel, PowerPoint dost\u0119pne online i offline umo\u017cliwiaj\u0105ce wsp\u00f3\u0142prac\u0119 dzi\u0119ki funkcjom wsp\u00f3\u0142tworzenia w czasie rzeczywistym, autozapisu i \u0142atwego udost\u0119pniania;<\/li>\n<li>organizowanie informacji dzi\u0119ki notesowi cyfrowemu w aplikacji OneNote;<\/li>\n<li>przestrze\u0144 dyskowa OneDrive (1T).<\/li>\n<\/ul>\n<p>Studentom pierwszego semestru studi\u00f3w I i II stopnia dane dost\u0119powe do Office365 (w tym poczty elektronicznej) przesy\u0142ane s\u0105 na adres e-mail podany podczas rekrutacji.<\/p>\n<p>Szczeg\u00f3\u0142owe informacje dot. Office 365 znajduj\u0105 si\u0119 na stronie: <a href=\"https:\/\/pb.edu.pl\/uci\/uslugi\/office-365\/\">Office365 w PB<\/a><\/p>\n<div class=\"h3\">Moodle PB<\/div>\n<p><span id=\"page3R_mcid11\" class=\"markedContent\"><span dir=\"ltr\" role=\"presentation\"><span data-contrast=\"auto\"><strong>Moodle PB<\/strong> to\u202fwirtualne \u015brodowisko kszta\u0142cenia, kt\u00f3re s\u0142u\u017cy do\u202frealizacji nauczania zdalnego, wspomaga proces uczenia si\u0119 i\u202fumo\u017cliwia komunikacj\u0119 z\u202fuczestnikami kurs\u00f3w.<\/span> <span data-contrast=\"auto\">Platforma e-learningowa Moodle PB spe\u0142nia najnowsze standardy SCORM, dzi\u0119ki czemu w \u0142atwy i szybki spos\u00f3b mo\u017cna przenosi\u0107 opracowane tre\u015bci pomi\u0119dzy r\u00f3\u017cnymi rozwi\u0105zaniami e-learningowymi.<\/span><br \/>\n<\/span><\/span><\/p>\n<p>Podczas logowania na platform\u0119 <a title=\"\" href=\"https:\/\/moodle.pb.edu.pl\/\"><strong>Moodle<\/strong><\/a> wybierz \u201eZaloguj\u201d i zaznacz opcj\u0119 logowania \u201eCAS\u201d. Zostaniesz przekierowany do strony logowania Centralnego Systemu Uwierzytelniania, na kt\u00f3rej nale\u017cy wprowadzi\u0107 login i has\u0142o. Dane logowania s\u0105 takie same jak do systemu USOSweb.<\/p>\n<p>Szczeg\u00f3\u0142owe informacje znajdziesz na stronie: <a href=\"https:\/\/pb.edu.pl\/uci\/uslugi\/moodle-pb\/\">Moodle PB<\/a><\/p>\n<p><strong>Masz problem z logowaniem?<\/strong><\/p>\n<p>W przypadku problem\u00f3w z logowaniem lub z u\u017cytkowaniem platform, wy\u015blij wiadomo\u015b\u0107 do: <a href=\"https:\/\/pb.edu.pl\/uci\/helpdesk-zglaszanie-problemow-z-obsluga-systemow\/\">Helpdesk \u2013 zg\u0142aszanie problem\u00f3w z obs\u0142ug\u0105 system\u00f3w i us\u0142ug \u2013 Uczelniane Centrum Informatyczne Politechniki Bia\u0142ostockiej (pb.edu.pl)<\/a><\/p>\n<p>&nbsp;<\/p>\n","protected":false},"excerpt":{"rendered":"<p>Po zako\u0144czeniu formalno\u015bci administracyjnych w Dziekanacie \u2013 zazwyczaj pod koniec wrze\u015bnia \u2013 studenci uzyskuj\u0105 dost\u0119p do system\u00f3w uczelnianych, w tym podstawowego systemu uczelnianego (czyli USOSweb) oraz platform e-learningowych.&nbsp; Z Uczelnianego Centrum Informatycznego na podany podczas rekrutacji adres e-mail nowo przyj\u0119ci studenci otrzymuj\u0105 dwie wiadomo\u015bci: zawieraj\u0105c\u0105 dane do logowania do Office 365, informuj\u0105c\u0105 o zmianie podstawowego [&hellip;]<\/p>\n","protected":false},"author":2,"featured_media":0,"parent":0,"menu_order":12,"comment_status":"closed","ping_status":"closed","template":"","meta":{"_acf_changed":false,"ngg_post_thumbnail":0,"footnotes":""},"class_list":["post-41","page","type-page","status-publish","hentry"],"acf":[],"_links":{"self":[{"href":"https:\/\/pb.edu.pl\/pakapierwszakapb\/wp-json\/wp\/v2\/pages\/41","targetHints":{"allow":["GET"]}}],"collection":[{"href":"https:\/\/pb.edu.pl\/pakapierwszakapb\/wp-json\/wp\/v2\/pages"}],"about":[{"href":"https:\/\/pb.edu.pl\/pakapierwszakapb\/wp-json\/wp\/v2\/types\/page"}],"author":[{"embeddable":true,"href":"https:\/\/pb.edu.pl\/pakapierwszakapb\/wp-json\/wp\/v2\/users\/2"}],"replies":[{"embeddable":true,"href":"https:\/\/pb.edu.pl\/pakapierwszakapb\/wp-json\/wp\/v2\/comments?post=41"}],"version-history":[{"count":1,"href":"https:\/\/pb.edu.pl\/pakapierwszakapb\/wp-json\/wp\/v2\/pages\/41\/revisions"}],"predecessor-version":[{"id":447,"href":"https:\/\/pb.edu.pl\/pakapierwszakapb\/wp-json\/wp\/v2\/pages\/41\/revisions\/447"}],"wp:attachment":[{"href":"https:\/\/pb.edu.pl\/pakapierwszakapb\/wp-json\/wp\/v2\/media?parent=41"}],"curies":[{"name":"wp","href":"https:\/\/api.w.org\/{rel}","templated":true}]}}