{"id":39,"date":"2021-09-02T20:52:37","date_gmt":"2021-09-02T18:52:37","guid":{"rendered":"https:\/\/pb.edu.pl\/pakapierwszakapb\/?page_id=39"},"modified":"2024-07-26T13:55:54","modified_gmt":"2024-07-26T11:55:54","slug":"wi-fi-na-pb","status":"publish","type":"page","link":"https:\/\/pb.edu.pl\/pakapierwszakapb\/wi-fi-na-pb\/","title":{"rendered":"Dost\u0119p do uczelnianego Wi-Fi"},"content":{"rendered":"<p>Nie mo\u017cesz \u017cy\u0107 bez Internetu? <strong>Eduroam<\/strong>, czyli bezprzewodowy, bezp\u0142atny internet dost\u0119pny jest w budynkach wydzia\u0142\u00f3w i na terenie kampusu PB.<\/p>\n<p>Z po\u0142\u0105czenia do sieci <strong>eduroam<\/strong> mo\u017ce korzysta\u0107 ka\u017cdy pracownik i student Politechniki Bia\u0142ostockiej posiadaj\u0105cy uczelniane konto w domenie @pb.edu.pl lub @student.pb.edu.pl<\/p>\n<p><span class=\"gvxzyvdx aeinzg81 t7p7dqev gh25dzvf exr7barw b6ax4al1 gem102v4 ncib64c9 mrvwc6qr sx8pxkcf f597kf1v cpcgwwas m2nijcs8 hxfwr5lz k1z55t6l oog5qr5w tes86rjd pbevjfx6 ztn2w49o\" dir=\"auto\">Studenci pierwszego roku otrzymuj\u0105 dost\u0119p do sieci po zatwierdzeniu \u015blubowania w USOSweb PB, ale nie wcze\u015bniej ni\u017c 1 pa\u017adziernika.<\/span><\/p>\n<p>Szczeg\u00f3\u0142owe informacje o dzia\u0142aniu Eduromu znajdziesz na stronie<\/p>\n<ul>\n<li><a href=\"https:\/\/pb.edu.pl\/eduroam\"><strong>Us\u0142uga EDUROAM<\/strong><\/a><\/li>\n<li><a href=\"https:\/\/pb.edu.pl\/eduroam\/kontakt\/\"><strong>Kontakt do obs\u0142ugi technicznej<\/strong><\/a><\/li>\n<\/ul>\n","protected":false},"excerpt":{"rendered":"<p>Nie mo\u017cesz \u017cy\u0107 bez Internetu? Eduroam, czyli bezprzewodowy, bezp\u0142atny internet dost\u0119pny jest w budynkach wydzia\u0142\u00f3w i na terenie kampusu PB. Z po\u0142\u0105czenia do sieci eduroam mo\u017ce korzysta\u0107 ka\u017cdy pracownik i student Politechniki Bia\u0142ostockiej posiadaj\u0105cy uczelniane konto w domenie @pb.edu.pl lub @student.pb.edu.pl Studenci pierwszego roku otrzymuj\u0105 dost\u0119p do sieci po zatwierdzeniu \u015blubowania w USOSweb PB, ale [&hellip;]<\/p>\n","protected":false},"author":2,"featured_media":0,"parent":0,"menu_order":11,"comment_status":"closed","ping_status":"closed","template":"","meta":{"_acf_changed":false,"ngg_post_thumbnail":0,"footnotes":""},"class_list":["post-39","page","type-page","status-publish","hentry"],"acf":[],"_links":{"self":[{"href":"https:\/\/pb.edu.pl\/pakapierwszakapb\/wp-json\/wp\/v2\/pages\/39","targetHints":{"allow":["GET"]}}],"collection":[{"href":"https:\/\/pb.edu.pl\/pakapierwszakapb\/wp-json\/wp\/v2\/pages"}],"about":[{"href":"https:\/\/pb.edu.pl\/pakapierwszakapb\/wp-json\/wp\/v2\/types\/page"}],"author":[{"embeddable":true,"href":"https:\/\/pb.edu.pl\/pakapierwszakapb\/wp-json\/wp\/v2\/users\/2"}],"replies":[{"embeddable":true,"href":"https:\/\/pb.edu.pl\/pakapierwszakapb\/wp-json\/wp\/v2\/comments?post=39"}],"version-history":[{"count":0,"href":"https:\/\/pb.edu.pl\/pakapierwszakapb\/wp-json\/wp\/v2\/pages\/39\/revisions"}],"wp:attachment":[{"href":"https:\/\/pb.edu.pl\/pakapierwszakapb\/wp-json\/wp\/v2\/media?parent=39"}],"curies":[{"name":"wp","href":"https:\/\/api.w.org\/{rel}","templated":true}]}}