{"id":37,"date":"2021-09-02T20:52:16","date_gmt":"2021-09-02T18:52:16","guid":{"rendered":"https:\/\/pb.edu.pl\/pakapierwszakapb\/?page_id=37"},"modified":"2026-02-11T17:30:45","modified_gmt":"2026-02-11T16:30:45","slug":"stypendia","status":"publish","type":"page","link":"https:\/\/pb.edu.pl\/pakapierwszakapb\/stypendia\/","title":{"rendered":"Jak wnioskowa\u0107 o stypendium? Wa\u017cne terminy"},"content":{"rendered":"<p>Jako Studenci Politechniki Bia\u0142ostockiej kszta\u0142c\u0105cy si\u0119 na studiach pierwszego i drugiego stopnia w trybie stacjonarnym lub niestacjonarnym mo\u017cecie korzysta\u0107 z r\u00f3\u017cnych form wsparcia finansowego.<\/p>\n<p>Jest ono udzielane na podstawie ustawy \u201ePrawo o szkolnictwie wy\u017cszym i nauce\u201d oraz <a href=\"https:\/\/bip.pb.edu.pl\/index.php?event=informacja&#038;id=22722\">Regulaminu \u015bwiadcze\u0144 dla student\u00f3w Politechniki Bia\u0142ostockiej<\/a>.<\/p>\n<p>Studenci studi\u00f3w stacjonarnych i niestacjonarnych Politechniki Bia\u0142ostockiej mog\u0105 korzysta\u0107 z r\u00f3\u017cnych form pomocy materialnej, w tym:<\/p>\n<ul>\n<li>stypendium rektora<\/li>\n<li>stypendium socjalnego dla student\u00f3w znajduj\u0105cych si\u0119 w trudnej sytuacji materialnej<\/li>\n<li>zwi\u0119kszenia stypendium socjalnego<\/li>\n<li>stypendium dla os\u00f3b niepe\u0142nosprawnych<\/li>\n<li>zapomogi<\/li>\n<li>stypendium ministra.<\/li>\n<\/ul>\n<p><strong>Je\u015bli chcesz ubiega\u0107 si\u0119 o stypendium socjalne, stypendium dla os\u00f3b niepe\u0142nosprawnych, stypendium rektora czy zapomog\u0119 \u2013 nie wahaj si\u0119 i z\u0142\u00f3\u017c wniosek!<\/strong><\/p>\n<p>Z procedur\u0105, terminami oraz wzorami wniosk\u00f3w zapoznaj si\u0119 na stronie <a href=\"https:\/\/pb.edu.pl\/studenci\/sekcja-swiadczen-dla-studentow\/swiadczenia\/\"><strong>\u015awiadczenia dla student\u00f3w<\/strong><\/a>.<\/p>\n<p>Termin sk\u0142adania kompletnych wniosk\u00f3w o przyznanie \u015bwiadcze\u0144 up\u0142ywa:<\/p>\n<ul>\n<li>20 pa\u017adziernika danego roku akademickiego, w przypadku ubiegania si\u0119 o \u015bwiadczenia od semestru zimowego,<\/li>\n<li>10 marca w przypadku ubiegania si\u0119 o \u015bwiadczenia od semestru letniego.<\/li>\n<\/ul>\n<p>Wniosek o przyznanie \u015bwiadczenia sk\u0142adasz w formie papierowej wraz z wymagan\u0105 dokumentacj\u0105, po uprzednim wype\u0142nieniu i zarejestrowaniu formularza elektronicznego w <a href=\"https:\/\/usosweb.pb.edu.pl\/kontroler.php?_action=news\/default\">USOSweb<\/a>. Form\u0119 papierow\u0105 wniosku stanowi wydruk sporz\u0105dzony z USOSweb.<\/p>\n<p>Pami\u0119taj! Zarejestrowanie formularza elektronicznego w USOSweb nie wszczyna post\u0119powania w sprawie przyznania \u015bwiadczenia; to tylko czynno\u015b\u0107 techniczna. Wydrukowany wniosek z za\u0142\u0105cznikami zanie\u015b do Dziekanatu!<\/p>\n","protected":false},"excerpt":{"rendered":"<p>Jako Studenci Politechniki Bia\u0142ostockiej kszta\u0142c\u0105cy si\u0119 na studiach pierwszego i drugiego stopnia w trybie stacjonarnym lub niestacjonarnym mo\u017cecie korzysta\u0107 z r\u00f3\u017cnych form wsparcia finansowego. Jest ono udzielane na podstawie ustawy \u201ePrawo o szkolnictwie wy\u017cszym i nauce\u201d oraz Regulaminu \u015bwiadcze\u0144 dla student\u00f3w Politechniki Bia\u0142ostockiej. Studenci studi\u00f3w stacjonarnych i niestacjonarnych Politechniki Bia\u0142ostockiej mog\u0105 korzysta\u0107 z r\u00f3\u017cnych form [&hellip;]<\/p>\n","protected":false},"author":2,"featured_media":0,"parent":0,"menu_order":10,"comment_status":"closed","ping_status":"closed","template":"","meta":{"_acf_changed":false,"ngg_post_thumbnail":0,"footnotes":""},"class_list":["post-37","page","type-page","status-publish","hentry"],"acf":[],"_links":{"self":[{"href":"https:\/\/pb.edu.pl\/pakapierwszakapb\/wp-json\/wp\/v2\/pages\/37","targetHints":{"allow":["GET"]}}],"collection":[{"href":"https:\/\/pb.edu.pl\/pakapierwszakapb\/wp-json\/wp\/v2\/pages"}],"about":[{"href":"https:\/\/pb.edu.pl\/pakapierwszakapb\/wp-json\/wp\/v2\/types\/page"}],"author":[{"embeddable":true,"href":"https:\/\/pb.edu.pl\/pakapierwszakapb\/wp-json\/wp\/v2\/users\/2"}],"replies":[{"embeddable":true,"href":"https:\/\/pb.edu.pl\/pakapierwszakapb\/wp-json\/wp\/v2\/comments?post=37"}],"version-history":[{"count":5,"href":"https:\/\/pb.edu.pl\/pakapierwszakapb\/wp-json\/wp\/v2\/pages\/37\/revisions"}],"predecessor-version":[{"id":440,"href":"https:\/\/pb.edu.pl\/pakapierwszakapb\/wp-json\/wp\/v2\/pages\/37\/revisions\/440"}],"wp:attachment":[{"href":"https:\/\/pb.edu.pl\/pakapierwszakapb\/wp-json\/wp\/v2\/media?parent=37"}],"curies":[{"name":"wp","href":"https:\/\/api.w.org\/{rel}","templated":true}]}}