{"id":33,"date":"2021-09-02T20:51:07","date_gmt":"2021-09-02T18:51:07","guid":{"rendered":"https:\/\/pb.edu.pl\/pakapierwszakapb\/?page_id=33"},"modified":"2026-02-11T17:24:26","modified_gmt":"2026-02-11T16:24:26","slug":"legitymacja-studencka","status":"publish","type":"page","link":"https:\/\/pb.edu.pl\/pakapierwszakapb\/legitymacja-studencka\/","title":{"rendered":"Legitymacja studencka \u2013 sprawd\u017a jakie funkcje mo\u017ce pe\u0142ni\u0107"},"content":{"rendered":"<p>Od 1 pa\u017adziernika 2025 roku, zgodnie z ustaw\u0105 \u201ePrawo o szkolnictwie wy\u017cszym i nauce\u201d legitymacja studencka b\u0119dzie wydawana w postaci:<\/p>\n<ul>\n<li>dokumentu mobilnego, tzw.&nbsp;<strong>mLegitymacja,&nbsp;<\/strong>o kt\u00f3rym mowa w <a class=\"pdf\" href=\"https:\/\/isap.sejm.gov.pl\/isap.nsf\/download.xsp\/WDU20230001234\/T\/D20231234L.pdf\">art. 2 pkt 7 ustawy z dnia 26 maja 2023 r. o aplikacji mObywatel<\/a> (Dz. U. z 2024 r. poz. 1275) \u2013 studentowi posiadaj\u0105cemu numer PESEL.<\/li>\n<li>elektronicznej karty procesorowej, tzw.<strong>&nbsp;ELS<\/strong>&nbsp;\u2013 na wniosek studenta oraz studentowi nieposiadaj\u0105cemu numer PESEL.<\/li>\n<\/ul>\n<p>Od 1 pa\u017adziernika 2025 r. studenci mog\u0105 &nbsp;aktywowa\u0107 mLegitymacj\u0119 w aplikacji mObywatel za pomoc\u0105 kodu wygenerowanego w <a href=\"https:\/\/usosweb.pb.edu.pl\/kontroler.php?_action=news\/default\">USOSweb PB<\/a>. Instrukcje dotycz\u0105ce mLegitymacji dost\u0119pne b\u0119d\u0105 w dw\u00f3ch miejscach w zale\u017cno\u015bci od systemu:<\/p>\n<ul>\n<li><strong>USOS Mobily \u2013 <a href=\"https:\/\/docs.uci.pb.edu.pl\/usos\/mlegmobil.html\">wejd\u017a na stron\u0119<\/a><\/strong><\/li>\n<li><strong>USOSweb \u2013 <a href=\"https:\/\/docs.uci.pb.edu.pl\/usos\/mlegitymacje.html\">wejd\u017a na stron\u0119<\/a><\/strong><\/li>\n<\/ul>\n<p><a href=\"https:\/\/pb.edu.pl\/uci\/2022\/04\/20\/mlegitymacja-w-politechnice-bialostockiej\/\"><img loading=\"lazy\" decoding=\"async\" src=\"https:\/\/pb.edu.pl\/uci\/wp-content\/uploads\/sites\/17\/2022\/04\/mLegitymacja1000.jpg\" alt=\"mLegitymacja. mLegitymacja. \u0179r\u00f3d\u0142o: https:\/\/www.gov.pl\" width=\"400\" height=\"211\"><\/a><\/p>\n<p><ahref=\"https:\/\/pb.edu.pl\/uci\/uslugi\/elektroniczna-legitymacja-studencka\/\">Elektroniczna Legitymacja Studencka Politechniki Bia\u0142ostockiej (ELS)<\/a> stanowi dokument upowa\u017cniaj\u0105cy do korzystania ze zni\u017cek studenckich (m.in. kolejowych, w kinach i teatrach, itp.). Na \u017c\u0105danie prowadz\u0105cego, nauczyciela akademickiego, studenci s\u0105 zobowi\u0105zani do okazania legitymacji studenckiej. Dotyczy to r\u00f3wnie\u017c zalicze\u0144 i egzamin\u00f3w.<\/p>\n<p>Legitymacja umo\u017cliwia te\u017c:<\/p>\n<ul>\n<li>korzystanie z Biblioteki Politechniki Bia\u0142ostockiej, szczeg\u00f3\u0142y tutaj: <a href=\"https:\/\/biblioteka.pb.edu.pl\/jak-korzystac\/zapisy\/\">biblioteka.pb.edu.pl\/zapisy<\/a><\/li>\n<li>mo\u017ce pe\u0142ni\u0107 funkcj\u0119 <ahref=\"https:\/\/www.komunikacja.bialystok.pl\/?page=uczelnie\">Bia\u0142ostockiej Karty Miejskiej.<\/a><\/li>\n<\/ul>\n<p>O tym, jak uruchomi\u0107 dodatkowe funkcje legitymacji studenckiej przeczytasz <a href=\"https:\/\/pb.edu.pl\/studenci\/elektroniczna-legitymacja-studencka\/\">TUTAJ<\/a><\/p>\n<p>Og\u00f3ln\u0105 obs\u0142ug\u0105 Elektronicznych Legitymacji Studenckich w&nbsp;Politechnice Bia\u0142ostockiej zajmuj\u0105 si\u0119 <strong>Dziekanaty<\/strong> poszczeg\u00f3lnych wydzia\u0142\u00f3w.<\/p>\n<p>&nbsp;<\/p>\n","protected":false},"excerpt":{"rendered":"<p>Od 1 pa\u017adziernika 2025 roku, zgodnie z ustaw\u0105 \u201ePrawo o szkolnictwie wy\u017cszym i nauce\u201d legitymacja studencka b\u0119dzie wydawana w postaci: dokumentu mobilnego, tzw.&nbsp;mLegitymacja,&nbsp;o kt\u00f3rym mowa w art. 2 pkt 7 ustawy z dnia 26 maja 2023 r. o aplikacji mObywatel (Dz. U. z 2024 r. poz. 1275) \u2013 studentowi posiadaj\u0105cemu numer PESEL. elektronicznej karty procesorowej, [&hellip;]<\/p>\n","protected":false},"author":2,"featured_media":0,"parent":0,"menu_order":9,"comment_status":"closed","ping_status":"closed","template":"","meta":{"_acf_changed":false,"ngg_post_thumbnail":0,"footnotes":""},"class_list":["post-33","page","type-page","status-publish","hentry"],"acf":[],"_links":{"self":[{"href":"https:\/\/pb.edu.pl\/pakapierwszakapb\/wp-json\/wp\/v2\/pages\/33","targetHints":{"allow":["GET"]}}],"collection":[{"href":"https:\/\/pb.edu.pl\/pakapierwszakapb\/wp-json\/wp\/v2\/pages"}],"about":[{"href":"https:\/\/pb.edu.pl\/pakapierwszakapb\/wp-json\/wp\/v2\/types\/page"}],"author":[{"embeddable":true,"href":"https:\/\/pb.edu.pl\/pakapierwszakapb\/wp-json\/wp\/v2\/users\/2"}],"replies":[{"embeddable":true,"href":"https:\/\/pb.edu.pl\/pakapierwszakapb\/wp-json\/wp\/v2\/comments?post=33"}],"version-history":[{"count":2,"href":"https:\/\/pb.edu.pl\/pakapierwszakapb\/wp-json\/wp\/v2\/pages\/33\/revisions"}],"predecessor-version":[{"id":435,"href":"https:\/\/pb.edu.pl\/pakapierwszakapb\/wp-json\/wp\/v2\/pages\/33\/revisions\/435"}],"wp:attachment":[{"href":"https:\/\/pb.edu.pl\/pakapierwszakapb\/wp-json\/wp\/v2\/media?parent=33"}],"curies":[{"name":"wp","href":"https:\/\/api.w.org\/{rel}","templated":true}]}}