{"id":31,"date":"2021-09-02T20:50:45","date_gmt":"2021-09-02T18:50:45","guid":{"rendered":"https:\/\/pb.edu.pl\/pakapierwszakapb\/?page_id=31"},"modified":"2026-02-11T17:22:04","modified_gmt":"2026-02-11T16:22:04","slug":"dziekanat","status":"publish","type":"page","link":"https:\/\/pb.edu.pl\/pakapierwszakapb\/dziekanat\/","title":{"rendered":"Przygotuj si\u0119 do pierwszej wizyty w dziekanacie"},"content":{"rendered":"<p>W Dziekanacie rozwi\u0105\u017cesz wszelkie sprawy dotycz\u0105ce procesu nauczania, sprawy socjalne i organizacyjne. Pomog\u0105 Ci w tym pracownicy Dziekanatu.<\/p>\n<p>Nie zwlekaj z pierwsz\u0105 wizyt\u0105 w Dziekanacie, z\u0142\u00f3\u017c j\u0105 na pocz\u0105tku roku akademickiego.<\/p>\n<p>Pierwsza wizyta w Dziekanacie to okazja do:<\/p>\n<ul>\n<li>do poznania osoby odpowiedzialnej za I rok studi\u00f3w. Mo\u017cna zg\u0142asza\u0107 si\u0119 do niej ze wszystkimi problemami i w\u0105tpliwo\u015bciami \u2013 za pomoc\u0105 wiadomo\u015bci e-mail, telefonicznie, osobi\u015bcie.<\/li>\n<li>odebrania Elektronicznej Legitymacji Studenckiej<\/li>\n<li>uzupe\u0142nienia ewentualnych brak\u00f3w w dokumentacji (np. bada\u0144 lekarskich).<\/li>\n<\/ul>\n<p>&nbsp;<\/p>\n<p>Wcze\u015bniej warto zalogowa\u0107 si\u0119 do systemu USOSweb PB i zapozna\u0107 si\u0119 ze:<\/p>\n<ul>\n<li>\u015alubowaniem<\/li>\n<li>zapoznaj si\u0119 <a title=\"Przej\u015bcie do Biuletynu Informacji Publicznej PB.\" href=\"https:\/\/bip.pb.edu.pl\/index.php?event=informacja&amp;id=22362\">z zasadami pobierania op\u0142at <\/a> i z <a title=\"Przej\u015bcie do Biuletynu Informacji Publicznej PB.\" href=\"https:\/\/bip.pb.edu.pl\/index.php?event=informacja&amp;id=22527\">wysoko\u015bci\u0105 op\u0142at za studia<\/a><\/li>\n<\/ul>\n<p>Elektroniczne potwierdzenie znajomo\u015bci tych dokument\u00f3w to warunek wydania ELS.<\/p>\n<p>&nbsp;<\/p>\n<p>Sprawd\u017a gdzie znajduje si\u0119 Dziekanat na Twoim wydziale:<\/p>\n<p>Sprawd\u017a <a href=\"https:\/\/wa.pb.edu.pl\/studenci\/dziekanat\/\">Wydzia\u0142 Architektury<\/a><\/p>\n<p>Sprawd\u017a <a href=\"https:\/\/wb.pb.edu.pl\/studenci\/dziekanat\/\">Wydzia\u0142 Budownictwa i Nauk o \u015arodowisku<\/a><\/p>\n<p>Sprawd\u017a <a href=\"https:\/\/we.pb.edu.pl\/studenci\/dziekanat\/\">Wydzia\u0142 Elektryczny<\/a><\/p>\n<p>Sprawd\u017a <a href=\"https:\/\/wi.pb.edu.pl\/studenci\/dziekanat\/\">Wydzia\u0142 Informatyki<\/a><\/p>\n<p>Sprawd\u017a <a href=\"https:\/\/wiz.pb.edu.pl\/studenci\/dziekanat\/\">Wydzia\u0142 In\u017cynierii Zarz\u0105dzania&nbsp;<\/a><\/p>\n<p>Sprawd\u017a <a href=\"https:\/\/wm.pb.edu.pl\/studenci\/dziekanat\/\">Wydzia\u0142 Mechaniczny<\/a><\/p>\n<p>&nbsp;<\/p>\n","protected":false},"excerpt":{"rendered":"<p>W Dziekanacie rozwi\u0105\u017cesz wszelkie sprawy dotycz\u0105ce procesu nauczania, sprawy socjalne i organizacyjne. Pomog\u0105 Ci w tym pracownicy Dziekanatu. Nie zwlekaj z pierwsz\u0105 wizyt\u0105 w Dziekanacie, z\u0142\u00f3\u017c j\u0105 na pocz\u0105tku roku akademickiego. Pierwsza wizyta w Dziekanacie to okazja do: do poznania osoby odpowiedzialnej za I rok studi\u00f3w. Mo\u017cna zg\u0142asza\u0107 si\u0119 do niej ze wszystkimi problemami i [&hellip;]<\/p>\n","protected":false},"author":2,"featured_media":0,"parent":0,"menu_order":7,"comment_status":"closed","ping_status":"closed","template":"","meta":{"_acf_changed":false,"ngg_post_thumbnail":0,"footnotes":""},"class_list":["post-31","page","type-page","status-publish","hentry"],"acf":[],"_links":{"self":[{"href":"https:\/\/pb.edu.pl\/pakapierwszakapb\/wp-json\/wp\/v2\/pages\/31","targetHints":{"allow":["GET"]}}],"collection":[{"href":"https:\/\/pb.edu.pl\/pakapierwszakapb\/wp-json\/wp\/v2\/pages"}],"about":[{"href":"https:\/\/pb.edu.pl\/pakapierwszakapb\/wp-json\/wp\/v2\/types\/page"}],"author":[{"embeddable":true,"href":"https:\/\/pb.edu.pl\/pakapierwszakapb\/wp-json\/wp\/v2\/users\/2"}],"replies":[{"embeddable":true,"href":"https:\/\/pb.edu.pl\/pakapierwszakapb\/wp-json\/wp\/v2\/comments?post=31"}],"version-history":[{"count":1,"href":"https:\/\/pb.edu.pl\/pakapierwszakapb\/wp-json\/wp\/v2\/pages\/31\/revisions"}],"predecessor-version":[{"id":433,"href":"https:\/\/pb.edu.pl\/pakapierwszakapb\/wp-json\/wp\/v2\/pages\/31\/revisions\/433"}],"wp:attachment":[{"href":"https:\/\/pb.edu.pl\/pakapierwszakapb\/wp-json\/wp\/v2\/media?parent=31"}],"curies":[{"name":"wp","href":"https:\/\/api.w.org\/{rel}","templated":true}]}}