{"id":29,"date":"2021-09-02T20:50:25","date_gmt":"2021-09-02T18:50:25","guid":{"rendered":"https:\/\/pb.edu.pl\/pakapierwszakapb\/?page_id=29"},"modified":"2026-02-11T17:18:05","modified_gmt":"2026-02-11T16:18:05","slug":"kampus-pb","status":"publish","type":"page","link":"https:\/\/pb.edu.pl\/pakapierwszakapb\/kampus-pb\/","title":{"rendered":"Jak porusza\u0107 si\u0119 po Politechnice?"},"content":{"rendered":"<p><strong>Obiekty Politechniki Bia\u0142ostockiej<\/strong><\/p>\n<p>G\u0142\u00f3wny kampus Politechniki Bia\u0142ostockiej znajduje si\u0119 przy ul. Wiejskiej, ale mo\u017cecie do nas dotrze\u0107 te\u017c od strony akademik\u00f3w, kt\u00f3re zlokalizowane s\u0105 przy ulicy Zwierzynieckiej.<\/p>\n<p>Na kampusie g\u0142\u00f3wnym znajduj\u0105 si\u0119 Wydzia\u0142y: Budownictwa i Nauk o \u015arodowisku, Elektryczny, Mechaniczny oraz Informatyki, a ponadto:&nbsp; Akademickie Centrum Sportu, Domy Studenta oraz budynek Centrum Nowoczesnego Kszta\u0142cenia, w kt\u00f3rym mieszcz\u0105 si\u0119 Biblioteka Politechniki Bia\u0142ostockie i Studium J\u0119zyk\u00f3w Obcych.<\/p>\n<p>Wydzia\u0142 Architektury ma swoj\u0105 siedzib\u0119 przy ul. Oskara Sosnowskiego 11.<\/p>\n<p>Wydzia\u0142 In\u017cynierii Zarz\u0105dzania ma sw\u00f3j kampus w znakomicie skomunikowanym z Bia\u0142ymstokiem Kleosinie, przy ul. Ojca Tarasiuka 2.<\/p>\n<p>W Hajn\u00f3wce uczelnia prowadzi Centrum Naukowo-Badawcze, w kt\u00f3rym funkcjonuj\u0105 laboratoria i pracownie Instytutu Nauk Le\u015bnych (Hajn\u00f3wka, ul. Pi\u0142sudskiego 1 A).<\/p>\n<p>Sprawd\u017a <a title=\"\" href=\"https:\/\/pb.edu.pl\/uczelnia\/mapa-kampusu\/miasteczko-akademickie-plan-przestrzenny\/\">map\u0119 obiekt\u00f3w Politechniki Bia\u0142ostockiej<\/a><\/p>\n<p><a href=\"https:\/\/pb.edu.pl\/uci\/aplikacje\/aplikacja-zonifero-odnajdz-sie-na-pb\/\"><strong>Zainstaluj Zonifero<\/strong><\/a><\/p>\n<p>Zonifero to apka, kt\u00f3ra u\u0142atwia poruszanie si\u0119 po Politechnice Bia\u0142ostockiej.<br \/>\nNie wiesz, gdzie znajduje si\u0119 laboratorium, w kt\u00f3rym masz zaj\u0119cia, sala wyk\u0142adowa na wydziale? Dzi\u0119ki Zonifero znajdziesz pomieszczenia, dziekanat i wyk\u0142adowc\u00f3w!<\/p>\n<p>Szczeg\u00f3\u0142owe informacje dot. logowania znajduj\u0105 si\u0119 na stronie <a title=\"\" href=\"https:\/\/docs.uci.pb.edu.pl\/aplikacje\/zonifero.html\">Zonifero na PB<\/a>.<\/p>\n<p>&nbsp;<\/p>\n","protected":false},"excerpt":{"rendered":"<p>Obiekty Politechniki Bia\u0142ostockiej G\u0142\u00f3wny kampus Politechniki Bia\u0142ostockiej znajduje si\u0119 przy ul. Wiejskiej, ale mo\u017cecie do nas dotrze\u0107 te\u017c od strony akademik\u00f3w, kt\u00f3re zlokalizowane s\u0105 przy ulicy Zwierzynieckiej. Na kampusie g\u0142\u00f3wnym znajduj\u0105 si\u0119 Wydzia\u0142y: Budownictwa i Nauk o \u015arodowisku, Elektryczny, Mechaniczny oraz Informatyki, a ponadto:&nbsp; Akademickie Centrum Sportu, Domy Studenta oraz budynek Centrum Nowoczesnego Kszta\u0142cenia, w [&hellip;]<\/p>\n","protected":false},"author":2,"featured_media":0,"parent":0,"menu_order":6,"comment_status":"closed","ping_status":"closed","template":"","meta":{"_acf_changed":false,"ngg_post_thumbnail":0,"footnotes":""},"class_list":["post-29","page","type-page","status-publish","hentry"],"acf":[],"_links":{"self":[{"href":"https:\/\/pb.edu.pl\/pakapierwszakapb\/wp-json\/wp\/v2\/pages\/29","targetHints":{"allow":["GET"]}}],"collection":[{"href":"https:\/\/pb.edu.pl\/pakapierwszakapb\/wp-json\/wp\/v2\/pages"}],"about":[{"href":"https:\/\/pb.edu.pl\/pakapierwszakapb\/wp-json\/wp\/v2\/types\/page"}],"author":[{"embeddable":true,"href":"https:\/\/pb.edu.pl\/pakapierwszakapb\/wp-json\/wp\/v2\/users\/2"}],"replies":[{"embeddable":true,"href":"https:\/\/pb.edu.pl\/pakapierwszakapb\/wp-json\/wp\/v2\/comments?post=29"}],"version-history":[{"count":1,"href":"https:\/\/pb.edu.pl\/pakapierwszakapb\/wp-json\/wp\/v2\/pages\/29\/revisions"}],"predecessor-version":[{"id":430,"href":"https:\/\/pb.edu.pl\/pakapierwszakapb\/wp-json\/wp\/v2\/pages\/29\/revisions\/430"}],"wp:attachment":[{"href":"https:\/\/pb.edu.pl\/pakapierwszakapb\/wp-json\/wp\/v2\/media?parent=29"}],"curies":[{"name":"wp","href":"https:\/\/api.w.org\/{rel}","templated":true}]}}