{"id":27,"date":"2021-09-02T20:49:56","date_gmt":"2021-09-02T18:49:56","guid":{"rendered":"https:\/\/pb.edu.pl\/pakapierwszakapb\/?page_id=27"},"modified":"2026-02-11T17:34:07","modified_gmt":"2026-02-11T16:34:07","slug":"rozklad-zajec","status":"publish","type":"page","link":"https:\/\/pb.edu.pl\/pakapierwszakapb\/rozklad-zajec\/","title":{"rendered":"Gdzie szuka\u0107 rozk\u0142adu zaj\u0119\u0107?"},"content":{"rendered":"<p>Rok akademicki 2025\/2026 rozpoczyna si\u0119 w \u015brod\u0119, 1 pa\u017adziernika 2025 roku.<\/p>\n<p>Od pierwszego dnia prowadzone s\u0105 zaj\u0119cia dydaktyczne.<\/p>\n<p>Wszystkie zaj\u0119cia b\u0119d\u0105 realizowane zgodnie z rozk\u0142adami zaj\u0119\u0107.<\/p>\n<p><strong>Uwaga! <\/strong>Na pocz\u0105tku semestru nale\u017cy na bie\u017c\u0105co sprawdza\u0107 rozk\u0142ad zaj\u0119\u0107, poniewa\u017c cz\u0119sto nast\u0119puj\u0105 w nim zmiany!<\/p>\n<p>Numer grupy \u0107wiczeniowej, do kt\u00f3rej jeste\u015b przypisana\/przypisany odczytasz w systemie <a href=\"https:\/\/usosweb.pb.edu.pl\">USOSweb Politechniki Bia\u0142ostockiej<\/a>, po zalogowaniu si\u0119 na indywidualne konto. Informacje te otrzymasz tak\u017ce w Dziekanacie.<\/p>\n<p><strong>Aktualne rozk\u0142ady zaj\u0119\u0107 b\u0119d\u0105 znajdziesz w systemie USOSweb i serwisach wydzia\u0142owych:<\/strong><\/p>\n<p><a href=\"https:\/\/wa.pb.edu.pl\/studenci\/organizacja-toku-studiow\/\">Sprawd\u017a Wydzia\u0142 Architektury<\/a><\/p>\n<p><a href=\"https:\/\/wb.pb.edu.pl\/studenci\/organizacja-toku-studiow\/\">Sprawd\u017a Wydzia\u0142 Budownictwa i Nauk o \u015arodowisku<\/a><\/p>\n<p><a href=\"https:\/\/we.pb.edu.pl\/studenci\/organizacja-toku-studiow\/rozklady-zajec\/\">Sprawd\u017a Wydzia\u0142 Elektryczny <\/a><\/p>\n<p><a href=\"https:\/\/wi.pb.edu.pl\/studenci\/organizacja-toku-studiow\/\">Sprawd\u017a Wydzia\u0142 Informatyki<\/a><\/p>\n<p><a href=\"https:\/\/wiz.pb.edu.pl\/studenci\/organizacja-toku-studiow\/\">Sprawd\u017a Wydzia\u0142 In\u017cynierii Zarz\u0105dzania<\/a><\/p>\n<p><a href=\"https:\/\/wm.pb.edu.pl\/studenci\/organizacja-toku-studiow\/\">Sprawd\u017a Wydzia\u0142 Mechaniczny<\/a><\/p>\n","protected":false},"excerpt":{"rendered":"<p>Rok akademicki 2025\/2026 rozpoczyna si\u0119 w \u015brod\u0119, 1 pa\u017adziernika 2025 roku. Od pierwszego dnia prowadzone s\u0105 zaj\u0119cia dydaktyczne. Wszystkie zaj\u0119cia b\u0119d\u0105 realizowane zgodnie z rozk\u0142adami zaj\u0119\u0107. Uwaga! Na pocz\u0105tku semestru nale\u017cy na bie\u017c\u0105co sprawdza\u0107 rozk\u0142ad zaj\u0119\u0107, poniewa\u017c cz\u0119sto nast\u0119puj\u0105 w nim zmiany! Numer grupy \u0107wiczeniowej, do kt\u00f3rej jeste\u015b przypisana\/przypisany odczytasz w systemie USOSweb Politechniki Bia\u0142ostockiej, [&hellip;]<\/p>\n","protected":false},"author":2,"featured_media":0,"parent":0,"menu_order":5,"comment_status":"closed","ping_status":"closed","template":"","meta":{"_acf_changed":false,"ngg_post_thumbnail":0,"footnotes":""},"class_list":["post-27","page","type-page","status-publish","hentry"],"acf":[],"_links":{"self":[{"href":"https:\/\/pb.edu.pl\/pakapierwszakapb\/wp-json\/wp\/v2\/pages\/27","targetHints":{"allow":["GET"]}}],"collection":[{"href":"https:\/\/pb.edu.pl\/pakapierwszakapb\/wp-json\/wp\/v2\/pages"}],"about":[{"href":"https:\/\/pb.edu.pl\/pakapierwszakapb\/wp-json\/wp\/v2\/types\/page"}],"author":[{"embeddable":true,"href":"https:\/\/pb.edu.pl\/pakapierwszakapb\/wp-json\/wp\/v2\/users\/2"}],"replies":[{"embeddable":true,"href":"https:\/\/pb.edu.pl\/pakapierwszakapb\/wp-json\/wp\/v2\/comments?post=27"}],"version-history":[{"count":2,"href":"https:\/\/pb.edu.pl\/pakapierwszakapb\/wp-json\/wp\/v2\/pages\/27\/revisions"}],"predecessor-version":[{"id":442,"href":"https:\/\/pb.edu.pl\/pakapierwszakapb\/wp-json\/wp\/v2\/pages\/27\/revisions\/442"}],"wp:attachment":[{"href":"https:\/\/pb.edu.pl\/pakapierwszakapb\/wp-json\/wp\/v2\/media?parent=27"}],"curies":[{"name":"wp","href":"https:\/\/api.w.org\/{rel}","templated":true}]}}