{"id":260,"date":"2022-08-24T14:09:06","date_gmt":"2022-08-24T12:09:06","guid":{"rendered":"https:\/\/pb.edu.pl\/pakapierwszakapb\/?page_id=260"},"modified":"2026-02-11T17:47:39","modified_gmt":"2026-02-11T16:47:39","slug":"samorzad-studentow-pb","status":"publish","type":"page","link":"https:\/\/pb.edu.pl\/pakapierwszakapb\/samorzad-studentow-pb\/","title":{"rendered":"Samorz\u0105d Student\u00f3w PB"},"content":{"rendered":"<p>Juwenalia, Dni Kampusu, Dni Wydzia\u0142\u00f3w, akcje charytatywne, ZerUwka &#8211; czyli ob\u00f3z adaptacyjny dla &#8222;pierwszak\u00f3w&#8221;, a tak\u017ce ZimUwka &#8211; to ich najwi\u0119ksze projekty.<\/p>\n<p>Bo studenci Politechniki Bia\u0142ostockiej chc\u0105 dzia\u0142a\u0107!<\/p>\n<p>Samorz\u0105d Student\u00f3w Politechniki Bia\u0142ostockiej reprezentuje blisko 7 tys. spo\u0142eczno\u015b\u0107 studenck\u0105, wspiera w realizacji pasji oraz pomaga w codziennych sprawach. Organizacja jest te\u017c miejscem rozwoju osobistego. Dzia\u0142acze SSPB maj\u0105 szans\u0119 pr\u00f3bowa\u0107 swoich si\u0142 w komisjach, dzia\u0142alno\u015bci na wydzia\u0142ach oraz realizacji w projektach, gdzie zawsze potrzeba r\u0105k do pracy.<\/p>\n<p>Je\u015bli chcesz w\u0142\u0105czy\u0107 si\u0119 w realizacj\u0119 ciekawych projekt\u00f3w wykraczaj\u0105cych poza codzienno\u015b\u0107, zdobywa\u0107 do\u015bwiadczenia i umiej\u0119tno\u015bci &#8211; do\u0142\u0105cz do <a href=\"https:\/\/pb.edu.pl\/sspb\/\">Samorz\u0105du Student\u00f3w Politechniki Bia\u0142ostockiej<\/a><\/p>\n","protected":false},"excerpt":{"rendered":"<p>Juwenalia, Dni Kampusu, Dni Wydzia\u0142\u00f3w, akcje charytatywne, ZerUwka &#8211; czyli ob\u00f3z adaptacyjny dla &#8222;pierwszak\u00f3w&#8221;, a tak\u017ce ZimUwka &#8211; to ich najwi\u0119ksze projekty. Bo studenci Politechniki Bia\u0142ostockiej chc\u0105 dzia\u0142a\u0107! Samorz\u0105d Student\u00f3w Politechniki Bia\u0142ostockiej reprezentuje blisko 7 tys. spo\u0142eczno\u015b\u0107 studenck\u0105, wspiera w realizacji pasji oraz pomaga w codziennych sprawach. Organizacja jest te\u017c miejscem rozwoju osobistego. Dzia\u0142acze SSPB [&hellip;]<\/p>\n","protected":false},"author":2,"featured_media":0,"parent":0,"menu_order":20,"comment_status":"closed","ping_status":"closed","template":"","meta":{"_acf_changed":false,"ngg_post_thumbnail":0,"footnotes":""},"class_list":["post-260","page","type-page","status-publish","hentry"],"acf":[],"_links":{"self":[{"href":"https:\/\/pb.edu.pl\/pakapierwszakapb\/wp-json\/wp\/v2\/pages\/260","targetHints":{"allow":["GET"]}}],"collection":[{"href":"https:\/\/pb.edu.pl\/pakapierwszakapb\/wp-json\/wp\/v2\/pages"}],"about":[{"href":"https:\/\/pb.edu.pl\/pakapierwszakapb\/wp-json\/wp\/v2\/types\/page"}],"author":[{"embeddable":true,"href":"https:\/\/pb.edu.pl\/pakapierwszakapb\/wp-json\/wp\/v2\/users\/2"}],"replies":[{"embeddable":true,"href":"https:\/\/pb.edu.pl\/pakapierwszakapb\/wp-json\/wp\/v2\/comments?post=260"}],"version-history":[{"count":1,"href":"https:\/\/pb.edu.pl\/pakapierwszakapb\/wp-json\/wp\/v2\/pages\/260\/revisions"}],"predecessor-version":[{"id":454,"href":"https:\/\/pb.edu.pl\/pakapierwszakapb\/wp-json\/wp\/v2\/pages\/260\/revisions\/454"}],"wp:attachment":[{"href":"https:\/\/pb.edu.pl\/pakapierwszakapb\/wp-json\/wp\/v2\/media?parent=260"}],"curies":[{"name":"wp","href":"https:\/\/api.w.org\/{rel}","templated":true}]}}