{"id":257,"date":"2022-08-24T14:07:12","date_gmt":"2022-08-24T12:07:12","guid":{"rendered":"https:\/\/pb.edu.pl\/pakapierwszakapb\/?page_id=257"},"modified":"2026-02-11T17:46:30","modified_gmt":"2026-02-11T16:46:30","slug":"sport","status":"publish","type":"page","link":"https:\/\/pb.edu.pl\/pakapierwszakapb\/sport\/","title":{"rendered":"Sport"},"content":{"rendered":"<p>Uprawiasz siatk\u00f3wk\u0119, koszyk\u00f3wk\u0119, czy lekkoatletyk\u0119? A mo\u017ce chcesz po prostu zadba\u0107 o form\u0119 podczas studi\u00f3w?<\/p>\n<p><strong>Do\u0142\u0105cz do sportowc\u00f3w Politechniki Bia\u0142ostockiej!<\/strong><\/p>\n<p>W <a href=\"https:\/\/pb.edu.pl\/swfis\/\">Studium Wychowania Fizycznego i Sportu PB<\/a> dzia\u0142aj\u0105 22 sekcje sportowe <a href=\"https:\/\/pb.edu.pl\/azs\/\">Klubu Uczelnianego AZS Politechniki Bia\u0142ostockiej<\/a>.<\/p>\n<p>Pod wzgl\u0119dem liczbowym jest to najwi\u0119kszy klub sportowy w wojew\u00f3dztwie podlaskim! Treningi w sekcjach prowadz\u0105 do\u015bwiadczeni trenerzy i nauczyciele Studium. Studenci dzia\u0142aj\u0105cy w sekcjach Klubu regularnie zdobywaj\u0105 medale na Akademickich Mistrzostwach Polski. Bior\u0105 tak\u017ce udzia\u0142 w rozgrywkach Podlaskiej Akademickiej Ligi Mi\u0119dzyuczelnianej.<\/p>\n<p><strong>Politechnika Bia\u0142ostocka ma bardzo dobr\u0105 baz\u0119 sportow\u0105!<\/strong><\/p>\n<p>Wi\u0119kszo\u015b\u0107 zaj\u0119\u0107 odbywa si\u0119 w Akademickim Centrum Sportu (ACS). To dwupoziomowy obiekt o \u0142\u0105cznej powierzchni 3987 m<sup>2&nbsp; <\/sup>przy ul. Wiejskiej 41. Na pierwszym poziomie znajduj\u0105 si\u0119: si\u0142ownia, sala sport\u00f3w walki, sala tenisa sto\u0142owego, sala aerobiku. Na drugim poziomie znajduje si\u0119&nbsp;sala gier zespo\u0142owych, na kt\u00f3rej mo\u017cna prowadzi\u0107 zaj\u0119cia z: siatk\u00f3wki, koszyk\u00f3wki, pi\u0142ki r\u0119cznej, futsalu, badmintona, tenisa ziemnego.<\/p>\n<p><strong>Wi\u0119cej informacji na: <a href=\"https:\/\/kandydacipb.edu.pl\/sport\/\">#sportPB<\/a><\/strong><\/p>\n<p>&nbsp;<\/p>\n<p>&nbsp;<\/p>\n<h3>W\u015br\u00f3d naszych student\u00f3w i absolwent\u00f3w s\u0105 wybitne postaci ze \u015bwiata sportu:<\/h3>\n<p><strong>Wojciech Nowicki<\/strong> &#8211; to pierwszy absolwent Politechniki Bia\u0142ostockiej, kt\u00f3ry zdoby\u0142 dwa medale olimpijskie!<br \/>\n<a href=\"https:\/\/pb.edu.pl\/2017\/11\/03\/zloci-absolwenci-politechniki-bialostockiej-2016\/,\">Z\u0142oty Absolwent Politechniki Bia\u0142ostockiej 2016<\/a>, a tak\u017ce <a href=\"https:\/\/pb.edu.pl\/2018\/03\/29\/honorowy-ambasador\/\">Honorowy Ambasador Politechniki Bia\u0142ostockiej<\/a> (w 2018 roku) studiowa\u0142 na Wydziale Mechanicznym PB, kt\u00f3ry uko\u0144czy\u0142 w 2013 roku z tytu\u0142em magistra in\u017cyniera o specjalno\u015bci automatyka-robotyka.<br \/>\nW rzucie m\u0142otem podczas Igrzysk XXXI Olimpiady Rio 2016 wywalczy\u0142 medal br\u0105zowy, a z XXXII Letnich Igrzysk Olimpijskich Tokio 2020 przywi\u00f3z\u0142 z\u0142oto i rekord \u017cyciowy 82,52 m (3. wynik w historii polskiej lekkoatletyki).&nbsp; Jest pi\u0119ciokrotnym medalist\u0105 mistrzostw \u015bwiata (srebrne medale w 2022, 2023 i br\u0105zowe w 2015, 2017 oraz 2019). Trzykrotny mistrz Europy (Berlin 2018, Monachium 2022 i Rzym 2024).<\/p>\n<p><b>Marlena Granaszewska<\/b> z d. Gola &#8211; absolwentka Politechniki Bia\u0142ostockiej na kierunku logistyka na Wydziale In\u017cynierii Zarz\u0105dzania to lekkoatletka, specjalizuj\u0105ca si\u0119 w sprincie. Jest wielokrotn\u0105 medalistk\u0105 Akademickich Mistrzostw Polski. By\u0142a te\u017c cz\u0142onkiem kadry narodowej na Olimpiadzie w Tokio 2020 &#8211; jako zawodniczka rezerwowa wspiera\u0142a kole\u017canki ze sztafety kobiet 4&#215;100 metr\u00f3w.<\/p>\n<p>&nbsp;<\/p>\n<p>&nbsp;<\/p>\n","protected":false},"excerpt":{"rendered":"<p>Uprawiasz siatk\u00f3wk\u0119, koszyk\u00f3wk\u0119, czy lekkoatletyk\u0119? A mo\u017ce chcesz po prostu zadba\u0107 o form\u0119 podczas studi\u00f3w? Do\u0142\u0105cz do sportowc\u00f3w Politechniki Bia\u0142ostockiej! W Studium Wychowania Fizycznego i Sportu PB dzia\u0142aj\u0105 22 sekcje sportowe Klubu Uczelnianego AZS Politechniki Bia\u0142ostockiej. Pod wzgl\u0119dem liczbowym jest to najwi\u0119kszy klub sportowy w wojew\u00f3dztwie podlaskim! Treningi w sekcjach prowadz\u0105 do\u015bwiadczeni trenerzy i nauczyciele [&hellip;]<\/p>\n","protected":false},"author":2,"featured_media":0,"parent":0,"menu_order":19,"comment_status":"closed","ping_status":"closed","template":"","meta":{"_acf_changed":false,"ngg_post_thumbnail":0,"footnotes":""},"class_list":["post-257","page","type-page","status-publish","hentry"],"acf":[],"_links":{"self":[{"href":"https:\/\/pb.edu.pl\/pakapierwszakapb\/wp-json\/wp\/v2\/pages\/257","targetHints":{"allow":["GET"]}}],"collection":[{"href":"https:\/\/pb.edu.pl\/pakapierwszakapb\/wp-json\/wp\/v2\/pages"}],"about":[{"href":"https:\/\/pb.edu.pl\/pakapierwszakapb\/wp-json\/wp\/v2\/types\/page"}],"author":[{"embeddable":true,"href":"https:\/\/pb.edu.pl\/pakapierwszakapb\/wp-json\/wp\/v2\/users\/2"}],"replies":[{"embeddable":true,"href":"https:\/\/pb.edu.pl\/pakapierwszakapb\/wp-json\/wp\/v2\/comments?post=257"}],"version-history":[{"count":1,"href":"https:\/\/pb.edu.pl\/pakapierwszakapb\/wp-json\/wp\/v2\/pages\/257\/revisions"}],"predecessor-version":[{"id":452,"href":"https:\/\/pb.edu.pl\/pakapierwszakapb\/wp-json\/wp\/v2\/pages\/257\/revisions\/452"}],"wp:attachment":[{"href":"https:\/\/pb.edu.pl\/pakapierwszakapb\/wp-json\/wp\/v2\/media?parent=257"}],"curies":[{"name":"wp","href":"https:\/\/api.w.org\/{rel}","templated":true}]}}