{"id":25,"date":"2021-09-02T20:49:10","date_gmt":"2021-09-02T18:49:10","guid":{"rendered":"https:\/\/pb.edu.pl\/pakapierwszakapb\/?page_id=25"},"modified":"2026-02-11T17:17:05","modified_gmt":"2026-02-11T16:17:05","slug":"przed-rozpoczeciem-zajec","status":"publish","type":"page","link":"https:\/\/pb.edu.pl\/pakapierwszakapb\/przed-rozpoczeciem-zajec\/","title":{"rendered":"Przed rozpocz\u0119ciem zaj\u0119\u0107"},"content":{"rendered":"<p>Zaloguj si\u0119 do systemu <a href=\"https:\/\/usosweb.pb.edu.pl\">USOSweb Politechniki Bia\u0142ostockiej<\/a> i poznaj dost\u0119pne funkcje serwisu. W szczeg\u00f3lno\u015bci sprawd\u017a dane osobowe i poprawno\u015b\u0107 adresu poczty elektronicznej.<\/p>\n<p>Zapoznaj si\u0119 z rot\u0105 \u015blubowania, czyli aktu przyj\u0119cia w poczet student\u00f3w Politechniki Bia\u0142ostockiej. Podpisz j\u0105 on-line.<\/p>\n<p>Zapoznaj si\u0119 r\u00f3wnie\u017c z <a href=\"https:\/\/pb.edu.pl\/dss\/regulamin-studiow\/\" >REGULAMINEM STUDI\u00d3W<\/a> oraz <a href=\"https:\/\/pb.edu.pl\/dss\/finanse-i-stypendia\/wysokosc-oplat\/\">informacj\u0105 o op\u0142atach<\/a>.<\/p>\n<p>Sprawd\u017a numery grup \u0107wiczeniowych, laboratoryjnych i projektowych, do kt\u00f3rych jeste\u015b przypisana\/przypisany.<\/p>\n<p>Zg\u0142o\u015b si\u0119 do Dziekanatu po odbi\u00f3r&nbsp;<a href=\"https:\/\/pb.edu.pl\/uci\/uslugi\/elektroniczna-legitymacja-studencka\/\">elektronicznej legitymacji studenckiej .<br \/>\n<\/a><\/p>\n<p>&nbsp;<\/p>\n<p>&nbsp;<\/p>\n","protected":false},"excerpt":{"rendered":"<p>Zaloguj si\u0119 do systemu USOSweb Politechniki Bia\u0142ostockiej i poznaj dost\u0119pne funkcje serwisu. W szczeg\u00f3lno\u015bci sprawd\u017a dane osobowe i poprawno\u015b\u0107 adresu poczty elektronicznej. Zapoznaj si\u0119 z rot\u0105 \u015blubowania, czyli aktu przyj\u0119cia w poczet student\u00f3w Politechniki Bia\u0142ostockiej. Podpisz j\u0105 on-line. Zapoznaj si\u0119 r\u00f3wnie\u017c z REGULAMINEM STUDI\u00d3W oraz informacj\u0105 o op\u0142atach. Sprawd\u017a numery grup \u0107wiczeniowych, laboratoryjnych i projektowych, [&hellip;]<\/p>\n","protected":false},"author":2,"featured_media":0,"parent":0,"menu_order":4,"comment_status":"closed","ping_status":"closed","template":"","meta":{"_acf_changed":false,"ngg_post_thumbnail":0,"footnotes":""},"class_list":["post-25","page","type-page","status-publish","hentry"],"acf":[],"_links":{"self":[{"href":"https:\/\/pb.edu.pl\/pakapierwszakapb\/wp-json\/wp\/v2\/pages\/25","targetHints":{"allow":["GET"]}}],"collection":[{"href":"https:\/\/pb.edu.pl\/pakapierwszakapb\/wp-json\/wp\/v2\/pages"}],"about":[{"href":"https:\/\/pb.edu.pl\/pakapierwszakapb\/wp-json\/wp\/v2\/types\/page"}],"author":[{"embeddable":true,"href":"https:\/\/pb.edu.pl\/pakapierwszakapb\/wp-json\/wp\/v2\/users\/2"}],"replies":[{"embeddable":true,"href":"https:\/\/pb.edu.pl\/pakapierwszakapb\/wp-json\/wp\/v2\/comments?post=25"}],"version-history":[{"count":2,"href":"https:\/\/pb.edu.pl\/pakapierwszakapb\/wp-json\/wp\/v2\/pages\/25\/revisions"}],"predecessor-version":[{"id":429,"href":"https:\/\/pb.edu.pl\/pakapierwszakapb\/wp-json\/wp\/v2\/pages\/25\/revisions\/429"}],"wp:attachment":[{"href":"https:\/\/pb.edu.pl\/pakapierwszakapb\/wp-json\/wp\/v2\/media?parent=25"}],"curies":[{"name":"wp","href":"https:\/\/api.w.org\/{rel}","templated":true}]}}