{"id":237,"date":"2022-08-10T16:46:33","date_gmt":"2022-08-10T14:46:33","guid":{"rendered":"https:\/\/pb.edu.pl\/pakapierwszakapb\/?page_id=237"},"modified":"2026-02-11T17:38:14","modified_gmt":"2026-02-11T16:38:14","slug":"oficjalna-komunikacja-z-uczelnia","status":"publish","type":"page","link":"https:\/\/pb.edu.pl\/pakapierwszakapb\/oficjalna-komunikacja-z-uczelnia\/","title":{"rendered":"Oficjalna komunikacja z uczelni\u0105"},"content":{"rendered":"<p>Zgodnie z \u00a7 3 <a href=\"https:\/\/bip.pb.edu.pl\/index.php?event=informacja&amp;id=17106\">Zarz\u0105dzenia nr 1098 Rektora PB z 24 marca 2020 roku<\/a>&nbsp;w sprawie korzystania z elektronicznej poczty studenckiej oraz us\u0142ugi MS Office 365 \u015bwiadczonej w Politechnice Bia\u0142ostockiej,&nbsp;<strong>studenci Politechniki Bia\u0142ostockiej s\u0105 zobowi\u0105zani do korzystania z poczty w domenie @student.pb.edu.pl<\/strong><\/p>\n<p>Oznacza to, \u017ce jedynym sposobem komunikacji elektronicznej w sprawie studi\u00f3w jest poczta w Office365 (login.microsoftonline.com). Ca\u0142a korespondencja m.in. z systemu USOSweb sp\u0142ywa wi\u0119c na poczt\u0119 w Office365, na adres uczelniany w domenie @student.pb.edu.pl.<\/p>\n<p>E-maile wysy\u0142ane z prywatnych skrzynek s\u0105 ignorowane. Tak\u017ce logowanie do Centralnego Systemu Uwierzytelniania (CAS), do USOSweb PB oraz jego mobilnego odpowiednika, Moodle, CKZ, APD nie b\u0119dzie mo\u017cliwe z prywatnego adresu e-mail.<\/p>\n<p>Instrukcj\u0119, jak rozpocz\u0105\u0107 korzystanie z pakietu MS Office, <strong>w tym z poczty elektronicznej<\/strong>, znajdziecie na stronie <a href=\"https:\/\/pb.edu.pl\/uci\/uslugi\/office-365\/\">Uczelnianego Centrum Informatycznego<\/a><\/p>\n<div>&nbsp;<\/div>\n<div class=\"h4\"><strong>Masz problem z logowaniem?<\/strong><\/div>\n<p>W przypadku problem\u00f3w z logowaniem nale\u017cy wys\u0142a\u0107 wiadomo\u015b\u0107 na adres: <a href=\"https:\/\/pb.edu.pl\/uci\/helpdesk-zglaszanie-problemow-z-obsluga-systemow\/\">Helpdesk \u2013 zg\u0142aszanie problem\u00f3w z obs\u0142ug\u0105 system\u00f3w i us\u0142ug \u2013 Uczelniane Centrum Informatyczne Politechniki Bia\u0142ostockiej (pb.edu.pl)<\/a><\/p>\n<p>Najcz\u0119\u015bciej spotykane problemy z logowaniem zosta\u0142y opisane na stronie suportu firmy Microsoft: <a href=\"http:\/\/bit.ly\/ProlemyZLogowaniemDoOffice365\">ProlemyZLogowaniemDoOffice365<\/a><\/p>\n","protected":false},"excerpt":{"rendered":"<p>Zgodnie z \u00a7 3 Zarz\u0105dzenia nr 1098 Rektora PB z 24 marca 2020 roku&nbsp;w sprawie korzystania z elektronicznej poczty studenckiej oraz us\u0142ugi MS Office 365 \u015bwiadczonej w Politechnice Bia\u0142ostockiej,&nbsp;studenci Politechniki Bia\u0142ostockiej s\u0105 zobowi\u0105zani do korzystania z poczty w domenie @student.pb.edu.pl Oznacza to, \u017ce jedynym sposobem komunikacji elektronicznej w sprawie studi\u00f3w jest poczta w Office365 (login.microsoftonline.com). [&hellip;]<\/p>\n","protected":false},"author":1,"featured_media":0,"parent":0,"menu_order":0,"comment_status":"closed","ping_status":"closed","template":"","meta":{"_acf_changed":false,"ngg_post_thumbnail":0,"footnotes":""},"class_list":["post-237","page","type-page","status-publish","hentry"],"acf":[],"_links":{"self":[{"href":"https:\/\/pb.edu.pl\/pakapierwszakapb\/wp-json\/wp\/v2\/pages\/237","targetHints":{"allow":["GET"]}}],"collection":[{"href":"https:\/\/pb.edu.pl\/pakapierwszakapb\/wp-json\/wp\/v2\/pages"}],"about":[{"href":"https:\/\/pb.edu.pl\/pakapierwszakapb\/wp-json\/wp\/v2\/types\/page"}],"author":[{"embeddable":true,"href":"https:\/\/pb.edu.pl\/pakapierwszakapb\/wp-json\/wp\/v2\/users\/1"}],"replies":[{"embeddable":true,"href":"https:\/\/pb.edu.pl\/pakapierwszakapb\/wp-json\/wp\/v2\/comments?post=237"}],"version-history":[{"count":1,"href":"https:\/\/pb.edu.pl\/pakapierwszakapb\/wp-json\/wp\/v2\/pages\/237\/revisions"}],"predecessor-version":[{"id":446,"href":"https:\/\/pb.edu.pl\/pakapierwszakapb\/wp-json\/wp\/v2\/pages\/237\/revisions\/446"}],"wp:attachment":[{"href":"https:\/\/pb.edu.pl\/pakapierwszakapb\/wp-json\/wp\/v2\/media?parent=237"}],"curies":[{"name":"wp","href":"https:\/\/api.w.org\/{rel}","templated":true}]}}