{"id":23,"date":"2021-09-02T20:48:38","date_gmt":"2021-09-02T18:48:38","guid":{"rendered":"https:\/\/pb.edu.pl\/pakapierwszakapb\/?page_id=23"},"modified":"2026-02-11T17:36:48","modified_gmt":"2026-02-11T16:36:48","slug":"usosweb-pb","status":"publish","type":"page","link":"https:\/\/pb.edu.pl\/pakapierwszakapb\/usosweb-pb\/","title":{"rendered":"USOSweb PB \u2013 poznaj ten system"},"content":{"rendered":"<h4>&nbsp;<\/h4>\n<h4><strong>Co to jest USOSweb PB?<\/strong><\/h4>\n<p>USOSweb Politechniki Bia\u0142ostockiej to elektroniczny system do obs\u0142ugi studi\u00f3w (USOS: Uniwersytecki System Obs\u0142ugi Studi\u00f3w). Sprawdzicie w nim programy zaj\u0119\u0107, warunki zalicze\u0144 oraz oceny (zaliczenia i ko\u0144cowe) wystawione przez nauczycieli akademickich. S\u0105 tu r\u00f3wnie\u017c opisy zaj\u0119\u0107 wraz z kryteriami zaliczenia i podstawow\u0105 bibliografi\u0105 znajduj\u0105c\u0105 si\u0119 w katalogu przedmiot\u00f3w.<\/p>\n<h4><strong>Pierwsze logowanie do USOS-a<br \/>\n<\/strong><\/h4>\n<p>Do pierwszego logowania do systemu <a href=\"https:\/\/usosweb.pb.edu.pl\/\">USOSweb<\/a> u\u017cyj identyfikatora (PESEL) i has\u0142a ustalonego podczas rekrutacji w systemie IRK.<\/p>\n<p>Nast\u0119pnie zatwierd\u017a \u015blubowanie &#8211; to warunek uzyskania pe\u0142nego dost\u0119pu do systemu, a tak\u017ce utworzenia Twojego konta pocztowego w Office365.<\/p>\n<p>Odbierz wiadomo\u015b\u0107 od Uczelnianego Centrum Informatycznego, kt\u00f3ra b\u0119dzie zawiera\u0107 dane dost\u0119powe do konta Office365 w domenie @student.pb.edu.pl.<\/p>\n<p>Uczelniane Centrum Informatyczne mailowo poinformuje Ci\u0119 o zmianie podstawowego adresu e-mail w systemach informatycznych. Od tego momentu do system\u00f3w uczelnianych b\u0119dziesz logowa\u0142 si\u0119 studenckim kontem. Pami\u0119taj, \u017ce komunikacja z cz\u0142onkami spo\u0142eczno\u015bci akademickiej (wyk\u0142adowcy, dziekanaty itd.) odbywa si\u0119 TYLKO za po\u015brednictwem poczty studenckiej.<\/p>\n<h4><strong>Zajrzyj do &#8222;Instrukcji studenta&#8221;<\/strong><\/h4>\n<p>Szczeg\u00f3\u0142owy opis logowania oraz funkcji w USOSweb PB dost\u0119pny jest pod adresem: <a title=\"\" href=\"https:\/\/docs.uci.pb.edu.pl\/usos\/podstawy.html\">Podstawy obs\u0142ugi systemu USOSweb<\/a><\/p>\n<h4><strong>Mobilny USOS 2.0<\/strong><\/h4>\n<p>USOSweb Politechniki Bia\u0142ostockiej jest dost\u0119pny r\u00f3wnie\u017c w wersji na smarfony. Mobilny USOS 2.0 to aplikacja dost\u0119pna bezp\u0142atnie w <a href=\"https:\/\/play.google.com\/store\/apps\/details?id=pl.edu.usos.mobilny&amp;pcampaignid=web_share\">Google Play<\/a> i <a href=\"https:\/\/apps.apple.com\/pl\/app\/mobilny-usos-2-0\/id6747705479?l=pl\">App Store<\/a> w polskiej i angielskiej wersji j\u0119zykowej. Po instalacji wystarczy z listy uczelni wybra\u0107 <strong>Politechnik\u0119 Bia\u0142ostock\u0105<\/strong>, a nast\u0119pnie zalogowa\u0107 si\u0119 danymi uczelnianymi. Aplikacja jest dost\u0119pna w wersji polskiej oraz angielskiej, co u\u0142atwia korzystanie z niej zar\u00f3wno polskim, jak i zagranicznym studentom oraz pracownikom.<\/p>\n<p>Szczeg\u00f3\u0142owe informacje dot. aplikacji znajduj\u0105 si\u0119 na stronie: <a href=\"https:\/\/pb.edu.pl\/uci\/2025\/06\/25\/mobilny-usos-2-0-nowa-odslona-aplikacji-dla-studentow-i-pracownikow-politechniki-bialostockiej\/\">Mobilny USOS 2.0<\/a><\/p>\n","protected":false},"excerpt":{"rendered":"<p>&nbsp; Co to jest USOSweb PB? USOSweb Politechniki Bia\u0142ostockiej to elektroniczny system do obs\u0142ugi studi\u00f3w (USOS: Uniwersytecki System Obs\u0142ugi Studi\u00f3w). Sprawdzicie w nim programy zaj\u0119\u0107, warunki zalicze\u0144 oraz oceny (zaliczenia i ko\u0144cowe) wystawione przez nauczycieli akademickich. S\u0105 tu r\u00f3wnie\u017c opisy zaj\u0119\u0107 wraz z kryteriami zaliczenia i podstawow\u0105 bibliografi\u0105 znajduj\u0105c\u0105 si\u0119 w katalogu przedmiot\u00f3w. Pierwsze logowanie [&hellip;]<\/p>\n","protected":false},"author":2,"featured_media":0,"parent":0,"menu_order":3,"comment_status":"closed","ping_status":"closed","template":"","meta":{"_acf_changed":false,"ngg_post_thumbnail":0,"footnotes":""},"class_list":["post-23","page","type-page","status-publish","hentry"],"acf":[],"_links":{"self":[{"href":"https:\/\/pb.edu.pl\/pakapierwszakapb\/wp-json\/wp\/v2\/pages\/23","targetHints":{"allow":["GET"]}}],"collection":[{"href":"https:\/\/pb.edu.pl\/pakapierwszakapb\/wp-json\/wp\/v2\/pages"}],"about":[{"href":"https:\/\/pb.edu.pl\/pakapierwszakapb\/wp-json\/wp\/v2\/types\/page"}],"author":[{"embeddable":true,"href":"https:\/\/pb.edu.pl\/pakapierwszakapb\/wp-json\/wp\/v2\/users\/2"}],"replies":[{"embeddable":true,"href":"https:\/\/pb.edu.pl\/pakapierwszakapb\/wp-json\/wp\/v2\/comments?post=23"}],"version-history":[{"count":3,"href":"https:\/\/pb.edu.pl\/pakapierwszakapb\/wp-json\/wp\/v2\/pages\/23\/revisions"}],"predecessor-version":[{"id":445,"href":"https:\/\/pb.edu.pl\/pakapierwszakapb\/wp-json\/wp\/v2\/pages\/23\/revisions\/445"}],"wp:attachment":[{"href":"https:\/\/pb.edu.pl\/pakapierwszakapb\/wp-json\/wp\/v2\/media?parent=23"}],"curies":[{"name":"wp","href":"https:\/\/api.w.org\/{rel}","templated":true}]}}