{"id":20,"date":"2021-09-02T20:46:47","date_gmt":"2021-09-02T18:46:47","guid":{"rendered":"https:\/\/pb.edu.pl\/pakapierwszakapb\/?page_id=20"},"modified":"2026-02-11T17:50:42","modified_gmt":"2026-02-11T16:50:42","slug":"grupy-na-facebook","status":"publish","type":"page","link":"https:\/\/pb.edu.pl\/pakapierwszakapb\/grupy-na-facebook\/","title":{"rendered":"Do\u0142\u0105cz do grup na Facebooku"},"content":{"rendered":"<p>Do\u0142\u0105cz do grup ze swojego roku na Facebooku!<\/p>\n<p>Chcecie nawi\u0105za\u0107 kontakt z innymi pierwszakami z Waszego kierunku?<\/p>\n<p>Samorz\u0105d Student\u00f3w Politechniki Bia\u0142ostockiej za\u0142o\u017cy\u0142 dla Was specjalne grupy na Facebooku.<\/p>\n<p>Tu b\u0119dziecie mogli wymienia\u0107 si\u0119 informacjami, znale\u017a\u0107 znajomych i podpyta\u0107 o wszystko starszych koleg\u00f3w.<\/p>\n<p>&nbsp;<\/p>\n<p>Grupy dla pierwszoroczniak\u00f3w na Facebooku:<br \/>\n<strong>Wydzia\u0142 Architektury (<a href=\"https:\/\/www.facebook.com\/wydzial.architektury.pb\">FB link<\/a>):<\/strong><\/p>\n<ul>\n<li><a href=\"https:\/\/www.facebook.com\/groups\/790056346964187\/?ref=share_group_link&amp;mibextid=wwXIfr&amp;rdid=36mCg6GUzwv4ZJYn&amp;share_url=https%3A%2F%2Fwww.facebook.com%2Fshare%2Fg%2F17BGN89MSE%2F%3Fmibextid%3DwwXIfr\">Architektura<\/a><\/li>\n<li><a href=\"https:\/\/www.facebook.com\/groups\/1675555496441824\/?mibextid=wwXIfr\">Architektura wn\u0119trz<\/a><\/li>\n<li><a href=\"https:\/\/www.facebook.com\/groups\/1155385246398285\/?mibextid=wwXIfr\">Grafika<\/a><\/li>\n<\/ul>\n<p><strong>Wydzia\u0142 Budownictwa i Nauk o \u015arodowisku (<a href=\"https:\/\/www.facebook.com\/wbinspb\">FB link<\/a>):<\/strong><\/p>\n<ul>\n<li><a href=\"https:\/\/www.facebook.com\/groups\/1176648224295686\/\">Agroekobiznes<\/a><\/li>\n<li><a href=\"https:\/\/www.facebook.com\/groups\/740214228882941\/\">Architektura krajobrazu<\/a><\/li>\n<li><a href=\"https:\/\/www.facebook.com\/groups\/1418665449390114\/\">Biotechnologia<\/a><\/li>\n<li><a href=\"https:\/\/www.facebook.com\/groups\/799191375838582\/\">Budownictwo<\/a><\/li>\n<li><a href=\"https:\/\/www.facebook.com\/groups\/783729784273206\/\">Gospodarka przestrzenna<\/a><\/li>\n<li><a href=\"https:\/\/www.facebook.com\/groups\/1171920374968909\/\">In\u017cynieria \u015brodowiska<\/a><\/li>\n<li><a href=\"https:\/\/www.facebook.com\/groups\/980860387469146\/\">Le\u015bnictwo<\/a><\/li>\n<\/ul>\n<p><strong>Wydzia\u0142 Elektryczny (<a href=\"https:\/\/www.facebook.com\/wydzialelektryczny\">FB link<\/a>):<\/strong><\/p>\n<ul>\n<li><a href=\"https:\/\/www.facebook.com\/groups\/1508197493509135\/\">Cyfryzacja przemys\u0142u<\/a><\/li>\n<li><a href=\"https:\/\/www.facebook.com\/groups\/623385937087925\/\">Ekoenergetyka<\/a><\/li>\n<li><a href=\"https:\/\/www.facebook.com\/groups\/2289217674834819\/\">Elektromobilno\u015b\u0107<\/a><\/li>\n<li><a href=\"https:\/\/www.facebook.com\/groups\/558066430633628\/\">Elektrotechnika<\/a><\/li>\n<li><a href=\"https:\/\/www.facebook.com\/groups\/1096275931989226\/\">Elektrotechnika \u2013 studia dualne<\/a><\/li>\n<li><a href=\"https:\/\/www.facebook.com\/groups\/556676820773784\/\">Elektronika i telekomunikacja<\/a><\/li>\n<\/ul>\n<p><strong>Wydzia\u0142 Informatyki (<a href=\"https:\/\/www.facebook.com\/winforpb\">FB link<\/a>):<\/strong><\/p>\n<ul>\n<li><a href=\"https:\/\/www.facebook.com\/groups\/779595451080661\/\">Data Science<\/a><\/li>\n<li><a href=\"https:\/\/www.facebook.com\/groups\/1309663384069660\/\">Informatyka<\/a><\/li>\n<li><a href=\"https:\/\/www.facebook.com\/groups\/3052725708240980\/\">Matematyka stosowana<\/a><\/li>\n<\/ul>\n<p><strong> Wydzia\u0142 In\u017cynierii Zarz\u0105dzania (<a title=\"\" href=\"https:\/\/www.facebook.com\/WydzialInzynieriiZarzadzaniaPB\">FB link<\/a>):<\/strong><\/p>\n<ul>\n<li><a href=\"https:\/\/www.facebook.com\/groups\/775903941749540\/\">Logistyka<\/a><\/li>\n<li><a href=\"https:\/\/www.facebook.com\/groups\/24254055980944293\/\">Turystyka i rekreacja<\/a><\/li>\n<li><a href=\"https:\/\/www.facebook.com\/groups\/1242088897684933\/\">Zarz\u0105dzanie<\/a><\/li>\n<li><a href=\"https:\/\/www.facebook.com\/groups\/24578449475137347\/\">Zarz\u0105dzanie finansami i rachunkowo\u015b\u0107<\/a><\/li>\n<li><a href=\"https:\/\/www.facebook.com\/groups\/1132743554883298\/\">Zarz\u0105dzanie i in\u017cynieria produkcji<\/a><\/li>\n<li><a href=\"https:\/\/www.facebook.com\/groups\/646214444879506\/\">Zarz\u0105dzanie projektami<\/a><\/li>\n<\/ul>\n<p><strong> Wydzia\u0142 Mechaniczny (<a title=\"\" href=\"https:\/\/www.facebook.com\/wydzialmechaniczny.pb\">FB link<\/a>):<\/strong><\/p>\n<ul>\n<li><a href=\"https:\/\/www.facebook.com\/groups\/1317178763452892\/\">Automatyka i robotyka<\/a><\/li>\n<li><a href=\"https:\/\/www.facebook.com\/groups\/24740449748881009\/\">In\u017cynieria biomedyczna<\/a><\/li>\n<li><a href=\"https:\/\/www.facebook.com\/groups\/2271115630071967\/\">Mechanika i budowa maszyn<\/a><\/li>\n<li><a href=\"https:\/\/www.facebook.com\/groups\/1732439837403463\/\">Mechatronika<\/a><\/li>\n<li><a href=\"https:\/\/www.facebook.com\/groups\/2142763272879511\/\">Transport<\/a><\/li>\n<\/ul>\n<p>&nbsp;<\/p>\n","protected":false},"excerpt":{"rendered":"<p>Do\u0142\u0105cz do grup ze swojego roku na Facebooku! Chcecie nawi\u0105za\u0107 kontakt z innymi pierwszakami z Waszego kierunku? Samorz\u0105d Student\u00f3w Politechniki Bia\u0142ostockiej za\u0142o\u017cy\u0142 dla Was specjalne grupy na Facebooku. Tu b\u0119dziecie mogli wymienia\u0107 si\u0119 informacjami, znale\u017a\u0107 znajomych i podpyta\u0107 o wszystko starszych koleg\u00f3w. &nbsp; Grupy dla pierwszoroczniak\u00f3w na Facebooku: Wydzia\u0142 Architektury (FB link): Architektura Architektura wn\u0119trz [&hellip;]<\/p>\n","protected":false},"author":2,"featured_media":0,"parent":0,"menu_order":2,"comment_status":"closed","ping_status":"closed","template":"","meta":{"_acf_changed":false,"ngg_post_thumbnail":0,"footnotes":""},"class_list":["post-20","page","type-page","status-publish","hentry"],"acf":[],"_links":{"self":[{"href":"https:\/\/pb.edu.pl\/pakapierwszakapb\/wp-json\/wp\/v2\/pages\/20","targetHints":{"allow":["GET"]}}],"collection":[{"href":"https:\/\/pb.edu.pl\/pakapierwszakapb\/wp-json\/wp\/v2\/pages"}],"about":[{"href":"https:\/\/pb.edu.pl\/pakapierwszakapb\/wp-json\/wp\/v2\/types\/page"}],"author":[{"embeddable":true,"href":"https:\/\/pb.edu.pl\/pakapierwszakapb\/wp-json\/wp\/v2\/users\/2"}],"replies":[{"embeddable":true,"href":"https:\/\/pb.edu.pl\/pakapierwszakapb\/wp-json\/wp\/v2\/comments?post=20"}],"version-history":[{"count":2,"href":"https:\/\/pb.edu.pl\/pakapierwszakapb\/wp-json\/wp\/v2\/pages\/20\/revisions"}],"predecessor-version":[{"id":456,"href":"https:\/\/pb.edu.pl\/pakapierwszakapb\/wp-json\/wp\/v2\/pages\/20\/revisions\/456"}],"wp:attachment":[{"href":"https:\/\/pb.edu.pl\/pakapierwszakapb\/wp-json\/wp\/v2\/media?parent=20"}],"curies":[{"name":"wp","href":"https:\/\/api.w.org\/{rel}","templated":true}]}}