{"id":18,"date":"2021-09-02T20:46:18","date_gmt":"2021-09-02T18:46:18","guid":{"rendered":"https:\/\/pb.edu.pl\/pakapierwszakapb\/?page_id=18"},"modified":"2026-02-11T17:15:34","modified_gmt":"2026-02-11T16:15:34","slug":"rok-akademicki","status":"publish","type":"page","link":"https:\/\/pb.edu.pl\/pakapierwszakapb\/rok-akademicki\/","title":{"rendered":"Pocz\u0105tek roku akademickiego"},"content":{"rendered":"<p>Rok akademicki 2025\/2026 rozpocznie si\u0119 w \u015brod\u0119, 1 pa\u017adziernika 2025 roku.<\/p>\n<p>Od tego dnia w waszym planie zaj\u0119\u0107 w uczelni mog\u0105 pojawi\u0107 si\u0119 wyk\u0142ady dla ca\u0142ego roku, \u0107wiczenia dla poszczeg\u00f3lnych grup, czy tzw. laborki.<\/p>\n<p>Informacje zwi\u0105zane z planem zaj\u0119\u0107 dla ka\u017cdego kierunku dost\u0119pne s\u0105 na stronach wydzia\u0142owych oraz w systemie <a href=\"https:\/\/pb.edu.pl\/pakapierwszakapb\/usosweb-pb\/\">USOSweb Politechniki Bia\u0142ostockiej<\/a>.<\/p>\n<p>Szczeg\u00f3\u0142owy opis logowania oraz funkcji w USOSweb PB dost\u0119pny jest pod adresem: <a href=\"https:\/\/docs.uci.pb.edu.pl\/usos\/podstawy.html\">Podstawy obs\u0142ugi systemu USOSweb &#8211; Docs UCI PB &#8211; dokumentacja<\/a><\/p>\n<p><strong>Harmonogram roku akademickiego znajdziecie w zak\u0142adce <a href=\"https:\/\/pb.edu.pl\/kalendarz-akademicki\/\">KALENDARZ AKADEMICKI<\/a><\/strong><\/p>\n<p>W zak\u0142adce <a href=\"https:\/\/pb.edu.pl\/kalendarz-akademicki\/\">KALENDARZ AKADEMICKI<\/a> znajdziecie te\u017c terminarz zjazd\u00f3w na studiach niestacjonarnych.<\/p>\n<p>A kiedy mo\u017cna liczy\u0107 na d\u0142u\u017cszy wypoczynek?<\/p>\n<p>Zgodnie z kalendarzem roku akademickiego 2025\/2026 zaj\u0119cia dydaktyczne w semestrze zimowym zako\u0144cz\u0105 si\u0119 w 23 grudnia. Od 2 lutego zaczyna si\u0119 podstawowa sesja zimowa, a w dniach 16-22 lutego przewidziana jest rejestracja na nowy semestr. Semestr letni zaczyna si\u0119 23 lutego 2026 r. i ko\u0144czy 30 wrze\u015bnia 2026 r. Sesja egzaminacyjna w semestrze letnim zacznie si\u0119 20 czerwca 2026 r.<\/p>\n","protected":false},"excerpt":{"rendered":"<p>Rok akademicki 2025\/2026 rozpocznie si\u0119 w \u015brod\u0119, 1 pa\u017adziernika 2025 roku. Od tego dnia w waszym planie zaj\u0119\u0107 w uczelni mog\u0105 pojawi\u0107 si\u0119 wyk\u0142ady dla ca\u0142ego roku, \u0107wiczenia dla poszczeg\u00f3lnych grup, czy tzw. laborki. Informacje zwi\u0105zane z planem zaj\u0119\u0107 dla ka\u017cdego kierunku dost\u0119pne s\u0105 na stronach wydzia\u0142owych oraz w systemie USOSweb Politechniki Bia\u0142ostockiej. Szczeg\u00f3\u0142owy opis [&hellip;]<\/p>\n","protected":false},"author":2,"featured_media":0,"parent":0,"menu_order":1,"comment_status":"closed","ping_status":"closed","template":"","meta":{"_acf_changed":false,"ngg_post_thumbnail":0,"footnotes":""},"class_list":["post-18","page","type-page","status-publish","hentry"],"acf":[],"_links":{"self":[{"href":"https:\/\/pb.edu.pl\/pakapierwszakapb\/wp-json\/wp\/v2\/pages\/18","targetHints":{"allow":["GET"]}}],"collection":[{"href":"https:\/\/pb.edu.pl\/pakapierwszakapb\/wp-json\/wp\/v2\/pages"}],"about":[{"href":"https:\/\/pb.edu.pl\/pakapierwszakapb\/wp-json\/wp\/v2\/types\/page"}],"author":[{"embeddable":true,"href":"https:\/\/pb.edu.pl\/pakapierwszakapb\/wp-json\/wp\/v2\/users\/2"}],"replies":[{"embeddable":true,"href":"https:\/\/pb.edu.pl\/pakapierwszakapb\/wp-json\/wp\/v2\/comments?post=18"}],"version-history":[{"count":1,"href":"https:\/\/pb.edu.pl\/pakapierwszakapb\/wp-json\/wp\/v2\/pages\/18\/revisions"}],"predecessor-version":[{"id":427,"href":"https:\/\/pb.edu.pl\/pakapierwszakapb\/wp-json\/wp\/v2\/pages\/18\/revisions\/427"}],"wp:attachment":[{"href":"https:\/\/pb.edu.pl\/pakapierwszakapb\/wp-json\/wp\/v2\/media?parent=18"}],"curies":[{"name":"wp","href":"https:\/\/api.w.org\/{rel}","templated":true}]}}