{"id":15,"date":"2021-09-02T20:42:40","date_gmt":"2021-09-02T18:42:40","guid":{"rendered":"https:\/\/pb.edu.pl\/pakapierwszakapb\/?page_id=15"},"modified":"2026-01-12T11:09:49","modified_gmt":"2026-01-12T10:09:49","slug":"home","status":"publish","type":"page","link":"https:\/\/pb.edu.pl\/pakapierwszakapb\/","title":{"rendered":"Home"},"content":{"rendered":"<p>&nbsp;<\/p>\n<p><a href=\"https:\/\/kandydacipb.edu.pl\/wp-content\/uploads\/2026\/01\/Przewodnik-studenta-I-roku-PB-wersja-dostepna-cyfrowo.pdf\" title=\"PDF, 3 MB\"><img loading=\"lazy\" decoding=\"async\" src=\"https:\/\/pb.edu.pl\/pakapierwszakapb\/wp-content\/uploads\/sites\/70\/2025\/12\/Przewodnik-studenta-I-roku-PB-button.png\" alt=\"Przewodnik studenta I roku\" width=\"1146\" height=\"170\" class=\"aligncenter size-full wp-image-422\" srcset=\"https:\/\/pb.edu.pl\/pakapierwszakapb\/wp-content\/uploads\/sites\/70\/2025\/12\/Przewodnik-studenta-I-roku-PB-button.png 1146w, https:\/\/pb.edu.pl\/pakapierwszakapb\/wp-content\/uploads\/sites\/70\/2025\/12\/Przewodnik-studenta-I-roku-PB-button-300x45.png 300w, https:\/\/pb.edu.pl\/pakapierwszakapb\/wp-content\/uploads\/sites\/70\/2025\/12\/Przewodnik-studenta-I-roku-PB-button-1024x152.png 1024w, https:\/\/pb.edu.pl\/pakapierwszakapb\/wp-content\/uploads\/sites\/70\/2025\/12\/Przewodnik-studenta-I-roku-PB-button-768x114.png 768w\" sizes=\"auto, (max-width: 1146px) 100vw, 1146px\" \/><\/a><\/p>\n    <div class=\"boxes\">\n        <a href=\"https:\/\/pb.edu.pl\/pakapierwszakapb\/rok-akademicki\/\" target=\"\" title=\"Rok akademicki\" class=\"boxes-item\"  style=\"--color:#b55a00\"><span class=\"icon\"><i class=\"fal fa-graduation-cap\"><\/i><\/span> Rok akademicki<\/a>\n        <a href=\"https:\/\/pb.edu.pl\/pakapierwszakapb\/przed-rozpoczeciem-zajec\/\" target=\"\" title=\"Przed rozpocz\u0119ciem zaj\u0119\u0107\" class=\"boxes-item\"  style=\"--color:#0079be\"><span class=\"icon\"><i class=\"fal fa-calendar-minus\"><\/i><\/span> Przed rozpocz\u0119ciem zaj\u0119\u0107<\/a>\n        <a href=\"https:\/\/pb.edu.pl\/pakapierwszakapb\/kampus-pb\/\" target=\"\" title=\"Kampus PB\" class=\"boxes-item\"  style=\"--color:#a3014a\"><span class=\"icon\"><i class=\"fal fa-street-view\"><\/i><\/span> Kampus PB<\/a>\n        <a href=\"https:\/\/pb.edu.pl\/pakapierwszakapb\/kto-jest-kim-na-uczelni\/\" target=\"\" title=\"Struktura uczelni i s\u0142owniczek\" class=\"boxes-item\"  style=\"--color:#2d7017\"><span class=\"icon\"><i class=\"fa-regular fa-building-columns\"><\/i><\/span> Struktura uczelni i s\u0142owniczek<\/a>\n        <a href=\"https:\/\/pb.edu.pl\/pakapierwszakapb\/dziekanat\/\" target=\"\" title=\"Dziekanat\" class=\"boxes-item\"  style=\"--color:#5b1db7\"><span class=\"icon\"><i class=\"fal fa-briefcase\"><\/i><\/span> Dziekanat<\/a>\n        <a href=\"https:\/\/pb.edu.pl\/pakapierwszakapb\/legitymacja-studencka\/\" target=\"\" title=\"Legitymacja studencka\" class=\"boxes-item\"  style=\"--color:#3b8085\"><span class=\"icon\"><i class=\"fal fa-id-card\"><\/i><\/span> Legitymacja studencka<\/a>\n        <a href=\"https:\/\/pb.edu.pl\/pakapierwszakapb\/stypendia\/\" target=\"\" title=\"Stypendia\" class=\"boxes-item\"  style=\"--color:#af8401\"><span class=\"icon\"><i class=\"fal fa-coin\"><\/i><\/span> Stypendia<\/a>\n        <a href=\"https:\/\/pb.edu.pl\/pakapierwszakapb\/rozklad-zajec\/\" target=\"\" title=\"Rozk\u0142ad zaj\u0119\u0107\" class=\"boxes-item\"  style=\"--color:#000000\"><span class=\"icon\"><i class=\"fal fa-clipboard-list\"><\/i><\/span> Rozk\u0142ad zaj\u0119\u0107<\/a>\n        <a href=\"https:\/\/pb.edu.pl\/pakapierwszakapb\/usosweb-pb\/\" target=\"\" title=\"USOSweb PB\" class=\"boxes-item\"  style=\"--color:#7668a8\"><span class=\"icon\"><i class=\"fal fa-laptop-code\"><\/i><\/span> USOSweb PB<\/a>\n        <a href=\"https:\/\/pb.edu.pl\/pakapierwszakapb\/oficjalna-komunikacja-z-uczelnia\/\" target=\"\" title=\"Oficjalna komunikacja z uczelni\u0105\" class=\"boxes-item\"  style=\"--color:#89b56e\"><span class=\"icon\"><i class=\"fa-light fa-envelopes-bulk\"><\/i><\/span> Oficjalna komunikacja z uczelni\u0105<\/a>\n        <a href=\"https:\/\/pb.edu.pl\/pakapierwszakapb\/uczelniane-systemy-it\/\" target=\"\" title=\"Uczelniane systemy IT\" class=\"boxes-item\"  style=\"--color:#768196\"><span class=\"icon\"><i class=\"fal fa-sitemap\"><\/i><\/span> Uczelniane systemy IT<\/a>\n        <a href=\"https:\/\/pb.edu.pl\/pakapierwszakapb\/wi-fi-na-pb\/\" target=\"\" title=\"Wi-Fi na PB\" class=\"boxes-item\"  style=\"--color:#e55834\"><span class=\"icon\"><i class=\"fal fa-wifi\"><\/i><\/span> Wi-Fi na PB<\/a>\n        <a href=\"https:\/\/pb.edu.pl\/pakapierwszakapb\/dostepna-pb\/\" target=\"\" title=\"Dost\u0119pna PB\" class=\"boxes-item\"  style=\"--color:#a66203\"><span class=\"icon\"><i class=\"fal fa-wheelchair\"><\/i><\/span> Dost\u0119pna PB<\/a>\n        <a href=\"https:\/\/pb.edu.pl\/pakapierwszakapb\/biblioteka-pb\/\" target=\"\" title=\"Biblioteka PB\" class=\"boxes-item\"  style=\"--color:#c1b017\"><span class=\"icon\"><i class=\"fal fa-books\"><\/i><\/span> Biblioteka PB<\/a>\n        <a href=\"https:\/\/pb.edu.pl\/pakapierwszakapb\/sport\/\" target=\"\" title=\"Sport\" class=\"boxes-item\"  style=\"--color:#004f2c\"><span class=\"icon\"><i class=\"fa-light fa-whistle\"><\/i><\/span> Sport<\/a>\n        <a href=\"https:\/\/pb.edu.pl\/pakapierwszakapb\/pomoc-psychologiczna-w-pb\/\" target=\"\" title=\"Wsparcie psychologiczne\" class=\"boxes-item\"  style=\"--color:#8a21d1\"><span class=\"icon\"><i class=\"fal fa-smile\"><\/i><\/span> Wsparcie psychologiczne<\/a>\n        <a href=\"https:\/\/pb.edu.pl\/pakapierwszakapb\/samorzad-studentow-pb\/\" target=\"\" title=\"Samorz\u0105d Student\u00f3w PB\" class=\"boxes-item\"  style=\"--color:#000000\"><span class=\"icon\"><i class=\"fal fa-users\"><\/i><\/span> Samorz\u0105d Student\u00f3w PB<\/a>\n        <a href=\"https:\/\/pb.edu.pl\/pakapierwszakapb\/grupy-na-facebook\/\" target=\"\" title=\"Grupy na Facebook\" class=\"boxes-item\"  style=\"--color:#1670bf\"><span class=\"icon\"><i class=\"fal fa-handshake\"><\/i><\/span> Grupy na Facebook<\/a>\n        <a href=\"https:\/\/pb.edu.pl\/pakapierwszakapb\/przewodniki-wydzialowe\/\" target=\"\" title=\"Przewodniki  wydzia\u0142owe\" class=\"boxes-item\"  style=\"--color:#3b8085\"><span class=\"icon\"><i class=\"fal fa-folder-tree\"><\/i><\/span> Przewodniki  wydzia\u0142owe<\/a>\n        <a href=\"https:\/\/pb.edu.pl\/pakapierwszakapb\/wazne-www\/\" target=\"\" title=\"Wa\u017cne www\" class=\"boxes-item\"  style=\"--color:#9e2a00\"><span class=\"icon\"><i class=\"fal fa-browser\"><\/i><\/span> Wa\u017cne www<\/a>\n      <\/div>\n  \n\n<div class=\"row justify-content-center\">\n<div class=\"col-12 col-md-8\">\n<div class=\"text-center\">\n<div class=\"h1\">Gratulacje! Jeste\u015b ju\u017c z nami!<\/div>\n<p>Witaj w gronie student\u00f3w Politechniki Bia\u0142ostockiej! Jest nas prawie 7 tysi\u0119cy!<br \/>\nStudiujemy, bo chcemy wiedzie\u0107 wi\u0119cej, mie\u0107 fajn\u0105 prac\u0119, rozwija\u0107 swoje pasje, ale te\u017c ciekawie sp\u0119dza\u0107 czas wolny i nawi\u0105zywa\u0107 przyja\u017anie na ca\u0142e \u017cycie! \u017beby na starcie poczu\u0107 si\u0119 u nas jak w domu czeka na Was nasza Paka Pierwszaka. Tu znajdziecie niemal wszystko, o co chcieliby\u015bcie zapyta\u0107. Nie martwcie si\u0119 o nic \u2013 b\u0119dzie z nas razem fajna paka.<\/p>\n<div class=\"h3 mt-5\" style=\"color: #9e2a00\"><strong>No to zaczynamy!<\/strong><\/div>\n<\/div>\n<\/div>\n<\/div>\n","protected":false},"excerpt":{"rendered":"<p>&nbsp; Gratulacje! Jeste\u015b ju\u017c z nami! Witaj w gronie student\u00f3w Politechniki Bia\u0142ostockiej! Jest nas prawie 7 tysi\u0119cy! Studiujemy, bo chcemy wiedzie\u0107 wi\u0119cej, mie\u0107 fajn\u0105 prac\u0119, rozwija\u0107 swoje pasje, ale te\u017c ciekawie sp\u0119dza\u0107 czas wolny i nawi\u0105zywa\u0107 przyja\u017anie na ca\u0142e \u017cycie! \u017beby na starcie poczu\u0107 si\u0119 u nas jak w domu czeka na Was nasza Paka [&hellip;]<\/p>\n","protected":false},"author":2,"featured_media":0,"parent":0,"menu_order":0,"comment_status":"closed","ping_status":"closed","template":"","meta":{"_acf_changed":false,"ngg_post_thumbnail":0,"footnotes":""},"class_list":["post-15","page","type-page","status-publish","hentry"],"acf":[],"_links":{"self":[{"href":"https:\/\/pb.edu.pl\/pakapierwszakapb\/wp-json\/wp\/v2\/pages\/15","targetHints":{"allow":["GET"]}}],"collection":[{"href":"https:\/\/pb.edu.pl\/pakapierwszakapb\/wp-json\/wp\/v2\/pages"}],"about":[{"href":"https:\/\/pb.edu.pl\/pakapierwszakapb\/wp-json\/wp\/v2\/types\/page"}],"author":[{"embeddable":true,"href":"https:\/\/pb.edu.pl\/pakapierwszakapb\/wp-json\/wp\/v2\/users\/2"}],"replies":[{"embeddable":true,"href":"https:\/\/pb.edu.pl\/pakapierwszakapb\/wp-json\/wp\/v2\/comments?post=15"}],"version-history":[{"count":0,"href":"https:\/\/pb.edu.pl\/pakapierwszakapb\/wp-json\/wp\/v2\/pages\/15\/revisions"}],"wp:attachment":[{"href":"https:\/\/pb.edu.pl\/pakapierwszakapb\/wp-json\/wp\/v2\/media?parent=15"}],"curies":[{"name":"wp","href":"https:\/\/api.w.org\/{rel}","templated":true}]}}