{"id":47,"date":"2017-11-22T21:43:32","date_gmt":"2017-11-22T20:43:32","guid":{"rendered":"https:\/\/pb.edu.pl\/owi\/?page_id=47"},"modified":"2020-12-28T21:53:34","modified_gmt":"2020-12-28T20:53:34","slug":"uslugi-dla-firm","status":"publish","type":"page","link":"https:\/\/pb.edu.pl\/owi\/oferta\/uslugi-dla-firm\/","title":{"rendered":"Us\u0142ugi dla firm"},"content":{"rendered":"<p><strong>Przedsi\u0119biorcy i osoby prywatne, kt\u00f3re nie nale\u017c\u0105 do spo\u0142eczno\u015bci akademickiej PB<\/strong> mog\u0105 uzyska\u0107 w O\u015brodku wsparcie poprzez udost\u0119pnianie przez pracownik\u00f3w o\u015brodka literatury patentowej oraz publikacji z zakresu ochrony w\u0142asno\u015bci przemys\u0142owej. O\u015brodek zapewnienia dost\u0119p do og\u00f3lne dost\u0119pnych bezp\u0142atnych patentowych baz danych wynalazk\u00f3w. Udzielane s\u0105 r\u00f3wnie\u017c podstawowe informacje wspomagaj\u0105ce wykonywanie poszukiwa\u0144 w zasobach informacji patentowej oraz informacje nt. procedur obowi\u0105zuj\u0105cych przed Urz\u0119dem Patentowym Rzeczypospolitej Polskiej (UPRP), Europejskim Urz\u0119dem Patentowym (ang. European Patent Organization &#8211; EPO), \u015awiatow\u0105 Organizacj\u0105 W\u0142asno\u015bci Intelektualnej (ang. World Intellectual Property Organization &#8211; WIPO), Urz\u0119dem Unii Europejskiej ds. W\u0142asno\u015bci Intelektualnej (ang. European Union Intellectual Property Office &#8211; EUIPO).<\/p>\n<p>O\u015brodek Ochrony W\u0142asno\u015bci Intelektualnej \u015bwiadczy r\u00f3wnie\u017c odp\u0142atnie us\u0142ugi na rzecz podmiot\u00f3w pozauczelnianych na podstawie odr\u0119bnych um\u00f3w. Zakres dzia\u0142a\u0144 obejmuje w szczeg\u00f3lno\u015bci:<\/p>\n<ul>\n<li>przygotowanie opinii z zakresu ochrony w\u0142asno\u015bci przemys\u0142owej,<\/li>\n<li>opracowanie umowy dotycz\u0105cej prawa w\u0142asno\u015bci przemys\u0142owej,<\/li>\n<li>badanie stanu techniki,<\/li>\n<li>badanie zdolno\u015bci patentowej,<\/li>\n<li>sporz\u0105dzenie dokumentacji zg\u0142oszeniowej przedmiot\u00f3w w\u0142asno\u015bci przemys\u0142owej.<\/li>\n<\/ul>\n<p>Kalkulacje cenowe s\u0105 sporz\u0105dzane w zale\u017cno\u015bci od rodzaju i stopnia skomplikowania sprawy oraz wymaganego nak\u0142adu pracy.<\/p>\n","protected":false},"excerpt":{"rendered":"<p>Przedsi\u0119biorcy i osoby prywatne, kt\u00f3re nie nale\u017c\u0105 do spo\u0142eczno\u015bci akademickiej PB mog\u0105 uzyska\u0107 w O\u015brodku<\/p>\n","protected":false},"author":2,"featured_media":0,"parent":21,"menu_order":2,"comment_status":"closed","ping_status":"closed","template":"","meta":{"_acf_changed":false,"ngg_post_thumbnail":0,"footnotes":""},"class_list":["post-47","page","type-page","status-publish","hentry"],"acf":[],"_links":{"self":[{"href":"https:\/\/pb.edu.pl\/owi\/wp-json\/wp\/v2\/pages\/47","targetHints":{"allow":["GET"]}}],"collection":[{"href":"https:\/\/pb.edu.pl\/owi\/wp-json\/wp\/v2\/pages"}],"about":[{"href":"https:\/\/pb.edu.pl\/owi\/wp-json\/wp\/v2\/types\/page"}],"author":[{"embeddable":true,"href":"https:\/\/pb.edu.pl\/owi\/wp-json\/wp\/v2\/users\/2"}],"replies":[{"embeddable":true,"href":"https:\/\/pb.edu.pl\/owi\/wp-json\/wp\/v2\/comments?post=47"}],"version-history":[{"count":0,"href":"https:\/\/pb.edu.pl\/owi\/wp-json\/wp\/v2\/pages\/47\/revisions"}],"up":[{"embeddable":true,"href":"https:\/\/pb.edu.pl\/owi\/wp-json\/wp\/v2\/pages\/21"}],"wp:attachment":[{"href":"https:\/\/pb.edu.pl\/owi\/wp-json\/wp\/v2\/media?parent=47"}],"curies":[{"name":"wp","href":"https:\/\/api.w.org\/{rel}","templated":true}]}}