{"id":381,"date":"2021-12-09T17:40:57","date_gmt":"2021-12-09T16:40:57","guid":{"rendered":"https:\/\/pb.edu.pl\/owi\/?page_id=381"},"modified":"2021-12-13T10:22:47","modified_gmt":"2021-12-13T09:22:47","slug":"informacje-o-osrodku-wlasnosci-intelektualnej-w-tekscie-latwym-do-czytania-etr","status":"publish","type":"page","link":"https:\/\/pb.edu.pl\/owi\/o-nas\/informacje-o-osrodku-wlasnosci-intelektualnej-w-tekscie-latwym-do-czytania-etr\/","title":{"rendered":"Informacje o O\u015brodku W\u0142asno\u015bci Intelektualnej w tek\u015bcie \u0142atwym do czytania \u2013 ETR"},"content":{"rendered":"<div style=\"font-size: 1.8rem\">\n<p>W O\u015brodku W\u0142asno\u015bci Intelektualnej zajmujemy si\u0119 wynalazkami, kt\u00f3re powsta\u0142y na Uczelni.<\/p>\n<p>Pomagamy studentom i pracownikom w dziedzinie w\u0142asno\u015bci przemys\u0142owej.<\/p>\n<p>Dowiesz si\u0119 u nas po co i jak szuka\u0107 w patentowych bazach danych.<\/p>\n<p>Udost\u0119pniamy publikacje o patentach, wzorach, znakach towarowych i prawach autorskich.<\/p>\n<p>&nbsp;<\/p>\n<p>Mo\u017cesz przyj\u015b\u0107 do O\u015brodka od poniedzia\u0142ku do pi\u0105tku, od godziny 7.30 do 15.30.<\/p>\n<p>O\u015brodek znajduje si\u0119 w budynku Wydzia\u0142u Informatyki przy ulicy Wiejskiej 45A, w pokoju 16B.<\/p>\n<p>Mo\u017cesz zadzwoni\u0107 na numer 85 746 70 14.<\/p>\n<p>Mo\u017cesz wys\u0142a\u0107 e-mail na adres: owi@pb.edu.pl<\/p>\n<\/div>\n","protected":false},"excerpt":{"rendered":"<p>W O\u015brodku W\u0142asno\u015bci Intelektualnej zajmujemy si\u0119 wynalazkami, kt\u00f3re powsta\u0142y na Uczelni. Pomagamy studentom i pracownikom<\/p>\n","protected":false},"author":2,"featured_media":0,"parent":19,"menu_order":1,"comment_status":"closed","ping_status":"closed","template":"","meta":{"_acf_changed":false,"ngg_post_thumbnail":0,"footnotes":""},"class_list":["post-381","page","type-page","status-publish","hentry"],"acf":[],"_links":{"self":[{"href":"https:\/\/pb.edu.pl\/owi\/wp-json\/wp\/v2\/pages\/381","targetHints":{"allow":["GET"]}}],"collection":[{"href":"https:\/\/pb.edu.pl\/owi\/wp-json\/wp\/v2\/pages"}],"about":[{"href":"https:\/\/pb.edu.pl\/owi\/wp-json\/wp\/v2\/types\/page"}],"author":[{"embeddable":true,"href":"https:\/\/pb.edu.pl\/owi\/wp-json\/wp\/v2\/users\/2"}],"replies":[{"embeddable":true,"href":"https:\/\/pb.edu.pl\/owi\/wp-json\/wp\/v2\/comments?post=381"}],"version-history":[{"count":0,"href":"https:\/\/pb.edu.pl\/owi\/wp-json\/wp\/v2\/pages\/381\/revisions"}],"up":[{"embeddable":true,"href":"https:\/\/pb.edu.pl\/owi\/wp-json\/wp\/v2\/pages\/19"}],"wp:attachment":[{"href":"https:\/\/pb.edu.pl\/owi\/wp-json\/wp\/v2\/media?parent=381"}],"curies":[{"name":"wp","href":"https:\/\/api.w.org\/{rel}","templated":true}]}}