{"id":29,"date":"2017-11-22T21:40:36","date_gmt":"2017-11-22T20:40:36","guid":{"rendered":"https:\/\/pb.edu.pl\/owi\/?page_id=29"},"modified":"2025-09-17T07:55:46","modified_gmt":"2025-09-17T05:55:46","slug":"kontakt","status":"publish","type":"page","link":"https:\/\/pb.edu.pl\/owi\/kontakt\/","title":{"rendered":"Kontakt"},"content":{"rendered":"<div class=\"h3\">O\u015brodek W\u0142asno\u015bci Intelektualnej Politechniki Bia\u0142ostockiej<\/div>\n<p>ul. Wiejska 45A<br \/>\n15-351 Bia\u0142ystok<br \/>\npok. B2<\/p>\n<p><i class=\"fal fa-phone\"><\/i> 85 746 7014<br \/>\n<i class=\"fal fa-envelope\"><\/i> <a href=\"#\" rel=\"nofollow\"  onclick=\"this.href='mailto:' + 'owi' + '@' + 'pb.edu.pl'\">owi [at] pb.edu.pl<\/a>\n&nbsp;<br \/>\n&nbsp;<\/p>\n<div class=\"h4\">Godziny pracy:<\/div>\n<p>Poniedzia\u0142ek \u2013 Pi\u0105tek 7:30 \u2013 15:30<\/p>\n<div>&nbsp;<\/div>\n<div class=\"h4\">Pracownicy:<\/div>\n<p>Ma\u0142gorzata Turecka &#8211; <a href=\"#\" rel=\"nofollow\"  onclick=\"this.href='mailto:' + 'malgorzata.turecka' + '@' + 'pb.edu.pl'\">malgorzata.turecka [at] pb.edu.pl<\/a>\n<p>&nbsp;<\/p>\n<p><strong>Dy\u017cur rzecznika patentowego, mgr. in\u017c. Arkadiusza Stankiewicza codziennie w godzinach 7:30 &#8211; 15:30 w budynku CNK (ul. Zwierzyniecka 16, p.P-1\/02).&nbsp;<\/strong><\/p>\n<p>Kontakt:<br \/>\n<a href=\"#\" rel=\"nofollow\"  onclick=\"this.href='mailto:' + 'rzecznik.patentowy' + '@' + 'pb.edu.pl'\">rzecznik.patentowy [at] pb.edu.pl<\/a>\n","protected":false},"excerpt":{"rendered":"<p>O\u015brodek W\u0142asno\u015bci Intelektualnej Politechniki Bia\u0142ostockiej ul. Wiejska 45A 15-351 Bia\u0142ystok pok. B2 85 746 7014<\/p>\n","protected":false},"author":2,"featured_media":0,"parent":0,"menu_order":8,"comment_status":"closed","ping_status":"closed","template":"","meta":{"_acf_changed":false,"ngg_post_thumbnail":0,"footnotes":""},"class_list":["post-29","page","type-page","status-publish","hentry"],"acf":[],"_links":{"self":[{"href":"https:\/\/pb.edu.pl\/owi\/wp-json\/wp\/v2\/pages\/29","targetHints":{"allow":["GET"]}}],"collection":[{"href":"https:\/\/pb.edu.pl\/owi\/wp-json\/wp\/v2\/pages"}],"about":[{"href":"https:\/\/pb.edu.pl\/owi\/wp-json\/wp\/v2\/types\/page"}],"author":[{"embeddable":true,"href":"https:\/\/pb.edu.pl\/owi\/wp-json\/wp\/v2\/users\/2"}],"replies":[{"embeddable":true,"href":"https:\/\/pb.edu.pl\/owi\/wp-json\/wp\/v2\/comments?post=29"}],"version-history":[{"count":0,"href":"https:\/\/pb.edu.pl\/owi\/wp-json\/wp\/v2\/pages\/29\/revisions"}],"wp:attachment":[{"href":"https:\/\/pb.edu.pl\/owi\/wp-json\/wp\/v2\/media?parent=29"}],"curies":[{"name":"wp","href":"https:\/\/api.w.org\/{rel}","templated":true}]}}