{"id":27,"date":"2017-11-22T21:40:20","date_gmt":"2017-11-22T20:40:20","guid":{"rendered":"https:\/\/pb.edu.pl\/owi\/?page_id=27"},"modified":"2026-03-06T09:41:46","modified_gmt":"2026-03-06T08:41:46","slug":"komercjalizacja","status":"publish","type":"page","link":"https:\/\/pb.edu.pl\/owi\/komercjalizacja\/","title":{"rendered":"Komercjalizacja"},"content":{"rendered":"<p>Informacje na temat mo\u017cliwo\u015bci komercjalizacji uzyskasz w Centrum Transferu Technologii Politechniki Bia\u0142ostockiej.<\/p>\n<p><a title=\"CTT\" href=\"https:\/\/pb.edu.pl\/ctt\/\" target=\"_blank\" rel=\"noopener\"><img loading=\"lazy\" decoding=\"async\" class=\"alignnone size-medium wp-image-503\" src=\"https:\/\/pb.edu.pl\/owi\/wp-content\/uploads\/sites\/12\/2026\/03\/2025-01-LOGO-CTTPB-kolor-CMYK-300x160.jpg\" alt=\"\" width=\"300\" height=\"160\" srcset=\"https:\/\/pb.edu.pl\/owi\/wp-content\/uploads\/sites\/12\/2026\/03\/2025-01-LOGO-CTTPB-kolor-CMYK-300x160.jpg 300w, https:\/\/pb.edu.pl\/owi\/wp-content\/uploads\/sites\/12\/2026\/03\/2025-01-LOGO-CTTPB-kolor-CMYK.jpg 739w\" sizes=\"auto, (max-width: 300px) 100vw, 300px\" \/><\/a><\/p>\n<p>Dorobek bada\u0144 naukowych i prac rozwojowych pracownik\u00f3w Politechniki Bia\u0142ostockiej, na kt\u00f3re uzyskano patenty lub ochron\u0119 wzor\u00f3w u\u017cytkowych i wzor\u00f3w przemys\u0142owych dost\u0119pne s\u0105 w <a href=\"https:\/\/bazawiedzy.pb.edu.pl\/search\/patent?ps=20&amp;t=simple&amp;showRel=false&amp;lang=pl&amp;qp=&amp;cid=343126\">Bazie Patent\u00f3w Politechniki Bia\u0142ostockiej<\/a>.<\/p>\n","protected":false},"excerpt":{"rendered":"<p>Informacje na temat mo\u017cliwo\u015bci komercjalizacji uzyskasz w Centrum Transferu Technologii Politechniki Bia\u0142ostockiej. Dorobek bada\u0144 naukowych<\/p>\n","protected":false},"author":2,"featured_media":0,"parent":0,"menu_order":7,"comment_status":"closed","ping_status":"closed","template":"","meta":{"_acf_changed":false,"ngg_post_thumbnail":0,"footnotes":""},"class_list":["post-27","page","type-page","status-publish","hentry"],"acf":[],"_links":{"self":[{"href":"https:\/\/pb.edu.pl\/owi\/wp-json\/wp\/v2\/pages\/27","targetHints":{"allow":["GET"]}}],"collection":[{"href":"https:\/\/pb.edu.pl\/owi\/wp-json\/wp\/v2\/pages"}],"about":[{"href":"https:\/\/pb.edu.pl\/owi\/wp-json\/wp\/v2\/types\/page"}],"author":[{"embeddable":true,"href":"https:\/\/pb.edu.pl\/owi\/wp-json\/wp\/v2\/users\/2"}],"replies":[{"embeddable":true,"href":"https:\/\/pb.edu.pl\/owi\/wp-json\/wp\/v2\/comments?post=27"}],"version-history":[{"count":5,"href":"https:\/\/pb.edu.pl\/owi\/wp-json\/wp\/v2\/pages\/27\/revisions"}],"predecessor-version":[{"id":506,"href":"https:\/\/pb.edu.pl\/owi\/wp-json\/wp\/v2\/pages\/27\/revisions\/506"}],"wp:attachment":[{"href":"https:\/\/pb.edu.pl\/owi\/wp-json\/wp\/v2\/media?parent=27"}],"curies":[{"name":"wp","href":"https:\/\/api.w.org\/{rel}","templated":true}]}}