{"id":21,"date":"2017-11-22T21:39:11","date_gmt":"2017-11-22T20:39:11","guid":{"rendered":"https:\/\/pb.edu.pl\/owi\/?page_id=21"},"modified":"2017-11-23T22:58:12","modified_gmt":"2017-11-23T21:58:12","slug":"oferta","status":"publish","type":"page","link":"https:\/\/pb.edu.pl\/owi\/oferta\/","title":{"rendered":"Oferta"},"content":{"rendered":"<div class=\"row\">\n<div class=\"col-sm-6 text-center\">\n<a class=\"button text-center animated zoomIn lead\" style=\"width: 100%\" href=\"\/owi\/oferta\/wsparcie-dla-spolecznosci-akademickiej\/\"><strong>Wsparcie dla spo\u0142eczno\u015bci akademickiej<\/strong><\/a><\/p>\n<\/div>\n<div class=\"col-sm-6 text-center\">\n<a class=\"button text-center animated zoomIn lead\" style=\"width: 100%\" href=\"\/owi\/oferta\/uslugi-dla-firm\/\"><strong>Us\u0142ugi dla firm<\/strong><\/a><\/p>\n<\/div>\n<\/div>\n","protected":false},"excerpt":{"rendered":"<p>Wsparcie dla spo\u0142eczno\u015bci akademickiej Us\u0142ugi dla firm<\/p>\n","protected":false},"author":2,"featured_media":0,"parent":0,"menu_order":4,"comment_status":"closed","ping_status":"closed","template":"","meta":{"_acf_changed":false,"ngg_post_thumbnail":0,"footnotes":""},"class_list":["post-21","page","type-page","status-publish","hentry"],"acf":[],"_links":{"self":[{"href":"https:\/\/pb.edu.pl\/owi\/wp-json\/wp\/v2\/pages\/21","targetHints":{"allow":["GET"]}}],"collection":[{"href":"https:\/\/pb.edu.pl\/owi\/wp-json\/wp\/v2\/pages"}],"about":[{"href":"https:\/\/pb.edu.pl\/owi\/wp-json\/wp\/v2\/types\/page"}],"author":[{"embeddable":true,"href":"https:\/\/pb.edu.pl\/owi\/wp-json\/wp\/v2\/users\/2"}],"replies":[{"embeddable":true,"href":"https:\/\/pb.edu.pl\/owi\/wp-json\/wp\/v2\/comments?post=21"}],"version-history":[{"count":0,"href":"https:\/\/pb.edu.pl\/owi\/wp-json\/wp\/v2\/pages\/21\/revisions"}],"wp:attachment":[{"href":"https:\/\/pb.edu.pl\/owi\/wp-json\/wp\/v2\/media?parent=21"}],"curies":[{"name":"wp","href":"https:\/\/api.w.org\/{rel}","templated":true}]}}