{"id":19,"date":"2017-11-22T21:38:56","date_gmt":"2017-11-22T20:38:56","guid":{"rendered":"https:\/\/pb.edu.pl\/owi\/?page_id=19"},"modified":"2021-12-09T17:42:56","modified_gmt":"2021-12-09T16:42:56","slug":"o-nas","status":"publish","type":"page","link":"https:\/\/pb.edu.pl\/owi\/o-nas\/","title":{"rendered":"O nas"},"content":{"rendered":"<p><a class=\"h3 lead\" href=\"\/owi\/o-nas\/informacje-o-osrodku-wlasnosci-intelektualnej-w-tekscie-latwym-do-czytania-etr\/\">Informacje o O\u015brodku W\u0142asno\u015bci Intelektualnej w tek\u015bcie \u0142atwym do czytania \u2013 ETR (EASY TO READ)<\/a><br \/>\n&nbsp;<\/p>\n<div class=\"h3\">Zakres dzia\u0142alno\u015bci O\u015brodka W\u0142asno\u015bci Intelektualnej<\/div>\n<ol>\n<li>Zapewniamy studentom i pracownikom Uczelni pomoc w ocenie mo\u017cliwo\u015bci uzyskania praw wy\u0142\u0105cznych na rozwi\u0105zania powsta\u0142e w Uczelni.<\/li>\n<li>Przygotowujemy dokumentacj\u0119 zg\u0142oszeniow\u0105 oraz dokonujemy zg\u0142osze\u0144 przedmiot\u00f3w w\u0142asno\u015bci przemys\u0142owej powsta\u0142ych w Uczelni w celu ich ochrony.<\/li>\n<li>Gromadzimy i udost\u0119pniamy dokumentacj\u0119 i literatur\u0119 patentow\u0105.<\/li>\n<li>Rozprowadzamy publikacje dotycz\u0105ce ochrony w\u0142asno\u015bci intelektualnej, zarz\u0105dzania prawami wy\u0142\u0105cznymi oraz transferu technologii.<\/li>\n<li>Organizujemy seminaria, warsztaty i szkolenia.<\/li>\n<li>Pe\u0142nimy funkcj\u0119 regionalnego O\u015brodka Informacji Patentowej.<\/li>\n<li>\u015awiadczymy odp\u0142atnie us\u0142ugi na rzecz podmiot\u00f3w pozauczelnianych na podstawie odr\u0119bnych um\u00f3w.<\/li>\n<\/ol>\n<div class=\"h3\">Dzia\u0142alno\u015b\u0107 w PB<\/div>\n<p>O\u015brodek W\u0142asno\u015bci Intelektualnej jest jednostk\u0105 organizacyjn\u0105 Politechniki Bia\u0142ostockiej. Szczeg\u00f3\u0142owy zakres zada\u0144 O\u015brodka okre\u015bla Regulamin Organizacyjny Politechniki Bia\u0142ostockiej i Regulamin Zarz\u0105dzania W\u0142asno\u015bci\u0105 Intelektualn\u0105 Politechniki Bia\u0142ostockiej. Podstawowym zadaniem O\u015brodka jest <strong>administrowanie procesem ochrony w\u0142asno\u015bci intelektualnej<\/strong> w Uczelni. Pracownicy O\u015brodka koordynuj\u0105 procesem <strong>zg\u0142aszania wynik\u00f3w bada\u0144 naukowych i prac rozwojowych<\/strong> zgodnie z procedurami przyj\u0119tymi w PB.<\/p>\n<h3>Wsp\u00f3\u0142praca z Urz\u0119dem Patentowym Rzeczypospolitej Polskiej i Europejskim Urz\u0119dem Patentowym EPO<\/h3>\n<p>Politechnika Bia\u0142ostocka na podstawie podpisanej w dniu 31 pa\u017adziernika 2014 r. umowy z Urz\u0119dem Patentowym Rzeczypospolitej Polskiej sta\u0142a si\u0119 cz\u0142onkiem europejskiej sieci O\u015brodk\u00f3w Informacji Patentowej PATLIB. Organizacja ta jest pod patronatem Europejskiego Urz\u0119du Patentowego.<\/p>\n<p>W ramach PATLIB Uczelnia prowadzi dzia\u0142ania w nast\u0119puj\u0105cym zakresie:<\/p>\n<p><strong>Zadania:<\/strong><\/p>\n<ol>\n<li>Udost\u0119pnianie literatury patentowej oraz dystrybucja publikacji z zakresu ochrony w\u0142asno\u015bci przemys\u0142owej.<\/li>\n<li>Zapewnienie dost\u0119pu do og\u00f3lne dost\u0119pnych bezp\u0142atnych patentowych baz danych wynalazk\u00f3w.<\/li>\n<li>Udzielanie podstawowych informacji wspomagaj\u0105cych wykonywanie poszukiwa\u0144 w zasobach informacji patentowej.<\/li>\n<li>Udzielanie podstawowych informacji nt. procedur obowi\u0105zuj\u0105cych przed UPRP, EPO, WIPO, EUIPO.<\/li>\n<li>Realizowanie zam\u00f3wie\u0144 polegaj\u0105cych na:\n<ul>\n<li>przesy\u0142aniu abstrakt\u00f3w i pe\u0142nych tekst\u00f3w opis\u00f3w patentowych,<\/li>\n<li>sporz\u0105dzaniu zestawie\u0144 tematycznych literatury patentowej,<\/li>\n<li>promowanie zagadnie\u0144 z zakresu w\u0142asno\u015bci intelektualnej, w szczeg\u00f3lno\u015bci: organizowanie szkole\u0144; przygotowanie i dystrybucja<\/li>\n<li>informacji o wydarzeniach z zakresu w\u0142asno\u015bci intelektualnej oraz udzia\u0142 w targach i wystawach,<\/li>\n<li>organizowanie i prowadzenie szkole\u0144 i warsztat\u00f3w z zakresu poszukiwa\u0144 w patentowych bazach danych oraz z zakresu ochrony w\u0142asno\u015bci przemys\u0142owej,<\/li>\n<li>wykonywanie analiz rezultat\u00f3w bada\u0144 patentowych, w szczeg\u00f3lno\u015bci polegaj\u0105cych na: analizie trend\u00f3w w dziedzinach techniki, tworzeniu portfolio patent\u00f3w itp.<\/li>\n<\/ul>\n<\/li>\n<\/ol>\n<p><strong>Us\u0142ugi:<\/strong><\/p>\n<ul>\n<li>pomoc w sporz\u0105dzaniu dokumentacji zg\u0142oszeniowej przedmiot\u00f3w w\u0142asno\u015bci przemys\u0142owej;<\/li>\n<li>badanie stanu techniki;<\/li>\n<li>badanie czysto\u015bci patentowej;<\/li>\n<li>badanie zdolno\u015bci patentowej;<\/li>\n<li>wst\u0119pna ocena poziomu innowacyjno\u015bci rozwi\u0105za\u0144;<\/li>\n<li>udzielanie pomocy merytorycznej w zakresie ochrony praw w\u0142asno\u015bci intelektualnej;<\/li>\n<li>przygotowanie opinii z zakresu ochrony w\u0142asno\u015bci przemys\u0142owej.<\/li>\n<\/ul>\n<p><a href=\"http:\/\/www.epo.org\/searching-for-patents\/helpful-resources\/patlib.html\">Szczeg\u00f3\u0142y na temat dzia\u0142alno\u015bci PATLIB<\/a><\/p>\n","protected":false},"excerpt":{"rendered":"<p>Informacje o O\u015brodku W\u0142asno\u015bci Intelektualnej w tek\u015bcie \u0142atwym do czytania \u2013 ETR (EASY TO READ)<\/p>\n","protected":false},"author":2,"featured_media":0,"parent":0,"menu_order":3,"comment_status":"closed","ping_status":"closed","template":"","meta":{"_acf_changed":false,"ngg_post_thumbnail":0,"footnotes":""},"class_list":["post-19","page","type-page","status-publish","hentry"],"acf":[],"_links":{"self":[{"href":"https:\/\/pb.edu.pl\/owi\/wp-json\/wp\/v2\/pages\/19","targetHints":{"allow":["GET"]}}],"collection":[{"href":"https:\/\/pb.edu.pl\/owi\/wp-json\/wp\/v2\/pages"}],"about":[{"href":"https:\/\/pb.edu.pl\/owi\/wp-json\/wp\/v2\/types\/page"}],"author":[{"embeddable":true,"href":"https:\/\/pb.edu.pl\/owi\/wp-json\/wp\/v2\/users\/2"}],"replies":[{"embeddable":true,"href":"https:\/\/pb.edu.pl\/owi\/wp-json\/wp\/v2\/comments?post=19"}],"version-history":[{"count":0,"href":"https:\/\/pb.edu.pl\/owi\/wp-json\/wp\/v2\/pages\/19\/revisions"}],"wp:attachment":[{"href":"https:\/\/pb.edu.pl\/owi\/wp-json\/wp\/v2\/media?parent=19"}],"curies":[{"name":"wp","href":"https:\/\/api.w.org\/{rel}","templated":true}]}}