{"id":125,"date":"2017-12-07T15:59:18","date_gmt":"2017-12-07T14:59:18","guid":{"rendered":"https:\/\/pb.edu.pl\/owi\/?page_id=125"},"modified":"2020-12-29T17:35:52","modified_gmt":"2020-12-29T16:35:52","slug":"redakcja-serwisu-www","status":"publish","type":"page","link":"https:\/\/pb.edu.pl\/owi\/redakcja-serwisu-www\/","title":{"rendered":"Redakcja serwisu www"},"content":{"rendered":"<p><img loading=\"lazy\" decoding=\"async\" class=\"alignleft wp-image-321\" src=\"https:\/\/pb.edu.pl\/swfis\/wp-content\/uploads\/sites\/3\/2017\/12\/redakcja-www-300x169.jpg\" alt=\"serwerownia\" style=\"margin-top: 14px;\" width=\"400\" height=\"225\"><\/p>\n<div class=\"h2\" style=\"margin-top: 0rem; padding-top: 0rem;\">Serwis internetowy<\/div>\n<p>Uwagi dotycz\u0105ce <strong>funkcjonowania<\/strong> oraz <strong>zawarto\u015bci (opisy, fotografie itp.)<\/strong> poszczeg\u00f3lnych stron www serwisu internetowego O\u015brodka W\u0142asno\u015bci Intelektualnej Politechniki Bia\u0142ostockiej prosz\u0119 przysy\u0142a\u0107 na adres:<\/p>\n<p><i class=\"fa fa-envelope-o\" aria-hidden=\"true\"><\/i> <a href=\"#\" rel=\"nofollow\"  onclick=\"this.href='mailto:' + 'owi' + '@' + 'pb.edu.pl'\">owi [at] pb.edu.pl<\/a>\n","protected":false},"excerpt":{"rendered":"<p>Serwis internetowy Uwagi dotycz\u0105ce funkcjonowania oraz zawarto\u015bci (opisy, fotografie itp.) poszczeg\u00f3lnych stron www serwisu internetowego<\/p>\n","protected":false},"author":2,"featured_media":0,"parent":0,"menu_order":9,"comment_status":"closed","ping_status":"closed","template":"","meta":{"_acf_changed":false,"ngg_post_thumbnail":0,"footnotes":""},"class_list":["post-125","page","type-page","status-publish","hentry"],"acf":[],"_links":{"self":[{"href":"https:\/\/pb.edu.pl\/owi\/wp-json\/wp\/v2\/pages\/125","targetHints":{"allow":["GET"]}}],"collection":[{"href":"https:\/\/pb.edu.pl\/owi\/wp-json\/wp\/v2\/pages"}],"about":[{"href":"https:\/\/pb.edu.pl\/owi\/wp-json\/wp\/v2\/types\/page"}],"author":[{"embeddable":true,"href":"https:\/\/pb.edu.pl\/owi\/wp-json\/wp\/v2\/users\/2"}],"replies":[{"embeddable":true,"href":"https:\/\/pb.edu.pl\/owi\/wp-json\/wp\/v2\/comments?post=125"}],"version-history":[{"count":0,"href":"https:\/\/pb.edu.pl\/owi\/wp-json\/wp\/v2\/pages\/125\/revisions"}],"wp:attachment":[{"href":"https:\/\/pb.edu.pl\/owi\/wp-json\/wp\/v2\/media?parent=125"}],"curies":[{"name":"wp","href":"https:\/\/api.w.org\/{rel}","templated":true}]}}