{"id":2599,"date":"2025-03-10T19:50:26","date_gmt":"2025-03-10T18:50:26","guid":{"rendered":"https:\/\/pb.edu.pl\/oknmut\/?page_id=2599"},"modified":"2025-08-07T10:17:06","modified_gmt":"2025-08-07T08:17:06","slug":"wazne-daty","status":"publish","type":"page","link":"https:\/\/pb.edu.pl\/oknmut\/dla-uczestnikow\/wazne-daty\/","title":{"rendered":"Wa\u017cne daty"},"content":{"rendered":"<p><strong>21.03.2025 r.<\/strong> \u2013 otwarcie rejestracji<br \/>\n<strong style=\"color:red\">15.07.2025 r.<\/strong> \u2013 zako\u0144czenie rejestracji na konferencj\u0119 i przes\u0142ania streszcze\u0144 wyst\u0105pie\u0144<br \/>\n<strong style=\"color:red\">do 31.08.2025 r.<\/strong> \u2013 rejestracja na konferencj\u0119 (uczestnictwo bierne)<br \/>\n<strong style=\"color:red\">do 20.08.2025 r.<\/strong> \u2013 przes\u0142anie pe\u0142nych tekst\u00f3w artyku\u0142\u00f3w<br \/>\n<strong style=\"color:red\">do 07.08.2025 r.<\/strong> \u2013 akceptacja przes\u0142anych streszcze\u0144 wyst\u0105pie\u0144<br \/>\n<strong>11.09.2025 r.<\/strong> \u2013 pocz\u0105tek konferencji OKNMUT 2025 <\/p>\n","protected":false},"excerpt":{"rendered":"<p>21.03.2025 r. \u2013 otwarcie rejestracji 15.07.2025 r. \u2013 zako\u0144czenie rejestracji na konferencj\u0119 i przes\u0142ania streszcze\u0144<\/p>\n","protected":false},"author":2,"featured_media":0,"parent":2202,"menu_order":5,"comment_status":"closed","ping_status":"closed","template":"","meta":{"_acf_changed":false,"ngg_post_thumbnail":0,"footnotes":""},"class_list":["post-2599","page","type-page","status-publish","hentry"],"acf":[],"_links":{"self":[{"href":"https:\/\/pb.edu.pl\/oknmut\/wp-json\/wp\/v2\/pages\/2599","targetHints":{"allow":["GET"]}}],"collection":[{"href":"https:\/\/pb.edu.pl\/oknmut\/wp-json\/wp\/v2\/pages"}],"about":[{"href":"https:\/\/pb.edu.pl\/oknmut\/wp-json\/wp\/v2\/types\/page"}],"author":[{"embeddable":true,"href":"https:\/\/pb.edu.pl\/oknmut\/wp-json\/wp\/v2\/users\/2"}],"replies":[{"embeddable":true,"href":"https:\/\/pb.edu.pl\/oknmut\/wp-json\/wp\/v2\/comments?post=2599"}],"version-history":[{"count":0,"href":"https:\/\/pb.edu.pl\/oknmut\/wp-json\/wp\/v2\/pages\/2599\/revisions"}],"up":[{"embeddable":true,"href":"https:\/\/pb.edu.pl\/oknmut\/wp-json\/wp\/v2\/pages\/2202"}],"wp:attachment":[{"href":"https:\/\/pb.edu.pl\/oknmut\/wp-json\/wp\/v2\/media?parent=2599"}],"curies":[{"name":"wp","href":"https:\/\/api.w.org\/{rel}","templated":true}]}}