{"id":2455,"date":"2024-09-19T15:18:17","date_gmt":"2024-09-19T13:18:17","guid":{"rendered":"https:\/\/pb.edu.pl\/oknmut\/?page_id=2455"},"modified":"2025-08-31T19:47:15","modified_gmt":"2025-08-31T17:47:15","slug":"komitet-organizacyjny","status":"publish","type":"page","link":"https:\/\/pb.edu.pl\/oknmut\/organizacja\/komitet-organizacyjny\/","title":{"rendered":"Komitet organizacyjny"},"content":{"rendered":"<p><strong>Przewodnicz\u0105ca:<\/strong> Ewa Paw\u0142uszewicz  <\/p>\n<p><strong>Zast\u0119pca przewodnicz\u0105cego:<\/strong> Anna Olszewska <\/p>\n<p><strong>Sekretarz:<\/strong> Ma\u0142gorzata Zdrodowska <\/p>\n<p><strong>Zesp\u00f3\u0142:<\/strong><br \/>\nAnna Falkowska<br \/>\nMarzena Filipowicz-Chomko<br \/>\nMa\u0142gorzata Hryniewicka<br \/>\nTomasz Hu\u015bcio<br \/>\nBeata Madras-Kobus<br \/>\nDorota Mozyrska<br \/>\nAgnieszka Tereszkiewicz<br \/>\nRajmund Stasiewicz<br \/>\nBarbara Wikie\u0142<\/p>\n","protected":false},"excerpt":{"rendered":"<p>Przewodnicz\u0105ca: Ewa Paw\u0142uszewicz Zast\u0119pca przewodnicz\u0105cego: Anna Olszewska Sekretarz: Ma\u0142gorzata Zdrodowska Zesp\u00f3\u0142: Anna Falkowska Marzena Filipowicz-Chomko<\/p>\n","protected":false},"author":2,"featured_media":0,"parent":2245,"menu_order":2,"comment_status":"closed","ping_status":"closed","template":"","meta":{"_acf_changed":false,"ngg_post_thumbnail":0,"footnotes":""},"class_list":["post-2455","page","type-page","status-publish","hentry"],"acf":[],"_links":{"self":[{"href":"https:\/\/pb.edu.pl\/oknmut\/wp-json\/wp\/v2\/pages\/2455","targetHints":{"allow":["GET"]}}],"collection":[{"href":"https:\/\/pb.edu.pl\/oknmut\/wp-json\/wp\/v2\/pages"}],"about":[{"href":"https:\/\/pb.edu.pl\/oknmut\/wp-json\/wp\/v2\/types\/page"}],"author":[{"embeddable":true,"href":"https:\/\/pb.edu.pl\/oknmut\/wp-json\/wp\/v2\/users\/2"}],"replies":[{"embeddable":true,"href":"https:\/\/pb.edu.pl\/oknmut\/wp-json\/wp\/v2\/comments?post=2455"}],"version-history":[{"count":0,"href":"https:\/\/pb.edu.pl\/oknmut\/wp-json\/wp\/v2\/pages\/2455\/revisions"}],"up":[{"embeddable":true,"href":"https:\/\/pb.edu.pl\/oknmut\/wp-json\/wp\/v2\/pages\/2245"}],"wp:attachment":[{"href":"https:\/\/pb.edu.pl\/oknmut\/wp-json\/wp\/v2\/media?parent=2455"}],"curies":[{"name":"wp","href":"https:\/\/api.w.org\/{rel}","templated":true}]}}