{"id":2453,"date":"2024-09-19T15:17:09","date_gmt":"2024-09-19T13:17:09","guid":{"rendered":"https:\/\/pb.edu.pl\/oknmut\/?page_id=2453"},"modified":"2025-08-28T11:19:50","modified_gmt":"2025-08-28T09:19:50","slug":"komitet-naukowy","status":"publish","type":"page","link":"https:\/\/pb.edu.pl\/oknmut\/organizacja\/komitet-naukowy\/","title":{"rendered":"Komitet naukowy"},"content":{"rendered":"<p>dr Tomasz Drwi\u0119ga (Akademia G\u00f3rniczo-Hutnicza w Krakowie)<br \/>\ndr hab. Sambor Guze, prof. UMG (Uniwersytet Morski w Gdyni)<br \/>\ndr hab. in\u017c. Waldemar Ho\u0142ubowski, prof. P\u015a (Politechnika \u015al\u0105ska w Gliwicach)<br \/>\ndr Andrzej Just, prof. P\u0141 (Politechnika \u0141\u00f3dzka)<br \/>\ndr Kamila Kli\u015b-Garlicka (Uniwersytet Rolniczy w Krakowie)<br \/>\ndr Marta Kornafel (Uniwersytet Ekonomiczny w Krakowie)<br \/>\ndr hab. Edwin Ko\u017aniewski prof. PB (Politechnika Bia\u0142ostocka)<br \/>\ndr Marta Kwiecie\u0144 (Uniwersytet Warmi\u0144sko-Mazurski w Olsztynie)<br \/>\ndr Ewa \u0141azuka, prof. PL (Politechnika Lubelska)<br \/>\nprof. dr hab. Artur Maci\u0105g (Politechnika \u015awi\u0119tokrzyska)<br \/>\ndr Marek Ma\u0142olepszy, prof. P\u0141 (Politechnika \u0141\u00f3dzka)<br \/>\nprof. dr hab. in\u017c. Wojciech Mitkowski (Akademia G\u00f3rniczo-Hutnicza w Krakowie)<br \/>\ndr hab. Dorota Mozyrska (Politechnika Bia\u0142ostocka)<br \/>\ndr in\u017c. Agnieszka Niedzia\u0142kowska (Politechnika \u0141\u00f3dzka)<br \/>\nprof. dr hab. Ewa Paw\u0142uszewicz (Politechnika Bia\u0142ostocka)<br \/>\ndr Miros\u0142awa Sajka, prof. UKEN (Uniwersytet Komisji Edukacji Narodowej w Krakowie)<br \/>\ndr hab. Jacek Sta\u0144do, prof. P\u0141 (Politechnika \u0141\u00f3dzka)<br \/>\nprof. dr hab. in\u017c. Krzysztof J. Szajowski (Politechnika Wroc\u0142awska)<br \/>\ndr Agnieszka Tereszkiewicz (Politechnika Bia\u0142ostocka)<br \/>\ndr Zbigniew Walczak (Politechnika Pozna\u0144ska)<br \/>\ndr Barbara Wikie\u0142, prof. PG (Politechnika Gda\u0144ska)<br \/>\ndr Katarzyna Wojteczek-Laszczak (Politechnika Opolska)<br \/>\ndr hab. Ma\u0142gorzata Wr\u00f3bel, prof. PCz (Politechnika Cz\u0119stochowska)<br \/>\ndr Tomasz Zgraja (Uniwersytet Bielsko-Bialski) <\/p>\n","protected":false},"excerpt":{"rendered":"<p>dr Tomasz Drwi\u0119ga (Akademia G\u00f3rniczo-Hutnicza w Krakowie) dr hab. Sambor Guze, prof. UMG (Uniwersytet Morski<\/p>\n","protected":false},"author":2,"featured_media":0,"parent":2245,"menu_order":1,"comment_status":"closed","ping_status":"closed","template":"","meta":{"_acf_changed":false,"ngg_post_thumbnail":0,"footnotes":""},"class_list":["post-2453","page","type-page","status-publish","hentry"],"acf":[],"_links":{"self":[{"href":"https:\/\/pb.edu.pl\/oknmut\/wp-json\/wp\/v2\/pages\/2453","targetHints":{"allow":["GET"]}}],"collection":[{"href":"https:\/\/pb.edu.pl\/oknmut\/wp-json\/wp\/v2\/pages"}],"about":[{"href":"https:\/\/pb.edu.pl\/oknmut\/wp-json\/wp\/v2\/types\/page"}],"author":[{"embeddable":true,"href":"https:\/\/pb.edu.pl\/oknmut\/wp-json\/wp\/v2\/users\/2"}],"replies":[{"embeddable":true,"href":"https:\/\/pb.edu.pl\/oknmut\/wp-json\/wp\/v2\/comments?post=2453"}],"version-history":[{"count":0,"href":"https:\/\/pb.edu.pl\/oknmut\/wp-json\/wp\/v2\/pages\/2453\/revisions"}],"up":[{"embeddable":true,"href":"https:\/\/pb.edu.pl\/oknmut\/wp-json\/wp\/v2\/pages\/2245"}],"wp:attachment":[{"href":"https:\/\/pb.edu.pl\/oknmut\/wp-json\/wp\/v2\/media?parent=2453"}],"curies":[{"name":"wp","href":"https:\/\/api.w.org\/{rel}","templated":true}]}}