{"id":2438,"date":"2024-09-19T14:41:22","date_gmt":"2024-09-19T12:41:22","guid":{"rendered":"https:\/\/pb.edu.pl\/oknmut\/?page_id=2438"},"modified":"2025-07-18T15:25:02","modified_gmt":"2025-07-18T13:25:02","slug":"dla-autorow","status":"publish","type":"page","link":"https:\/\/pb.edu.pl\/oknmut\/dla-uczestnikow\/dla-autorow\/","title":{"rendered":"Dla autor\u00f3w"},"content":{"rendered":"<p>W ramach XXI Og\u00f3lnopolskiej Konferencji Nauczania Matematyki w Uczelniach Technicznych zostanie wydany zeszyt streszcze\u0144 obejmuj\u0105cy skr\u00f3cone opisy przygotowanych przez uczestnik\u00f3w prezentacji.<\/p>\n<p>Wybrane artyku\u0142y, po procesie recenzji mog\u0105 zosta\u0107 opublikowane w monografii pokonferencyjnej<br \/>\n(<a title=\"pobierz plik\" class=\"docx\" href=\"https:\/\/pb.edu.pl\/oknmut\/wp-content\/uploads\/sites\/136\/2025\/07\/monogrfia-wytyczne-dla-autorow.docx\" data-id=\"2693\" >wytyczne dla autor\u00f3w <span>(DOCX, 51 KB)<\/span><\/a>)<br \/>\nlub w czasopismach:<\/p>\n<ul>\n<li><em>Annales Universitatis Paedagogicae Cracoviensis. Studia ad Didacticam Mathematicae Pertinentia<\/em> (40&nbsp;pkt, <a href=\"https:\/\/didacticammath.uken.krakow.pl\/about\">didacticammath.uken.krakow.pl<\/a>, <a title=\"pobierz plik\" class=\"docx\" href=\"https:\/\/pb.edu.pl\/oknmut\/wp-content\/uploads\/sites\/136\/2025\/07\/Wytyczne-dla-Autorow.docx\" data-id=\"2690\" >wytyczne dla autor\u00f3w <span>(DOCX, 16 KB)<\/span><\/a>),<\/li>\n<li><em>Akademia Zarz\u0105dzania<\/em> (20 pkt, <a href=\"https:\/\/wiz.pb.edu.pl\/akademia-zarzadzania\/\">wiz.pb.edu.pl\/akademia-zarzadzania\/<\/a>,<br \/>\n<a title=\"pobierz plik\" class=\"docx\" href=\"https:\/\/pb.edu.pl\/oknmut\/wp-content\/uploads\/sites\/136\/2025\/07\/Akademia-Zarzadzania-wytyczne-dla-autorow.docx\"  data-id=\"2694\" >wytyczne dla autor\u00f3w <span>(DOCX, 70 KB)<\/span><\/a>).<\/li>\n<\/ul>\n","protected":false},"excerpt":{"rendered":"<p>W ramach XXI Og\u00f3lnopolskiej Konferencji Nauczania Matematyki w Uczelniach Technicznych zostanie wydany zeszyt streszcze\u0144 obejmuj\u0105cy<\/p>\n","protected":false},"author":2,"featured_media":0,"parent":2202,"menu_order":5,"comment_status":"closed","ping_status":"closed","template":"","meta":{"_acf_changed":false,"ngg_post_thumbnail":0,"footnotes":""},"class_list":["post-2438","page","type-page","status-publish","hentry"],"acf":[],"_links":{"self":[{"href":"https:\/\/pb.edu.pl\/oknmut\/wp-json\/wp\/v2\/pages\/2438","targetHints":{"allow":["GET"]}}],"collection":[{"href":"https:\/\/pb.edu.pl\/oknmut\/wp-json\/wp\/v2\/pages"}],"about":[{"href":"https:\/\/pb.edu.pl\/oknmut\/wp-json\/wp\/v2\/types\/page"}],"author":[{"embeddable":true,"href":"https:\/\/pb.edu.pl\/oknmut\/wp-json\/wp\/v2\/users\/2"}],"replies":[{"embeddable":true,"href":"https:\/\/pb.edu.pl\/oknmut\/wp-json\/wp\/v2\/comments?post=2438"}],"version-history":[{"count":0,"href":"https:\/\/pb.edu.pl\/oknmut\/wp-json\/wp\/v2\/pages\/2438\/revisions"}],"up":[{"embeddable":true,"href":"https:\/\/pb.edu.pl\/oknmut\/wp-json\/wp\/v2\/pages\/2202"}],"wp:attachment":[{"href":"https:\/\/pb.edu.pl\/oknmut\/wp-json\/wp\/v2\/media?parent=2438"}],"curies":[{"name":"wp","href":"https:\/\/api.w.org\/{rel}","templated":true}]}}