{"id":2432,"date":"2024-09-19T14:38:48","date_gmt":"2024-09-19T12:38:48","guid":{"rendered":"https:\/\/pb.edu.pl\/oknmut\/?page_id=2432"},"modified":"2025-07-16T11:20:01","modified_gmt":"2025-07-16T09:20:01","slug":"oplaty","status":"publish","type":"page","link":"https:\/\/pb.edu.pl\/oknmut\/dla-uczestnikow\/oplaty\/","title":{"rendered":"Op\u0142aty"},"content":{"rendered":"<div class=\"table-responsive\">\n<table class=\"table table-striped table borderless\" style=\"width: auto;\">\n<thead>\n<tr style=\"border: 0;\">\n<th style=\"text-align: center; vertical-align: middle;\">OP\u0141ATY<\/th>\n<th style=\"text-align: center; vertical-align: middle;\">do 15.08.2025 r.<\/th>\n<th style=\"text-align: center; vertical-align: middle;\">16.08 \u2013 1.09.2025 r.<\/th>\n<\/tr>\n<\/thead>\n<tbody>\n<tr>\n<td>za udzia\u0142 w konferencji<\/td>\n<td style=\"text-align: center; vertical-align: middle;\"><strong>650 z\u0142<\/strong><\/td>\n<td style=\"text-align: center; vertical-align: middle;\"><strong>750 z\u0142<\/strong><\/td>\n<\/tr>\n<tr>\n<td>dla uczestnik\u00f3w Forum Matematyk\u00f3w<\/td>\n<td style=\"text-align: center; vertical-align: middle;\"><strong>590 z\u0142<\/strong><\/td>\n<td style=\"text-align: center; vertical-align: middle;\"><strong>690 z\u0142<\/strong><\/td>\n<\/tr>\n<tr>\n<td>za udzia\u0142 bez publikacji<\/td>\n<td style=\"text-align: center; vertical-align: middle;\"><strong>590 z\u0142<\/strong><\/td>\n<td style=\"text-align: center; vertical-align: middle;\"><strong>690 z\u0142<\/strong><\/td>\n<\/tr>\n<tr>\n<td>dla os\u00f3b towarzysz\u0105cych<\/td>\n<td style=\"text-align: center; vertical-align: middle;\"><strong>590 z\u0142<\/strong><\/td>\n<td style=\"text-align: center; vertical-align: middle;\"><strong>590 z\u0142<\/strong><\/td>\n<\/tr>\n<\/tbody>\n<\/table>\n<\/div>\n<p>&nbsp;<\/p>\n<p><strong>Op\u0142ata obejmuje:<\/strong><\/p>\n<ul>\n<li>udzia\u0142 w konferencji i materia\u0142y konferencyjne,<\/li>\n<li>przerwy kawowe, obiady, uroczyst\u0105 kolacj\u0119, wydarzenia dodatkowe,<\/li>\n<li>publikacj\u0119 rozdzia\u0142u w monografii.\n<\/ul>\n<p>Mo\u017cliwa jest r\u00f3wnie\u017c publikacja w czasopismach:<\/p>\n<ul>\n<li><em>Annales Universitatis Paedagogicae Cracoviensis. Studia ad Didacticam Mathematicae Pertinentia<\/em><\/li>\n<li><em>Akademia Zarz\u0105dzania<\/em><\/li>\n<\/ul>\n<p>&nbsp;<br \/>\nOp\u0142aty nale\u017cy wp\u0142aca\u0107 na konto:<\/p>\n<p><strong>W\u0142a\u015bciciel konta: <\/strong><br \/>\nPolskie Towarzystwo Mechaniki Teoretycznej i Stosowanej<br \/>\noddzia\u0142 Bia\u0142ystok<br \/>\nul. Wiejska 45c<br \/>\n15-351 Bia\u0142ystok<br \/>\nNIP: 526-17-23-674<\/p>\n<p><strong>Nr konta:<\/strong> 21 8060 0004 0003 2405 2000 0010<\/p>\n<p>Bank Sp\u00f3\u0142dzielczy w Bia\u0142ymstoku<br \/>\nul. L. Zamenhofa 4<br \/>\n15-435 Bia\u0142ystok<\/p>\n<p><strong>W tytule przelewu prosz\u0119 poda\u0107 nazw\u0119 konferencji oraz imi\u0119 i nazwisko uczestnika,<br \/>\nnp. <em>OKNMUT2025, Kowalski Jan<\/em><\/strong><\/p>\n<p>Op\u0142aty nie obejmuj\u0105 zakwaterowania. Uczestnicy mog\u0105 skorzysta\u0107 z opcji zakwaterowania w pobliskich hotelach oraz domu studenckim Politechniki Bia\u0142ostockiej. <\/p>\n<p>Szczeg\u00f3\u0142owe informacje o doje\u017adzie pojawi\u0105 si\u0119 wkr\u00f3tce.<\/p>\n","protected":false},"excerpt":{"rendered":"<p>OP\u0141ATY do 15.08.2025 r. 16.08 \u2013 1.09.2025 r. za udzia\u0142 w konferencji 650 z\u0142 750<\/p>\n","protected":false},"author":2,"featured_media":0,"parent":2202,"menu_order":2,"comment_status":"closed","ping_status":"closed","template":"","meta":{"_acf_changed":false,"ngg_post_thumbnail":0,"footnotes":""},"class_list":["post-2432","page","type-page","status-publish","hentry"],"acf":[],"_links":{"self":[{"href":"https:\/\/pb.edu.pl\/oknmut\/wp-json\/wp\/v2\/pages\/2432","targetHints":{"allow":["GET"]}}],"collection":[{"href":"https:\/\/pb.edu.pl\/oknmut\/wp-json\/wp\/v2\/pages"}],"about":[{"href":"https:\/\/pb.edu.pl\/oknmut\/wp-json\/wp\/v2\/types\/page"}],"author":[{"embeddable":true,"href":"https:\/\/pb.edu.pl\/oknmut\/wp-json\/wp\/v2\/users\/2"}],"replies":[{"embeddable":true,"href":"https:\/\/pb.edu.pl\/oknmut\/wp-json\/wp\/v2\/comments?post=2432"}],"version-history":[{"count":0,"href":"https:\/\/pb.edu.pl\/oknmut\/wp-json\/wp\/v2\/pages\/2432\/revisions"}],"up":[{"embeddable":true,"href":"https:\/\/pb.edu.pl\/oknmut\/wp-json\/wp\/v2\/pages\/2202"}],"wp:attachment":[{"href":"https:\/\/pb.edu.pl\/oknmut\/wp-json\/wp\/v2\/media?parent=2432"}],"curies":[{"name":"wp","href":"https:\/\/api.w.org\/{rel}","templated":true}]}}