{"id":2413,"date":"2024-09-19T14:25:18","date_gmt":"2024-09-19T12:25:18","guid":{"rendered":"https:\/\/pb.edu.pl\/oknmut\/?page_id=2413"},"modified":"2025-09-09T00:35:28","modified_gmt":"2025-09-08T22:35:28","slug":"miejsce-konferencji","status":"publish","type":"page","link":"https:\/\/pb.edu.pl\/oknmut\/o-konferencji\/miejsce-konferencji\/","title":{"rendered":"Miejsce Konferencji"},"content":{"rendered":"<p>Wydzia\u0142 Mechaniczny<br \/>\nPolitechnika Bia\u0142ostocka<br \/>\nul. Wiejska 45C<br \/>\n15-351 Bia\u0142ystok<\/p>\n<p><a href=\"https:\/\/pb.edu.pl\/uczelnia\/mapa-kampusu\/miasteczko-akademickie-plan-przestrzenny\/\">Kampus Politechniki Bia\u0142ostockiej<\/a><\/p>\n<p>Plan budynk\u00f3w Wydzia\u0142u Mechanicznego:<br \/>\n<a href=\"https:\/\/pb.edu.pl\/oknmut\/wp-content\/uploads\/sites\/136\/2025\/09\/Plan-budynku-Wydzial-Mechaniczny-scaled.jpg\"><img loading=\"lazy\" decoding=\"async\" src=\"https:\/\/pb.edu.pl\/oknmut\/wp-content\/uploads\/sites\/136\/2025\/09\/Plan-budynku-Wydzial-Mechaniczny-scaled.jpg\" alt=\"Plan budynk\u00f3w Wydzia\u0142u Mechanicznego\" width=\"2560\" height=\"1826\" class=\"aligncenter size-full wp-image-2760\" srcset=\"https:\/\/pb.edu.pl\/oknmut\/wp-content\/uploads\/sites\/136\/2025\/09\/Plan-budynku-Wydzial-Mechaniczny-scaled.jpg 2560w, https:\/\/pb.edu.pl\/oknmut\/wp-content\/uploads\/sites\/136\/2025\/09\/Plan-budynku-Wydzial-Mechaniczny-300x214.jpg 300w, https:\/\/pb.edu.pl\/oknmut\/wp-content\/uploads\/sites\/136\/2025\/09\/Plan-budynku-Wydzial-Mechaniczny-1024x730.jpg 1024w, https:\/\/pb.edu.pl\/oknmut\/wp-content\/uploads\/sites\/136\/2025\/09\/Plan-budynku-Wydzial-Mechaniczny-768x548.jpg 768w, https:\/\/pb.edu.pl\/oknmut\/wp-content\/uploads\/sites\/136\/2025\/09\/Plan-budynku-Wydzial-Mechaniczny-1536x1096.jpg 1536w, https:\/\/pb.edu.pl\/oknmut\/wp-content\/uploads\/sites\/136\/2025\/09\/Plan-budynku-Wydzial-Mechaniczny-2048x1461.jpg 2048w\" sizes=\"auto, (max-width: 2560px) 100vw, 2560px\" \/><\/a><\/p>\n","protected":false},"excerpt":{"rendered":"<p>Wydzia\u0142 Mechaniczny Politechnika Bia\u0142ostocka ul. Wiejska 45C 15-351 Bia\u0142ystok Kampus Politechniki Bia\u0142ostockiej Plan budynk\u00f3w Wydzia\u0142u<\/p>\n","protected":false},"author":2,"featured_media":0,"parent":2191,"menu_order":4,"comment_status":"closed","ping_status":"closed","template":"","meta":{"_acf_changed":false,"ngg_post_thumbnail":0,"footnotes":""},"class_list":["post-2413","page","type-page","status-publish","hentry"],"acf":[],"_links":{"self":[{"href":"https:\/\/pb.edu.pl\/oknmut\/wp-json\/wp\/v2\/pages\/2413","targetHints":{"allow":["GET"]}}],"collection":[{"href":"https:\/\/pb.edu.pl\/oknmut\/wp-json\/wp\/v2\/pages"}],"about":[{"href":"https:\/\/pb.edu.pl\/oknmut\/wp-json\/wp\/v2\/types\/page"}],"author":[{"embeddable":true,"href":"https:\/\/pb.edu.pl\/oknmut\/wp-json\/wp\/v2\/users\/2"}],"replies":[{"embeddable":true,"href":"https:\/\/pb.edu.pl\/oknmut\/wp-json\/wp\/v2\/comments?post=2413"}],"version-history":[{"count":0,"href":"https:\/\/pb.edu.pl\/oknmut\/wp-json\/wp\/v2\/pages\/2413\/revisions"}],"up":[{"embeddable":true,"href":"https:\/\/pb.edu.pl\/oknmut\/wp-json\/wp\/v2\/pages\/2191"}],"wp:attachment":[{"href":"https:\/\/pb.edu.pl\/oknmut\/wp-json\/wp\/v2\/media?parent=2413"}],"curies":[{"name":"wp","href":"https:\/\/api.w.org\/{rel}","templated":true}]}}