{"id":2411,"date":"2024-09-19T14:24:32","date_gmt":"2024-09-19T12:24:32","guid":{"rendered":"https:\/\/pb.edu.pl\/oknmut\/?page_id=2411"},"modified":"2025-09-09T00:39:52","modified_gmt":"2025-09-08T22:39:52","slug":"materialy-konferencyjne","status":"publish","type":"page","link":"https:\/\/pb.edu.pl\/oknmut\/o-konferencji\/materialy-konferencyjne\/","title":{"rendered":"Materia\u0142y konferencyjne"},"content":{"rendered":"<p><a  class=\"pdf\" href=\"https:\/\/pb.edu.pl\/oknmut\/wp-content\/uploads\/sites\/136\/2025\/09\/KSIAZKA-STRESZCZEN-OKNMUT-2025.pdf\" target=\"_blank\" data-id=\"2765\" >Zeszyt streszcze\u0144 <span>(PDF, 799 KB, otworzy si\u0119 w nowej karcie)<\/span><\/a><\/p>\n<p>Wybrane artyku\u0142y, po procesie recenzji mog\u0105 zosta\u0107 opublikowane w monografii pokonferencyjnej.<\/p>\n<p>W wersji rozszerzonej wybrane artyku\u0142y, po procesie recenzji, mog\u0105 zosta\u0107 opublikowane w czasopismach:<\/p>\n<ul>\n<li><em>Annales Universitatis Paedagogicae Cracoviensis. Studia ad Didacticam Mathematicae Pertinentia<\/em> (40&nbsp;pkt, <a href=\"https:\/\/didacticammath.uken.krakow.pl\/about\">didacticammath.uken.krakow.pl<\/a>);<\/li>\n<li><em>Akademia Zarz\u0105dzania<\/em> (20 pkt, <a href=\"https:\/\/wiz.pb.edu.pl\/akademia-zarzadzania\/\">wiz.pb.edu.pl\/akademia-zarzadzania\/<\/a>).<\/li>\n<\/ul>\n","protected":false},"excerpt":{"rendered":"<p>Zeszyt streszcze\u0144 (PDF, 799 KB, otworzy si\u0119 w nowej karcie) Wybrane artyku\u0142y, po procesie recenzji<\/p>\n","protected":false},"author":2,"featured_media":0,"parent":2191,"menu_order":3,"comment_status":"closed","ping_status":"closed","template":"","meta":{"_acf_changed":false,"ngg_post_thumbnail":0,"footnotes":""},"class_list":["post-2411","page","type-page","status-publish","hentry"],"acf":[],"_links":{"self":[{"href":"https:\/\/pb.edu.pl\/oknmut\/wp-json\/wp\/v2\/pages\/2411","targetHints":{"allow":["GET"]}}],"collection":[{"href":"https:\/\/pb.edu.pl\/oknmut\/wp-json\/wp\/v2\/pages"}],"about":[{"href":"https:\/\/pb.edu.pl\/oknmut\/wp-json\/wp\/v2\/types\/page"}],"author":[{"embeddable":true,"href":"https:\/\/pb.edu.pl\/oknmut\/wp-json\/wp\/v2\/users\/2"}],"replies":[{"embeddable":true,"href":"https:\/\/pb.edu.pl\/oknmut\/wp-json\/wp\/v2\/comments?post=2411"}],"version-history":[{"count":0,"href":"https:\/\/pb.edu.pl\/oknmut\/wp-json\/wp\/v2\/pages\/2411\/revisions"}],"up":[{"embeddable":true,"href":"https:\/\/pb.edu.pl\/oknmut\/wp-json\/wp\/v2\/pages\/2191"}],"wp:attachment":[{"href":"https:\/\/pb.edu.pl\/oknmut\/wp-json\/wp\/v2\/media?parent=2411"}],"curies":[{"name":"wp","href":"https:\/\/api.w.org\/{rel}","templated":true}]}}