{"id":2409,"date":"2024-09-19T14:23:33","date_gmt":"2024-09-19T12:23:33","guid":{"rendered":"https:\/\/pb.edu.pl\/oknmut\/?page_id=2409"},"modified":"2025-05-23T11:25:08","modified_gmt":"2025-05-23T09:25:08","slug":"patronat","status":"publish","type":"page","link":"https:\/\/pb.edu.pl\/oknmut\/o-konferencji\/patronat\/","title":{"rendered":"Patronat"},"content":{"rendered":"<div class=\"text-center\">Patronat Honorowy nad konferencj\u0105 obj\u0119\u0142a<br \/>\nJej Magnificencja Rektor Politechniki Bia\u0142ostockiej<br \/>\ndr hab. in\u017c. Marta Kosior-Kazberuk, prof. PB<\/div>\n<div class=\"organizer-logos\"><a class=\"partnerzy-logos-item\" title=\"otworzy si\u0119 w nowej karcie\" href=\"https:\/\/pb.edu.pl\/uczelnia\/wladze-uczelni\/\" target=\"_blank\" rel=\"noopener\"><img loading=\"lazy\" decoding=\"async\" width=\"784\" height=\"200\" src=\"https:\/\/pb.edu.pl\/oknmut\/wp-content\/uploads\/sites\/136\/2023\/07\/logo-Patronat-Rektor-PB-kolor-podstawowy-na-bialym_200px.jpg\" alt=\"logo Patronat Rektor PB\" class=\"alignnone size-full wp-image-1217\" srcset=\"https:\/\/pb.edu.pl\/oknmut\/wp-content\/uploads\/sites\/136\/2023\/07\/logo-Patronat-Rektor-PB-kolor-podstawowy-na-bialym_200px.jpg 784w, https:\/\/pb.edu.pl\/oknmut\/wp-content\/uploads\/sites\/136\/2023\/07\/logo-Patronat-Rektor-PB-kolor-podstawowy-na-bialym_200px-300x77.jpg 300w, https:\/\/pb.edu.pl\/oknmut\/wp-content\/uploads\/sites\/136\/2023\/07\/logo-Patronat-Rektor-PB-kolor-podstawowy-na-bialym_200px-768x196.jpg 768w\" sizes=\"auto, (max-width: 784px) 100vw, 784px\" \/><\/a><\/div>\n<div class=\"organizer-logos\"><a class=\"organizer-logos-item\" title=\"otworzy si\u0119 w nowej karcie\" href=\"#\" target=\"_blank\" rel=\"noopener\"><img loading=\"lazy\" decoding=\"async\" src=\"https:\/\/pb.edu.pl\/oknmut\/wp-content\/uploads\/sites\/136\/2025\/05\/herb-honorowy-patronat-jpg-scaled.jpg\" alt=\"patronat Prezydenta Miasta Bia\u0142egostoku\" width=\"1748\" height=\"2560\" class=\"aligncenter size-full wp-image-2652\" srcset=\"https:\/\/pb.edu.pl\/oknmut\/wp-content\/uploads\/sites\/136\/2025\/05\/herb-honorowy-patronat-jpg-scaled.jpg 1748w, https:\/\/pb.edu.pl\/oknmut\/wp-content\/uploads\/sites\/136\/2025\/05\/herb-honorowy-patronat-jpg-205x300.jpg 205w, https:\/\/pb.edu.pl\/oknmut\/wp-content\/uploads\/sites\/136\/2025\/05\/herb-honorowy-patronat-jpg-699x1024.jpg 699w, https:\/\/pb.edu.pl\/oknmut\/wp-content\/uploads\/sites\/136\/2025\/05\/herb-honorowy-patronat-jpg-768x1125.jpg 768w, https:\/\/pb.edu.pl\/oknmut\/wp-content\/uploads\/sites\/136\/2025\/05\/herb-honorowy-patronat-jpg-1049x1536.jpg 1049w, https:\/\/pb.edu.pl\/oknmut\/wp-content\/uploads\/sites\/136\/2025\/05\/herb-honorowy-patronat-jpg-1398x2048.jpg 1398w\" sizes=\"auto, (max-width: 1748px) 100vw, 1748px\" \/><\/a><br \/>\n<a class=\"organizer-logos-item\" title=\"otworzy si\u0119 w nowej karcie\" href=\"#\" target=\"_blank\" rel=\"noopener\"><img loading=\"lazy\" decoding=\"async\" style=\"padding-bottom:20px\" src=\"https:\/\/pb.edu.pl\/oknmut\/wp-content\/uploads\/sites\/136\/2025\/05\/Wojewoda_Podlaski_logo_do_patronatow.jpg\" alt=\"Wojewoda Podlaski logo\" width=\"916\" height=\"916\" class=\"aligncenter size-full wp-image-2655\" srcset=\"https:\/\/pb.edu.pl\/oknmut\/wp-content\/uploads\/sites\/136\/2025\/05\/Wojewoda_Podlaski_logo_do_patronatow.jpg 916w, https:\/\/pb.edu.pl\/oknmut\/wp-content\/uploads\/sites\/136\/2025\/05\/Wojewoda_Podlaski_logo_do_patronatow-300x300.jpg 300w, https:\/\/pb.edu.pl\/oknmut\/wp-content\/uploads\/sites\/136\/2025\/05\/Wojewoda_Podlaski_logo_do_patronatow-150x150.jpg 150w, https:\/\/pb.edu.pl\/oknmut\/wp-content\/uploads\/sites\/136\/2025\/05\/Wojewoda_Podlaski_logo_do_patronatow-768x768.jpg 768w\" sizes=\"auto, (max-width: 916px) 100vw, 916px\" \/><\/a><br \/>\n<a class=\"organizer-logos-item\" title=\"otworzy si\u0119 w nowej karcie\" href=\"#\" target=\"_blank\" rel=\"noopener\"><img loading=\"lazy\" decoding=\"async\" src=\"https:\/\/pb.edu.pl\/oknmut\/wp-content\/uploads\/sites\/136\/2025\/05\/logo_jpeg-scaled.jpg\" alt=\"logo podlaskie\" width=\"2560\" height=\"1615\" class=\"aligncenter size-full wp-image-2668\" srcset=\"https:\/\/pb.edu.pl\/oknmut\/wp-content\/uploads\/sites\/136\/2025\/05\/logo_jpeg-scaled.jpg 2560w, https:\/\/pb.edu.pl\/oknmut\/wp-content\/uploads\/sites\/136\/2025\/05\/logo_jpeg-300x189.jpg 300w, https:\/\/pb.edu.pl\/oknmut\/wp-content\/uploads\/sites\/136\/2025\/05\/logo_jpeg-1024x646.jpg 1024w, https:\/\/pb.edu.pl\/oknmut\/wp-content\/uploads\/sites\/136\/2025\/05\/logo_jpeg-768x485.jpg 768w, https:\/\/pb.edu.pl\/oknmut\/wp-content\/uploads\/sites\/136\/2025\/05\/logo_jpeg-1536x969.jpg 1536w, https:\/\/pb.edu.pl\/oknmut\/wp-content\/uploads\/sites\/136\/2025\/05\/logo_jpeg-2048x1292.jpg 2048w\" sizes=\"auto, (max-width: 2560px) 100vw, 2560px\" \/><\/a><\/div>\n<div class=\"organizer-logos\"><a class=\"partnerzy-logos-item\" title=\"otworzy si\u0119 w nowej karcie\" href=\"https:\/\/www.radio.bialystok.pl\/\" target=\"_blank\" rel=\"noopener\"><img loading=\"lazy\" decoding=\"async\" src=\"https:\/\/pb.edu.pl\/oknmut\/wp-content\/uploads\/sites\/136\/2025\/05\/PRB.jpg\" alt=\"logo Polskiego Radia Bia\u0142ystok\" width=\"800\" height=\"500\" class=\"aligncenter size-full wp-image-2657\" srcset=\"https:\/\/pb.edu.pl\/oknmut\/wp-content\/uploads\/sites\/136\/2025\/05\/PRB.jpg 800w, https:\/\/pb.edu.pl\/oknmut\/wp-content\/uploads\/sites\/136\/2025\/05\/PRB-300x188.jpg 300w, https:\/\/pb.edu.pl\/oknmut\/wp-content\/uploads\/sites\/136\/2025\/05\/PRB-768x480.jpg 768w, https:\/\/pb.edu.pl\/oknmut\/wp-content\/uploads\/sites\/136\/2025\/05\/PRB-480x300.jpg 480w\" sizes=\"auto, (max-width: 800px) 100vw, 800px\" \/><\/a><br \/>\n<a class=\"partnerzy-logos-item\" title=\"otworzy si\u0119 w nowej karcie\" href=\"https:\/\/akadera.bialystok.pl\/\" target=\"_blank\" rel=\"noopener\"><img loading=\"lazy\" decoding=\"async\" src=\"https:\/\/pb.edu.pl\/oknmut\/wp-content\/uploads\/sites\/136\/2025\/05\/logo-radio-akadera.jpg\" alt=\"logo Radio Akadera\" width=\"500\" height=\"172\" class=\"aligncenter size-full wp-image-2658\" srcset=\"https:\/\/pb.edu.pl\/oknmut\/wp-content\/uploads\/sites\/136\/2025\/05\/logo-radio-akadera.jpg 500w, https:\/\/pb.edu.pl\/oknmut\/wp-content\/uploads\/sites\/136\/2025\/05\/logo-radio-akadera-300x103.jpg 300w\" sizes=\"auto, (max-width: 500px) 100vw, 500px\" \/><\/a>\n<\/div>\n","protected":false},"excerpt":{"rendered":"<p>Patronat Honorowy nad konferencj\u0105 obj\u0119\u0142a Jej Magnificencja Rektor Politechniki Bia\u0142ostockiej dr hab. in\u017c. Marta Kosior-Kazberuk,<\/p>\n","protected":false},"author":2,"featured_media":0,"parent":2191,"menu_order":2,"comment_status":"closed","ping_status":"closed","template":"","meta":{"_acf_changed":false,"ngg_post_thumbnail":0,"footnotes":""},"class_list":["post-2409","page","type-page","status-publish","hentry"],"acf":[],"_links":{"self":[{"href":"https:\/\/pb.edu.pl\/oknmut\/wp-json\/wp\/v2\/pages\/2409","targetHints":{"allow":["GET"]}}],"collection":[{"href":"https:\/\/pb.edu.pl\/oknmut\/wp-json\/wp\/v2\/pages"}],"about":[{"href":"https:\/\/pb.edu.pl\/oknmut\/wp-json\/wp\/v2\/types\/page"}],"author":[{"embeddable":true,"href":"https:\/\/pb.edu.pl\/oknmut\/wp-json\/wp\/v2\/users\/2"}],"replies":[{"embeddable":true,"href":"https:\/\/pb.edu.pl\/oknmut\/wp-json\/wp\/v2\/comments?post=2409"}],"version-history":[{"count":0,"href":"https:\/\/pb.edu.pl\/oknmut\/wp-json\/wp\/v2\/pages\/2409\/revisions"}],"up":[{"embeddable":true,"href":"https:\/\/pb.edu.pl\/oknmut\/wp-json\/wp\/v2\/pages\/2191"}],"wp:attachment":[{"href":"https:\/\/pb.edu.pl\/oknmut\/wp-json\/wp\/v2\/media?parent=2409"}],"curies":[{"name":"wp","href":"https:\/\/api.w.org\/{rel}","templated":true}]}}