{"id":2202,"date":"2024-07-17T10:09:25","date_gmt":"2024-07-17T08:09:25","guid":{"rendered":"https:\/\/pb.edu.pl\/oknmut\/?page_id=2202"},"modified":"2024-09-19T14:43:47","modified_gmt":"2024-09-19T12:43:47","slug":"dla-uczestnikow","status":"publish","type":"page","link":"https:\/\/pb.edu.pl\/oknmut\/dla-uczestnikow\/","title":{"rendered":"Dla uczestnik\u00f3w"},"content":{"rendered":"<p>Konferencja skierowana jest do nauczycieli akademickich, dydaktyk\u00f3w i badaczy zainteresowanych zagadnieniami zwi\u0105zanymi z nauczaniem matematyki i jej zastosowaniem w naukach technicznych. Uczestnicy maj\u0105 mo\u017cliwo\u015b\u0107 nie tylko zdobycia nowej wiedzy, ale tak\u017ce wymiany do\u015bwiadcze\u0144 i nawi\u0105zania wsp\u00f3\u0142pracy z innymi o\u015brodkami akademickimi. <\/p>\n","protected":false},"excerpt":{"rendered":"<p>Konferencja skierowana jest do nauczycieli akademickich, dydaktyk\u00f3w i badaczy zainteresowanych zagadnieniami zwi\u0105zanymi z nauczaniem matematyki<\/p>\n","protected":false},"author":165,"featured_media":0,"parent":0,"menu_order":2,"comment_status":"closed","ping_status":"closed","template":"","meta":{"_acf_changed":false,"ngg_post_thumbnail":0,"footnotes":""},"class_list":["post-2202","page","type-page","status-publish","hentry"],"acf":[],"_links":{"self":[{"href":"https:\/\/pb.edu.pl\/oknmut\/wp-json\/wp\/v2\/pages\/2202","targetHints":{"allow":["GET"]}}],"collection":[{"href":"https:\/\/pb.edu.pl\/oknmut\/wp-json\/wp\/v2\/pages"}],"about":[{"href":"https:\/\/pb.edu.pl\/oknmut\/wp-json\/wp\/v2\/types\/page"}],"author":[{"embeddable":true,"href":"https:\/\/pb.edu.pl\/oknmut\/wp-json\/wp\/v2\/users\/165"}],"replies":[{"embeddable":true,"href":"https:\/\/pb.edu.pl\/oknmut\/wp-json\/wp\/v2\/comments?post=2202"}],"version-history":[{"count":0,"href":"https:\/\/pb.edu.pl\/oknmut\/wp-json\/wp\/v2\/pages\/2202\/revisions"}],"wp:attachment":[{"href":"https:\/\/pb.edu.pl\/oknmut\/wp-json\/wp\/v2\/media?parent=2202"}],"curies":[{"name":"wp","href":"https:\/\/api.w.org\/{rel}","templated":true}]}}