{"id":2191,"date":"2024-07-17T09:45:02","date_gmt":"2024-07-17T07:45:02","guid":{"rendered":"https:\/\/pb.edu.pl\/oknmut\/?page_id=2191"},"modified":"2025-02-27T01:34:38","modified_gmt":"2025-02-27T00:34:38","slug":"o-konferencji","status":"publish","type":"page","link":"https:\/\/pb.edu.pl\/oknmut\/o-konferencji\/","title":{"rendered":"O konferencji"},"content":{"rendered":"<p><strong>Og\u00f3lnopolska Konferencja Nauczania Matematyki w Uczelniach Technicznych<\/strong> jest cyklicznym wydarzeniem organizowanym co dwa lata przez r\u00f3\u017cne uczelnie techniczne na terenie ca\u0142ego kraju. <\/p>\n<p>G\u0142\u00f3wnym celem Konferencji jest doskonalenie jako\u015bci kszta\u0142cenia matematycznego na uczelniach technicznych poprzez wymian\u0119 do\u015bwiadcze\u0144, promowanie nowoczesnych metod dydaktycznych oraz zaprezentowanie wynik\u00f3w bada\u0144 i praktycznych rozwi\u0105za\u0144, kt\u00f3re mog\u0105 przyczyni\u0107 si\u0119 do podniesienia efektywno\u015bci procesu nauczania. G\u0142\u00f3wnym celem Konferencji jest stworzenie platformy umo\u017cliwiaj\u0105cej wymian\u0119 do\u015bwiadcze\u0144 i dyskusji mi\u0119dzy innymi na temat stosowanych metod dydaktycznych, prezentacj\u0119 innowacyjnych rozwi\u0105za\u0144 wspomagaj\u0105cych proces nauczania matematyki na uczelniach technicznych oraz innych problem\u00f3w. <\/p>\n<p>Uczestnicy b\u0119d\u0105 mieli mo\u017cliwo\u015b\u0107 przedstawienia wynik\u00f3w w\u0142asnych bada\u0144, a tak\u017ce zapoznania si\u0119 z zastosowaniami matematyki w r\u00f3\u017cnych dziedzinach, takich jak na przyk\u0142ad in\u017cynieria, informatyka, fizyka, ekonomia. <\/p>\n<p>Konferencja b\u0119dzie r\u00f3wnie\u017c doskona\u0142\u0105 okazj\u0105 do nawi\u0105zania wsp\u00f3\u0142pracy pomi\u0119dzy r\u00f3\u017cnymi o\u015brodkami naukowych oraz wymiany najlepszych praktyk w zakresie dydaktyki.<\/p>\n<p>R\u00f3wnocze\u015bnie z XXI OKNMUT odb\u0119dzie si\u0119 <a href=\"https:\/\/10fmp.uwb.edu.pl\/\">10. Forum Matematyk\u00f3w Polskich<\/a>, konferencja organizowana wsp\u00f3lnie przez Polskie Towarzystwo Matematyczne, Oddzia\u0142 Bia\u0142ostocki Polskiego Towarzystwa Matematycznego, Uniwersytet w Bia\u0142ymstoku oraz Politechnik\u0119 Bia\u0142ostock\u0105.<\/p>\n","protected":false},"excerpt":{"rendered":"<p>Og\u00f3lnopolska Konferencja Nauczania Matematyki w Uczelniach Technicznych jest cyklicznym wydarzeniem organizowanym co dwa lata przez<\/p>\n","protected":false},"author":165,"featured_media":0,"parent":0,"menu_order":1,"comment_status":"closed","ping_status":"closed","template":"","meta":{"_acf_changed":false,"ngg_post_thumbnail":0,"footnotes":""},"class_list":["post-2191","page","type-page","status-publish","hentry"],"acf":[],"_links":{"self":[{"href":"https:\/\/pb.edu.pl\/oknmut\/wp-json\/wp\/v2\/pages\/2191","targetHints":{"allow":["GET"]}}],"collection":[{"href":"https:\/\/pb.edu.pl\/oknmut\/wp-json\/wp\/v2\/pages"}],"about":[{"href":"https:\/\/pb.edu.pl\/oknmut\/wp-json\/wp\/v2\/types\/page"}],"author":[{"embeddable":true,"href":"https:\/\/pb.edu.pl\/oknmut\/wp-json\/wp\/v2\/users\/165"}],"replies":[{"embeddable":true,"href":"https:\/\/pb.edu.pl\/oknmut\/wp-json\/wp\/v2\/comments?post=2191"}],"version-history":[{"count":0,"href":"https:\/\/pb.edu.pl\/oknmut\/wp-json\/wp\/v2\/pages\/2191\/revisions"}],"wp:attachment":[{"href":"https:\/\/pb.edu.pl\/oknmut\/wp-json\/wp\/v2\/media?parent=2191"}],"curies":[{"name":"wp","href":"https:\/\/api.w.org\/{rel}","templated":true}]}}