{"id":2250,"date":"2024-07-17T12:28:44","date_gmt":"2024-07-17T10:28:44","guid":{"rendered":"https:\/\/pb.edu.pl\/ofta\/?page_id=2250"},"modified":"2024-09-23T13:31:27","modified_gmt":"2024-09-23T11:31:27","slug":"kontakt","status":"publish","type":"page","link":"https:\/\/pb.edu.pl\/ofta\/kontakt\/","title":{"rendered":"Kontakt"},"content":{"rendered":"<p><strong>Katedra Fotoniki, Elektroniki i Techniki \u015awietlnej<br \/>\n<\/strong>Wydzia\u0142 Elektryczny, Politechnika Bia\u0142ostocka<br \/>\nul. Wiejska 45D<br \/>\n15-351 Bia\u0142ystok, Polska<\/p>\n<p><strong>Prof. Marcin Kochanowicz<\/strong><br \/>\nTelefon: 516 982 688<br \/>\nEmail: ofta[at]pb.edu.pl<\/p>\n<p><strong>Dr hab. Piotr Miluski, prof. ucz.<\/strong><br \/>\nTelefon: 696 973 264<\/p>\n<hr>\n<h2>Linki<\/h2>\n<p><a href=\"http:\/\/ptetis.pl\/bialystok\/\">Polskie Towarzystwo Elektrotechniki Teoretycznej i Stosowanej (PTETiS)<\/a><br \/>\n<a href=\"https:\/\/photonics.pl\/\">Polskie Towarzystwo Fotoniki<\/a><br \/>\n<a href=\"https:\/\/pb.edu.pl\/\">Politechnika Bia\u0142ostocka<\/a><br \/>\n<a href=\"https:\/\/we.pb.edu.pl\/\">Wydzia\u0142 Elektryczny<\/a><br \/>\n<a href=\"https:\/\/ibisstylesbialystok.pl\/\">Hotel Ibis Styles<\/a><\/p>\n","protected":false},"excerpt":{"rendered":"<p>Katedra Fotoniki, Elektroniki i Techniki \u015awietlnej Wydzia\u0142 Elektryczny, Politechnika Bia\u0142ostocka ul. Wiejska 45D 15-351 Bia\u0142ystok,<\/p>\n","protected":false},"author":165,"featured_media":0,"parent":0,"menu_order":0,"comment_status":"closed","ping_status":"closed","template":"","meta":{"_acf_changed":false,"ngg_post_thumbnail":0,"footnotes":""},"class_list":["post-2250","page","type-page","status-publish","hentry"],"acf":[],"_links":{"self":[{"href":"https:\/\/pb.edu.pl\/ofta\/wp-json\/wp\/v2\/pages\/2250","targetHints":{"allow":["GET"]}}],"collection":[{"href":"https:\/\/pb.edu.pl\/ofta\/wp-json\/wp\/v2\/pages"}],"about":[{"href":"https:\/\/pb.edu.pl\/ofta\/wp-json\/wp\/v2\/types\/page"}],"author":[{"embeddable":true,"href":"https:\/\/pb.edu.pl\/ofta\/wp-json\/wp\/v2\/users\/165"}],"replies":[{"embeddable":true,"href":"https:\/\/pb.edu.pl\/ofta\/wp-json\/wp\/v2\/comments?post=2250"}],"version-history":[{"count":0,"href":"https:\/\/pb.edu.pl\/ofta\/wp-json\/wp\/v2\/pages\/2250\/revisions"}],"wp:attachment":[{"href":"https:\/\/pb.edu.pl\/ofta\/wp-json\/wp\/v2\/media?parent=2250"}],"curies":[{"name":"wp","href":"https:\/\/api.w.org\/{rel}","templated":true}]}}