{"id":2245,"date":"2024-07-17T12:22:46","date_gmt":"2024-07-17T10:22:46","guid":{"rendered":"https:\/\/pb.edu.pl\/ofta\/?page_id=2245"},"modified":"2025-08-11T13:22:30","modified_gmt":"2025-08-11T11:22:30","slug":"organizacja","status":"publish","type":"page","link":"https:\/\/pb.edu.pl\/ofta\/organizacja\/","title":{"rendered":"Organizacja"},"content":{"rendered":"<h2>Przewodnicz\u0105cy Konferencji<\/h2>\n<p><strong>Prof. Wies\u0142aw Woli\u0144ski<\/strong>, Politechnika Warszawska \u2013 Honorowy Przewodnicz\u0105cy Komitetu<\/p>\n<p><strong>Prof. Jan Dorosz<\/strong>, Politechnika Bia\u0142ostocka \u2013 Przewodnicz\u0105cy Komitetu<\/p>\n<p><strong>Prof. Ryszard Romaniuk<\/strong>, Politechnika Warszawska \u2013 Wsp\u00f3\u0142przewodnicz\u0105cy Komitetu<\/p>\n<hr>\n<h2>Komitet Naukowy<\/h2>\n<p><strong>Prof. Ryszard Buczy\u0144ski<\/strong>, Uniwersytet Warszawski<\/p>\n<p><strong>Prof. Anna Cysewska-Sobusiak<\/strong>, Politechnika Pozna\u0144ska<\/p>\n<p><strong>Prof. Jan Dorosz<\/strong>, Politechnika Bia\u0142ostocka<\/p>\n<p><strong>Prof. Dominik Dorosz<\/strong>, Akademia G\u00f3rniczo-Hutnicza w Krakowie<\/p>\n<p><strong>Prof. Zdzis\u0142aw Jankiewicz<\/strong>, Wojskowa Akademia Techniczna<\/p>\n<p><strong>Prof. Leszek R. Jaroszewicz<\/strong>, Wojskowa Akademia Techniczna<\/p>\n<p><strong>Prof. Piotr Kisa\u0142a<\/strong>, Politechnika Lubelska<\/p>\n<p><strong>Prof. Marcin Kochanowicz<\/strong>, Politechnika Bia\u0142ostocka<\/p>\n<p><strong>Prof. Ma\u0142gorzata Kujawi\u0144ska<\/strong>, Politechnika Warszawska<\/p>\n<p><strong>Dr hab. Piotr Lesiak, prof. ucz.<\/strong>, Politechnika Warszawska<\/p>\n<p><strong>Dr hab. Erwin Maciak, prof. ucz.<\/strong>, Politechnika \u015al\u0105ska<\/p>\n<p><strong>Dr hab. Pawe\u0142 Mergo, prof. ucz.<\/strong>, Uniwersytet Marii Curie-Sk\u0142odowskiej w Lublinie<\/p>\n<p><strong>Dr hab. Piotr Miluski, prof. ucz.<\/strong>, Politechnika Bia\u0142ostocka<\/p>\n<p><strong>Prof. Jaros\u0142aw My\u015bliwiec<\/strong>, Politechnika Wroc\u0142awska<\/p>\n<p><strong>Dr hab. Ryszard Piramidowicz, prof. ucz.<\/strong>, Politechnika Warszawska<\/p>\n<p><strong>Prof. Joanna Pisarska<\/strong>, Uniwersytet \u015al\u0105ski, Katowice<\/p>\n<p><strong>Prof. Wojciech Pisarski<\/strong>, Uniwersytet \u015al\u0105ski, Katowice<\/p>\n<p><strong>Prof. Tadeusz Pustelny<\/strong>, Politechnika \u015al\u0105ska<\/p>\n<p><strong>Prof. Antoni Rogalski<\/strong>, Wojskowa Akademia Techniczna<\/p>\n<p><strong>Prof. Ryszard Romaniuk<\/strong>, Politechnika Warszawska<\/p>\n<p><strong>Dr hab. Jaros\u0142aw Sotor, prof. ucz.<\/strong>, Politechnika Wroc\u0142awska<\/p>\n<p><strong>Prof. Wac\u0142aw Urba\u0144czyk<\/strong>, Politechnika Wroc\u0142awska<\/p>\n<p><strong>Prof. Tomasz Woli\u0144ski<\/strong>, Politechnika Warszawska<\/p>\n<p><strong>Prof. Wies\u0142aw Woli\u0144ski<\/strong>, Politechnika Warszawska<\/p>\n<p><strong>Prof. Andrzej Zaj\u0105c<\/strong>, Wojskowa Akademia Techniczna<\/p>\n<hr>\n<h2>Komitet Organizacyjny<\/h2>\n<p><strong>Piotr Miluski<\/strong>, Politechnika Bia\u0142ostocka \u2013 Przewodnicz\u0105cy Komitetu Organizacyjnego<\/p>\n<p><strong>Jacek Kusznier<\/strong>, Politechnika Bia\u0142ostocka \u2013 Sekretarz<\/p>\n<p><strong>Marcin Kochanowicz<\/strong>, Politechnika Bia\u0142ostocka<\/p>\n<p><strong>Dominik Dorosz<\/strong>, Akademia G\u00f3rniczo-Hutnicza w Krakowie<\/p>\n<p><strong>Tomasz Ragi\u0144<\/strong>, Politechnika Bia\u0142ostocka<\/p>\n<hr>\n<h2>Organizatorzy Konferencji<\/h2>\n<p>Politechnika Bia\u0142ostocka, Wydzia\u0142 Elektryczny (Polska)<\/p>\n<p>Polskie Towarzystwo Elektrotechniki Teoretycznej i Stosowanej (PTETiS) (Polska)<\/p>\n","protected":false},"excerpt":{"rendered":"<p>Przewodnicz\u0105cy Konferencji Prof. Wies\u0142aw Woli\u0144ski, Politechnika Warszawska \u2013 Honorowy Przewodnicz\u0105cy Komitetu Prof. Jan Dorosz, Politechnika<\/p>\n","protected":false},"author":165,"featured_media":0,"parent":0,"menu_order":0,"comment_status":"closed","ping_status":"closed","template":"","meta":{"_acf_changed":false,"ngg_post_thumbnail":0,"footnotes":""},"class_list":["post-2245","page","type-page","status-publish","hentry"],"acf":[],"_links":{"self":[{"href":"https:\/\/pb.edu.pl\/ofta\/wp-json\/wp\/v2\/pages\/2245","targetHints":{"allow":["GET"]}}],"collection":[{"href":"https:\/\/pb.edu.pl\/ofta\/wp-json\/wp\/v2\/pages"}],"about":[{"href":"https:\/\/pb.edu.pl\/ofta\/wp-json\/wp\/v2\/types\/page"}],"author":[{"embeddable":true,"href":"https:\/\/pb.edu.pl\/ofta\/wp-json\/wp\/v2\/users\/165"}],"replies":[{"embeddable":true,"href":"https:\/\/pb.edu.pl\/ofta\/wp-json\/wp\/v2\/comments?post=2245"}],"version-history":[{"count":0,"href":"https:\/\/pb.edu.pl\/ofta\/wp-json\/wp\/v2\/pages\/2245\/revisions"}],"wp:attachment":[{"href":"https:\/\/pb.edu.pl\/ofta\/wp-json\/wp\/v2\/media?parent=2245"}],"curies":[{"name":"wp","href":"https:\/\/api.w.org\/{rel}","templated":true}]}}