{"id":2202,"date":"2024-07-17T10:09:25","date_gmt":"2024-07-17T08:09:25","guid":{"rendered":"https:\/\/pb.edu.pl\/ofta\/?page_id=2202"},"modified":"2025-01-28T14:32:55","modified_gmt":"2025-01-28T13:32:55","slug":"dla-uczestnikow","status":"publish","type":"page","link":"https:\/\/pb.edu.pl\/ofta\/dla-uczestnikow\/","title":{"rendered":"Dla uczestnik\u00f3w"},"content":{"rendered":"<h1>Wa\u017cne Daty<\/h1>\n<ul>\n<li>Rejestracja: <strong>16 grudnia 2024 r.<\/strong><\/li>\n<li>Data uiszczenia op\u0142aty: <strong>23 grudnia 2024 r.<\/strong><\/li>\n<li>Konferencja: <strong>20 &#8211; 23 stycznia 2025 r.<\/strong><\/li>\n<\/ul>\n<hr>\n<h1>Publikacja materia\u0142\u00f3w<\/h1>\n<p>Organizatorzy i <a href=\"https:\/\/photonics.pl\/PLP\/index.php\/letters\/information\/authors\">PLP<\/a> uzgodnili wsp\u00f3\u0142prac\u0119 w zakresie publikacji materia\u0142\u00f3w konferencyjnych z konferencji \u201e\u015awiat\u0142owody i ich Zastosowania\u201d (OFTA 2025), kt\u00f3ra odb\u0119dzie si\u0119 w Bia\u0142ymstoku, Polska, w dniach 20 &#8211; 23 stycznia 2025 r.<\/p>\n<p>Materia\u0142y z konferencji zostan\u0105 opublikowane w Photonics Letters of Poland (PLP), kt\u00f3re jest renomowanym czasopismem naukowym publikuj\u0105cym artyku\u0142y z zakresu fotoniki. PLP jest indeksowane w bazach danych takich jak Scopus i Web of Science, oferuj\u0105c szeroki dost\u0119p do wynik\u00f3w bada\u0144 i innowacji w dziedzinie fotoniki. Czasopismo zapewnia wysoki standard naukowy dzi\u0119ki recenzji przez uznanych ekspert\u00f3w, co gwarantuje wysok\u0105 jako\u015b\u0107 publikowanych prac.<\/p>\n<p>Termin elektronicznego nadsy\u0142ania publikacji to <strong>14 luty 2025<\/strong>.<\/p>\n<p>Uczestnicy Konferencji mog\u0105 liczy\u0107 na 20% zni\u017ck\u0119 w PLP.<\/p>\n<p>Istnieje tak\u017ce mo\u017cliwo\u015b\u0107 opublikowania prac w renomowanym czasopi\u015bmie Electronics wydawnictwa MDPI w ramach specjalnego wydania pt. \u201eFiber-Optic Communication System: Current Status and Future Prospects\u201d.<\/p>\n<p>Materia\u0142y w \u201eElectronics\u201d b\u0119d\u0105 publikowane w otwartym dost\u0119pie (Open Access), co zapewnia szerok\u0105 widoczno\u015b\u0107 i dost\u0119pno\u015b\u0107. Czasopismo jest indeksowane w wiod\u0105cych bazach danych, takich jak Scopus i Web of Science (SCIE), a jego wska\u017aniki naukowe to Impact Factor 2.6 oraz CiteScore 5.3. Szczeg\u00f3\u0142owe informacje na temat publikacji dost\u0119pne s\u0105 w <a href=\"https:\/\/pb.edu.pl\/ofta\/wp-content\/uploads\/sites\/130\/2024\/11\/flyer.pdf\">ulotce MDPI Electronics<\/a>.<\/p>\n<p><a href=\"https:\/\/pb.edu.pl\/ofta\/wp-content\/uploads\/sites\/130\/2024\/08\/szablon.docx\"><strong>Obowi\u0105zkowy szablon do przygotowania streszczenia (1 strona, 50 KB)<\/strong><\/a><\/p>\n<hr>\n<h1>Op\u0142aty<\/h1>\n<p>Koszt udzia\u0142u w konferencji wynosi 3000 PLN.<\/p>\n<p>Doktoranci \/ Studenci \u2013 2600 PLN.<\/p>\n<p>Zakwaterowanie w pokoju 1-osobowym +500 PLN.<\/p>\n<p>Op\u0142ata obejmuje: zakwaterowanie (3 noce), wy\u017cywienie, bankiet, materia\u0142y konferencyjne, imprezy towarzysz\u0105ce.<\/p>\n<h4><strong>Dane do przelewu:<\/strong><\/h4>\n<p><strong>W\u0142a\u015bciciel konta:<\/strong> PTETiS O \/ Bia\u0142ostocki, ul. Wiejska 45D,&nbsp;15-351 Bia\u0142ystok<\/p>\n<p><strong>NIP:<\/strong> 526-17-23-697<\/p>\n<p><strong>Bank:<\/strong> BNP Paribas Bank Polska S.A.<\/p>\n<p><strong>IBAN:<\/strong> PL81 1600 1462 1833 4592 6000 0001<\/p>\n<p><strong>BIC:<\/strong> PPABPLPK<\/p>\n<p><strong>Tytu\u0142 przelewu:<\/strong> OFTA2025 \u2013 imi\u0119 nazwisko<\/p>\n<p>Uwaga &#8211; koszty przelewu pokrywa uczestnik.<\/p>\n<hr>\n<h1>Oferta dla firm<\/h1>\n<p>Koszt udzia\u0142u firmy w konferencji wynosi 4000 PLN.<\/p>\n<p>Op\u0142ata obejmuje:<\/p>\n<ul>\n<li>Zakwaterowanie z pe\u0142nym wy\u017cywieniem w pokoju 2-osobowym (pok\u00f3j 1-osobowy +500 PLN),<\/li>\n<li>Udzia\u0142 w konferencji,<\/li>\n<li>Publikacj\u0119 streszcze\u0144 w materia\u0142ach konferencyjnych,<\/li>\n<li>Materia\u0142y konferencyjne,<\/li>\n<li>Prezentacj\u0119 na sesji (je\u015bli dostarczono streszczenie),<\/li>\n<li>Imprezy towarzysz\u0105ce.<\/li>\n<\/ul>\n<p>Uwaga &#8211; prezentacja oferty na stoisku (powierzchnia oko\u0142o 2 m\u00b2) podczas trwania konferencji +1000 PLN.<\/p>\n<h4><strong>Dane do przelewu:<\/strong><\/h4>\n<p><strong>W\u0142a\u015bciciel konta:<\/strong> PTETiS O \/ Bia\u0142ostocki, ul. Wiejska 45 D, 15-351 Bia\u0142ystok<\/p>\n<p><strong>Numer konta:<\/strong> BNP Paribas Bank Polska S.A., 81 1600 1462 1833 4592 6000 0001<\/p>\n<p>Op\u0142aty nale\u017cy wnie\u015b\u0107 do 01.12.2024 z adnotacj\u0105: OFTA2025 &#8211; nazwa firmy &#8211; imi\u0119 nazwisko.<\/p>\n","protected":false},"excerpt":{"rendered":"<p>Wa\u017cne Daty Rejestracja: 16 grudnia 2024 r. Data uiszczenia op\u0142aty: 23 grudnia 2024 r. Konferencja:<\/p>\n","protected":false},"author":165,"featured_media":0,"parent":0,"menu_order":0,"comment_status":"closed","ping_status":"closed","template":"","meta":{"_acf_changed":false,"ngg_post_thumbnail":0,"footnotes":""},"class_list":["post-2202","page","type-page","status-publish","hentry"],"acf":[],"_links":{"self":[{"href":"https:\/\/pb.edu.pl\/ofta\/wp-json\/wp\/v2\/pages\/2202","targetHints":{"allow":["GET"]}}],"collection":[{"href":"https:\/\/pb.edu.pl\/ofta\/wp-json\/wp\/v2\/pages"}],"about":[{"href":"https:\/\/pb.edu.pl\/ofta\/wp-json\/wp\/v2\/types\/page"}],"author":[{"embeddable":true,"href":"https:\/\/pb.edu.pl\/ofta\/wp-json\/wp\/v2\/users\/165"}],"replies":[{"embeddable":true,"href":"https:\/\/pb.edu.pl\/ofta\/wp-json\/wp\/v2\/comments?post=2202"}],"version-history":[{"count":0,"href":"https:\/\/pb.edu.pl\/ofta\/wp-json\/wp\/v2\/pages\/2202\/revisions"}],"wp:attachment":[{"href":"https:\/\/pb.edu.pl\/ofta\/wp-json\/wp\/v2\/media?parent=2202"}],"curies":[{"name":"wp","href":"https:\/\/api.w.org\/{rel}","templated":true}]}}