{"id":2509,"date":"2025-01-23T14:19:23","date_gmt":"2025-01-23T13:19:23","guid":{"rendered":"https:\/\/pb.edu.pl\/ofta\/?page_id=2509"},"modified":"2025-01-23T15:50:11","modified_gmt":"2025-01-23T14:50:11","slug":"conference-program","status":"publish","type":"page","link":"https:\/\/pb.edu.pl\/ofta\/en\/conference-program\/","title":{"rendered":"Conference Program"},"content":{"rendered":"<table>\n<thead>\n<tr>\n<th>Time<\/th>\n<th>Event<\/th>\n<\/tr>\n<\/thead>\n<tbody>\n        <!-- Poniedzia\u0142ek --><\/p>\n<tr>\n<td colspan=\"2\" class=\"full-width2\"><strong>20.01 &#8211; Monday<\/strong><\/td>\n<\/tr>\n<tr>\n<td>16:00 &#8211; 20:00<\/td>\n<td>Arrival, accommodation, and participant registration<\/td>\n<\/tr>\n<tr>\n<td>18:00 &#8211; 20:00<\/td>\n<td><strong>Dinner<\/strong><\/td>\n<\/tr>\n<p>        <!-- Wtorek --><\/p>\n<tr>\n<td colspan=\"2\" class=\"full-width2\"><strong>21.01 &#8211; Tuesday<\/strong><\/td>\n<\/tr>\n<tr>\n<td>7:30 &#8211; 9:30<\/td>\n<td><strong>Breakfast \/ Registration<\/strong><\/td>\n<\/tr>\n<tr>\n<td>09:30 &#8211; 10:00<\/td>\n<td>Official Opening<\/td>\n<\/tr>\n<p>        <!-- SESJA: \u015aWIAT\u0141OWODY I POMIARY CZ. 1 --><\/p>\n<tr>\n<td colspan=\"2\" class=\"full-width\"><strong>SESSION: FIBER OPTICS AND MEASUREMENTS PART 1<\/strong><\/td>\n<\/tr>\n<tr>\n<td>10:00 &#8211; 10:15<\/td>\n<td>Kamil Barczak: Optomechaniczny przetwornik stopnia wyd\u0142u\u017cenia kompensator\u00f3w w gazoci\u0105gach przesy\u0142owych<\/td>\n<\/tr>\n<tr>\n<td>10:15 &#8211; 10:30<\/td>\n<td>Damian Harasim: Cascaded P-TFBG for wavelength-shift based SRI measurement with reduced polarization cross-sensitivity<\/td>\n<\/tr>\n<tr>\n<td>10:30 &#8211; 10:45<\/td>\n<td>Anna Jusza: Oznaczanie st\u0119\u017ce\u0144 azotan\u00f3w, azotyn\u00f3w, fosforan\u00f3w oraz jon\u00f3w amonowych w \u015brodowisku wodnym metodami spektroskopii optycznej<\/td>\n<\/tr>\n<tr>\n<td>10:45 &#8211; 11:00<\/td>\n<td>Gabriela Statkiewicz-Barabach: In\u017cynieria czu\u0142o\u015bci w \u015bwiat\u0142owodowych pomiarach roz\u0142o\u017conych<\/td>\n<\/tr>\n<tr>\n<td>11:00 &#8211; 11:30<\/td>\n<td><strong>Coffee break<\/strong><\/td>\n<\/tr>\n<p>        <!-- SESJA: \u015aWIAT\u0141OWODY I POMIARY CZ. 2 --><\/p>\n<tr>\n<td colspan=\"2\" class=\"full-width\"><strong>SESSION: FIBER OPTICS AND MEASUREMENTS PART 2<\/strong><\/td>\n<\/tr>\n<tr>\n<td>11:30 &#8211; 11:45<\/td>\n<td>S\u0142awomir Ci\u0119szczyk: Analiza widm siatek TFBG w celu wyznaczania przesuni\u0119cia d\u0142ugo\u015bci fali odci\u0119cia przy zmianach SRI<\/td>\n<\/tr>\n<tr>\n<td>11:45 &#8211; 12:00<\/td>\n<td>Patryk Soko\u0142owski: Fiber optic method for the detection of viral RNA \u2013 preliminary study<\/td>\n<\/tr>\n<tr>\n<td>12:00 &#8211; 12:15<\/td>\n<td>Erwin Maciak: Fotoniczne narz\u0119dzia do selektywnej detekcji zagro\u017ce\u0144 ekosystem\u00f3w wodnych i zanieczyszcze\u0144 osad\u00f3w dennych<\/td>\n<\/tr>\n<tr>\n<td>12:15 &#8211; 12:30<\/td>\n<td>Micha\u0142 Nikodem: \u015awiat\u0142owody z pustym rdzeniem w spektroskopii laserowej i detekcji \u015bladowych st\u0119\u017ce\u0144 gaz\u00f3w<\/td>\n<\/tr>\n<tr>\n<td>12:30 &#8211; 12:45<\/td>\n<td>Agata Baranowska: Luminescence-based approach for evaluating the degradation of bioactive glass fibers<\/td>\n<\/tr>\n<tr>\n<td>12:45 &#8211; 13:30<\/td>\n<td>Break<\/td>\n<\/tr>\n<tr>\n<td>13:30 &#8211; 15:00<\/td>\n<td><strong>Lunch<\/strong><\/td>\n<\/tr>\n<p>        <!-- SESJA: \u015aWIAT\u0141OWODY ZASTOSOWANIA --><\/p>\n<tr>\n<td colspan=\"2\" class=\"full-width\"><strong>SESJA: SESSION: FIBER OPTICS AND APPLICATIONS<\/strong><\/td>\n<\/tr>\n<tr>\n<td>15:00 &#8211; 15:15<\/td>\n<td>S\u0142awomir Sujecki: Analiza spontanicznej emisji Ramana w \u015bwiat\u0142owodzie telekomunikacyjnym przysy\u0142aj\u0105cym sygna\u0142 klasyczny i kwantowy<\/td>\n<\/tr>\n<tr>\n<td>15:15 &#8211; 15:30<\/td>\n<td>S\u0142awomir Ertman: Tr\u00f3jwymiarowe mikrostrukturalne g\u0142owice \u015bwiat\u0142owodowe wykonane przy u\u017cyciu polimeryzacji dwufotonowej \u2013 stan wiedzy i potencja\u0142 rozwoju<\/td>\n<\/tr>\n<tr>\n<td>15:30 &#8211; 15:45<\/td>\n<td>Adam Filipkowski: Optyczny sprz\u0119gacz wi\u0105zki wirowej dla \u015bwiat\u0142owodowego mikroreaktora przep\u0142ywowego<\/td>\n<\/tr>\n<tr>\n<td>15:45 &#8211; 16:00<\/td>\n<td>Piotr Lesiak: Zjawisko samoorganizacji materia\u0142\u00f3w wielosk\u0142adnikowych na bazie ciek\u0142ych kryszta\u0142\u00f3w w uk\u0142adach niskowymiarowych<\/td>\n<\/tr>\n<tr>\n<td>16:00 &#8211; 16:30<\/td>\n<td>Discussion Panel: Photonics \u2013 Present and Future<\/td>\n<\/tr>\n<tr>\n<td>16:30 &#8211; 17:00<\/td>\n<td><strong>Coffee break<\/strong><\/td>\n<\/tr>\n<tr>\n<td>18:00 &#8211; 19:30<\/td>\n<td><strong>Meeting of the Scientific Committee<\/strong><\/td>\n<\/tr>\n<tr>\n<td>20:00<\/td>\n<td><strong>Gala Dinner<\/strong><\/td>\n<\/tr>\n<p>                <!-- \u015aroda --><\/p>\n<tr>\n<td colspan=\"2\" class=\"full-width2\"><strong>22.01 &#8211; Wednesday<\/strong><\/td>\n<\/tr>\n<tr>\n<td>7:30 &#8211; 9:00<\/td>\n<td><strong>Breakfast<\/strong><\/td>\n<\/tr>\n<tr>\n<td>9:00 &#8211; 13:00<\/td>\n<td>Excursion Organized by the Hosts<\/td>\n<\/tr>\n<tr>\n<td>13:30 &#8211; 15:00<\/td>\n<td><strong>Lunch<\/strong><\/td>\n<\/tr>\n<p>        <!-- SESJA: \u015aWIAT\u0141OWODY LUMINESCENCYJNE --><\/p>\n<tr>\n<td colspan=\"2\" class=\"full-width\"><strong>SESSION: LUMINESCENT FIBER OPTICS<\/strong><\/td>\n<\/tr>\n<tr>\n<td>15:00 &#8211; 15:15<\/td>\n<td>Marcin Franczyk: Przew\u0119\u017cone w\u0142\u00f3kno wielordzeniowe domieszkowane Yb\u00b3\u207a do zastosowa\u0144 w laserach du\u017cych mocy<\/td>\n<\/tr>\n<tr>\n<td>15:15 &#8211; 15:30<\/td>\n<td>Wojciech Pisarski: Szk\u0142a tytanowo-germanianowe domieszkowane jonami ziem rzadkich do zastosowa\u0144 emisyjnych w zakresie IR<\/td>\n<\/tr>\n<tr>\n<td>15:30 &#8211; 15:45<\/td>\n<td>\u0141ukasz S\u00f3jka: Impulsowy laser \u015bwiat\u0142owodowy generuj\u0105cy promieniowanie o d\u0142ugo\u015bci fali oko\u0142o 2 \u03bcm, wykonany na bazie \u015bwiat\u0142owod\u00f3w wielopier\u015bcieniowych domieszkowanych jonami Tm\u00b3\u207a<\/td>\n<\/tr>\n<tr>\n<td>15:45 &#8211; 16:00<\/td>\n<td>Karolina Sadowska: Investigation of the luminescent properties of SiLiZn glass-ceramic phosphor doped Cr\u00b3\u207a\/Cr\u2074\u207a<\/td>\n<\/tr>\n<tr>\n<td>16:00 &#8211; 16:15<\/td>\n<td>Jakub Markiewicz: Profilowanie emisji w zakresie bliskiej podczerwieni w \u015bwiat\u0142owodach aktywnych<\/td>\n<\/tr>\n<tr>\n<td>16:15 &#8211; 16:30<\/td>\n<td>Piotr Miluski: Wielopier\u015bcieniowe \u015bwiat\u0142owody domieszkowane Tm\u00b3\u207a\/Ho\u00b3\u207a do nowych konstrukcji laser\u00f3w i \u017ar\u00f3de\u0142 emisji ASE<\/td>\n<\/tr>\n<tr>\n<td>16:30 &#8211; 17:00<\/td>\n<td><strong>Coffee break<\/strong><\/td>\n<\/tr>\n<tr>\n<td>19:00 &#8211; 23:00<\/td>\n<td><strong>Dinner \u2013 Bonfire and Sleigh Ride<\/strong><\/td>\n<\/tr>\n<p>        <!-- Czwartek --><\/p>\n<tr>\n<td colspan=\"2\" class=\"full-width2\"><strong>23.01 &#8211; Thursday<\/strong><\/td>\n<\/tr>\n<tr>\n<td>7:30 &#8211; 9:00<\/td>\n<td><strong>Breakfast<\/strong><\/td>\n<\/tr>\n<tr>\n<td>9:00 &#8211; 10:00<\/td>\n<td><strong>Poster Session<\/strong><\/p>\n<p><\/p>\n<ol style=\"text-align: left\">\n<li>Ryszard Buczy\u0144ski: 3D printing of optical fiber preforms with soft glass for development of nonlinear photonic crystal fibers<\/li>\n<li>Dominik Dorosz: YPO<sub>4<\/sub>:Yb<sup>3+<\/sup> and Al<sub>2<\/sub>O<sub>3<\/sub>:Cr<sup>3+<\/sup> containing fibers with optical on\/off gain using glass powder doping<\/li>\n<li>Iwona Drzewicz: Wytwarzanie \u015bwiat\u0142owod\u00f3w step-index ze szk\u0142a fluorkowego typu ZBLAN<\/li>\n<li>Grzegorz \u017begli\u0144ski: W\u0142a\u015bciwo\u015bci napr\u0119\u017ceniowe \u015bwiat\u0142owodu nanostrukryzowanego typu Large Mode Area<\/li>\n<li>Mateusz M\u0105dry: Uczenie maszynowe w jednoczesnym pomiarze temperatury i wilgotno\u015bci wzgl\u0119dnej za pomoc\u0105 \u015bwiat\u0142owodowego czujnika roz\u0142o\u017conego<\/li>\n<li>Krzysztof Skorupski, Jacek Klimek, Pawe\u0142 Panas: The influence of polarization changes on the parameters of the TFBG and P-TFBG for SRI measurements<\/li>\n<li>Tomasz Ragi\u0144: W\u0142a\u015bciwo\u015bci optyczne cienkowarstwowych szkie\u0142 domieszkowanych erbem wytwarzanych metod\u0105 RF-sputtering<\/li>\n<li>Yiwen Zhu: A novel magneto-optical immunoassay biosensor based on optical fiber and magnetic nanoparticles<\/li>\n<li>Mateusz J\u00f3zwicki: Po\u0142\u0105czenia trwa\u0142e pomi\u0119dzy \u015bwiat\u0142owodem standardowym a \u015bwiat\u0142owodem hollow-core<\/li>\n<li>Lidia Czy\u017cewska: Odporno\u015b\u0107 termiczna twardego lakieru akrylowego<\/li>\n<li>Ma\u0142gorzata Gil-Kowalczyk: Mo\u017cliwo\u015b\u0107 wykorzystania TMPTA, jako wysokotemperaturowej pow\u0142oki ochronnej \u015bwiat\u0142owod\u00f3w<\/li>\n<li>Aleksandra Pa\u015bnikowska: Multi-channel transmitters for free-space optical communication systems<\/li>\n<li>Grzegorz Orlicki: Fiber optic sensor for mechanical component surfaces\u2019 condition assessment<\/li>\n<li>Aleksandra Bieniek-Kaczorek: Zintegrowane fotoniczne interrogatory \u015bwiat\u0142owodowych czujnik\u00f3w braggowskich<\/li>\n<li>Pawe\u0142 Bortnowski: Szk\u0142a fluorocyrkonowe domieszkowane jonami Tm<sup>3+<\/sup> i Tm<sup>3+<\/sup>+Yb<sup>3+<\/sup> &#8211; charakterystyka por\u00f3wnawcza w\u0142a\u015bciwo\u015bci spektroskopowych<\/li>\n<li>Magdalena Le\u015bniak: Wp\u0142yw krystalizacji indukowanej laserem CO\u2082 i tradycyjnej obr\u00f3bki cieplnej na w\u0142a\u015bciwo\u015bci luminescencyjne szk\u0142a tellurowo-germanianowego domieszkowanego ErF<sub>3<\/sub><\/li>\n<li>Marta Babi\u0144ska: Fiber optic sensor for CRP monitoring in urine and its potential use in artificial urine<\/li>\n<li>Marcin Kochanowicz: \u015awiat\u0142ow\u00f3d LMA domieszkowany jonami Tm<sup>3+<\/sup> i Ho<sup>3+<\/sup> o emisji w zakresie 2 &micro;m<\/li>\n<li>Adrian Herda: Zintegrowany fotoniczny czujnik parametr\u00f3w \u017cyciowych niemowl\u0105t i ma\u0142ych dzieci<\/li>\n<li>Damian Harasim: Reduction of polarization sensitivity of Bragg grating SRI sensors by using P-TFBG cascaded structures<\/li>\n<li>G. Lesly Jimenez: Synthesis of Ln-UCNPs and their hybridization using a microwave-assisted technique<\/li>\n<li>Adrian \u015alipek: Analysis of Ge-on-Si slot and air-suspended Ge waveguides for CO<sub>2<\/sub> sensing at 4.23 &micro;m<\/li>\n<\/ol>\n<\/td>\n<\/tr>\n<p>        <!-- SESJA: \u015aWIAT\u0141OWODY I FALOWODY SPECJALNE --><\/p>\n<tr>\n<td colspan=\"2\" class=\"full-width\"><strong>SESSION: SPECIAL FIBER OPTICS AND WAVEGUIDES<\/strong><\/td>\n<\/tr>\n<tr>\n<td>10:00 &#8211; 10:15<\/td>\n<td>Pawe\u0142 Karasi\u0144ski: Kompozytowe warstwy falowodowe SiOx:TiOy na zakres spektralny Vi-NIR &#8211; stan aktualny i perspektywy<\/td>\n<\/tr>\n<tr>\n<td>10:15 &#8211; 10:30<\/td>\n<td>Magdalena Zi\u0119ba: Wp\u0142yw domieszkowania europem na w\u0142a\u015bciwo\u015bci kompozytowych warstwy falowodowych SiOx:TiOy<\/td>\n<\/tr>\n<tr>\n<td>10:30 &#8211; 10:45<\/td>\n<td>Dorota Stachowiak: Technologie wytwarzania niestandardowych komponent\u00f3w \u015bwiat\u0142owodowych w systemie LDS<\/td>\n<\/tr>\n<tr>\n<td>10:45 &#8211; 11:00<\/td>\n<td>Szymon Matczak: Wytwarzanie mikrosoczewek \u015bwiat\u0142owodowych z wykorzystaniem systemu LDS<\/td>\n<\/tr>\n<tr>\n<td>11:00 &#8211; 11:15<\/td>\n<td>Valiantsin Askirka: Nowe materia\u0142y kompozytowe na bazie polimer\u00f3w wsp\u00f3\u0142domieszkowanych kropkami kwantowymi i lantanowcami<\/td>\n<\/tr>\n<tr>\n<td>11:15<\/td>\n<td>Conference Closing<\/td>\n<\/tr>\n<tr>\n<td>12:00<\/td>\n<td><strong>Lunch<\/strong><\/td>\n<\/tr>\n<tr>\n<td colspan=\"2\" class=\"full-width\"><strong>Check-out of participants after lunch<\/strong><\/td>\n<\/tr>\n<\/tbody>\n<\/table>\n","protected":false},"excerpt":{"rendered":"<p>Time Event 20.01 &#8211; Monday 16:00 &#8211; 20:00 Arrival, accommodation, and participant registration 18:00 &#8211;<\/p>\n","protected":false},"author":165,"featured_media":0,"parent":0,"menu_order":0,"comment_status":"closed","ping_status":"closed","template":"","meta":{"_acf_changed":false,"ngg_post_thumbnail":0,"footnotes":""},"class_list":["post-2509","page","type-page","status-publish","hentry"],"acf":[],"_links":{"self":[{"href":"https:\/\/pb.edu.pl\/ofta\/en\/wp-json\/wp\/v2\/pages\/2509","targetHints":{"allow":["GET"]}}],"collection":[{"href":"https:\/\/pb.edu.pl\/ofta\/en\/wp-json\/wp\/v2\/pages"}],"about":[{"href":"https:\/\/pb.edu.pl\/ofta\/en\/wp-json\/wp\/v2\/types\/page"}],"author":[{"embeddable":true,"href":"https:\/\/pb.edu.pl\/ofta\/en\/wp-json\/wp\/v2\/users\/165"}],"replies":[{"embeddable":true,"href":"https:\/\/pb.edu.pl\/ofta\/en\/wp-json\/wp\/v2\/comments?post=2509"}],"version-history":[{"count":0,"href":"https:\/\/pb.edu.pl\/ofta\/en\/wp-json\/wp\/v2\/pages\/2509\/revisions"}],"wp:attachment":[{"href":"https:\/\/pb.edu.pl\/ofta\/en\/wp-json\/wp\/v2\/media?parent=2509"}],"curies":[{"name":"wp","href":"https:\/\/api.w.org\/{rel}","templated":true}]}}