{"id":925,"date":"2020-12-22T16:20:47","date_gmt":"2020-12-22T15:20:47","guid":{"rendered":"https:\/\/pb.edu.pl\/oficyna-wydawnicza\/?page_id=925"},"modified":"2025-12-04T07:20:12","modified_gmt":"2025-12-04T06:20:12","slug":"wykaz-redaktorow-naukowych-dyscyplin","status":"publish","type":"page","link":"https:\/\/pb.edu.pl\/oficyna-wydawnicza\/dla-autorow\/wykaz-redaktorow-naukowych-dyscyplin\/","title":{"rendered":"Wykaz redaktor\u00f3w naukowych dyscyplin"},"content":{"rendered":"<div class=\"h3\">powo\u0142anych na okres 01.01.2025 \u2013 31.12.2028<\/div>\n<div class=\"table-responsive\">\n<table class=\"table table-striped table borderless\" style=\"width: auto\">\n<thead>\n<tr>\n<td><strong>Dyscyplina naukowa<\/strong><\/td>\n<td><strong>Redaktor naukowy Politechniki Bia\u0142ostockiej<\/strong><\/td>\n<\/tr>\n<\/thead>\n<tbody>\n<tr>\n<td>architektura i urbanistyka<\/td>\n<td>prof. dr hab. in\u017c. arch. Zdzis\u0142aw Pelczarski<\/td>\n<\/tr>\n<tr>\n<td>automatyka, elektronika, elektrotechnika i technologie kosmiczne<\/td>\n<td>prof. dr hab. in\u017c. Jan Dorosz (do 30.09.2027)<\/td>\n<\/tr>\n<tr>\n<td>informatyka techniczna i telekomunikacja<\/td>\n<td>dr hab. in\u017c. Wojciech Kwedlo, prof. PB<\/td>\n<\/tr>\n<tr>\n<td>in\u017cynieria biomedyczna<\/td>\n<td>prof. dr hab. in\u017c. Jolanta Pauk<\/td>\n<\/tr>\n<tr>\n<td>in\u017cynieria l\u0105dowa, geodezja i transport<\/td>\n<td>prof. dr hab. in\u017c. Katarzyna Zabielska-Adamska<\/td>\n<\/tr>\n<tr>\n<td>in\u017cynieria mechaniczna<\/td>\n<td>prof. dr hab. Oleksandr Jewtuszenko<\/td>\n<\/tr>\n<tr>\n<td>in\u017cynieria \u015brodowiska, g\u00f3rnictwo i energetyka<\/td>\n<td>dr hab. in\u017c. Izabela Anna Ta\u0142a\u0142aj, prof. PB<\/td>\n<\/tr>\n<tr>\n<td>matematyka<\/td>\n<td>prof. dr hab. in\u017c. Zbigniew Bartosiewicz<\/td>\n<\/tr>\n<tr>\n<td>nauki le\u015bne<\/td>\n<td>dr Dan Wo\u0142kowycki<\/td>\n<\/tr>\n<tr>\n<td>nauki o zarz\u0105dzaniu i jako\u015bci<\/td>\n<td>dr hab. Ewa Gli\u0144ska, prof. PB<\/td>\n<\/tr>\n<tr>\n<td>sztuki plastyczne i konserwacja dzie\u0142 sztuki<\/td>\n<td>prof. dr hab. Jaros\u0142aw Perszko<\/td>\n<\/tr>\n<\/tbody>\n<\/table>\n<\/div>\n","protected":false},"excerpt":{"rendered":"<p>powo\u0142anych na okres 01.01.2025 \u2013 31.12.2028 Dyscyplina naukowa Redaktor naukowy Politechniki Bia\u0142ostockiej architektura i urbanistyka<\/p>\n","protected":false},"author":2,"featured_media":0,"parent":16,"menu_order":1,"comment_status":"closed","ping_status":"closed","template":"","meta":{"_acf_changed":false,"ngg_post_thumbnail":0,"footnotes":""},"class_list":["post-925","page","type-page","status-publish","hentry"],"acf":[],"_links":{"self":[{"href":"https:\/\/pb.edu.pl\/oficyna-wydawnicza\/wp-json\/wp\/v2\/pages\/925","targetHints":{"allow":["GET"]}}],"collection":[{"href":"https:\/\/pb.edu.pl\/oficyna-wydawnicza\/wp-json\/wp\/v2\/pages"}],"about":[{"href":"https:\/\/pb.edu.pl\/oficyna-wydawnicza\/wp-json\/wp\/v2\/types\/page"}],"author":[{"embeddable":true,"href":"https:\/\/pb.edu.pl\/oficyna-wydawnicza\/wp-json\/wp\/v2\/users\/2"}],"replies":[{"embeddable":true,"href":"https:\/\/pb.edu.pl\/oficyna-wydawnicza\/wp-json\/wp\/v2\/comments?post=925"}],"version-history":[{"count":0,"href":"https:\/\/pb.edu.pl\/oficyna-wydawnicza\/wp-json\/wp\/v2\/pages\/925\/revisions"}],"up":[{"embeddable":true,"href":"https:\/\/pb.edu.pl\/oficyna-wydawnicza\/wp-json\/wp\/v2\/pages\/16"}],"wp:attachment":[{"href":"https:\/\/pb.edu.pl\/oficyna-wydawnicza\/wp-json\/wp\/v2\/media?parent=925"}],"curies":[{"name":"wp","href":"https:\/\/api.w.org\/{rel}","templated":true}]}}