{"id":603,"date":"2019-09-11T14:00:49","date_gmt":"2019-09-11T12:00:49","guid":{"rendered":"https:\/\/pb.edu.pl\/oficyna-wydawnicza\/?page_id=603"},"modified":"2021-05-10T11:15:51","modified_gmt":"2021-05-10T09:15:51","slug":"procedura-recenzji","status":"publish","type":"page","link":"https:\/\/pb.edu.pl\/oficyna-wydawnicza\/procedura-recenzji\/","title":{"rendered":"Procedura recenzji"},"content":{"rendered":"<p>Wszystkie publikacje wydawane w Oficynie Wydawniczej PB, po&nbsp; zg\u0142oszeniu do planu wydawniczego, skompletowaniu materia\u0142u autorskiego, kierowane s\u0105 do&nbsp;recenzji naukowej, kt\u00f3rej&nbsp;celem jest ocena materia\u0142u, wskazanie uchybie\u0144, sformu\u0142owanie uwag dla Autora i&nbsp;jasnej sugestii dla OWPB, czy&nbsp;praca powinna zosta\u0107 opublikowana.<\/p>\n<p>Redaktor naukowy z w\u0142a\u015bciwej dyscypliny ustala recenzent\u00f3w, a prorektor ds. nauki zatwierdza proponowanych recenzent\u00f3w. Recenzentem powinna by\u0107 osoba o uznanym dorobku naukowym lub w zakresie sztuki w dyscyplinie odpowiadaj\u0105cej tematyce publikacji, posiadaj\u0105ca co najmniej stopie\u0144 naukowy, zatrudniona w instytucji innej ni\u017c autor (autorzy) pracy.<\/p>\n<p>Oficyna przekazuje publikacj\u0119 do recenzji wraz z umow\u0105 na recenzj\u0119, klauzul\u0105 informacyjn\u0105, rachunkiem oraz protoko\u0142em odbioru recenzji.<\/p>\n<p>Wed\u0142ug obowi\u0105zuj\u0105cego regulaminu wymagana jest nast\u0119puj\u0105ca liczba recenzji: skrypty \u2013 jedna recenzja; artyku\u0142y naukowe, monografie i podr\u0119czniki \u2013 dwie recenzje.<\/p>\n<p>Warunkiem wydania publikacji s\u0105 pozytywne recenzje. W przypadku negatywnego procesu recenzyjnego Wydawnictwo odst\u0119puje od umowy wydania danej publikacji.<\/p>\n<p>W przypadku gdy jedna z recenzji jest negatywna, a w recenzji recenzent zaleca uzupe\u0142nienie i poprawienie w&nbsp;okre\u015blony spos\u00f3b publikacji i deklaracj\u0119 ponownej recenzji, praca jest po poprawkach autora przesy\u0142ana ponownie do recenzenta. Drugi recenzent jest jednocze\u015bnie informowany o zaistnia\u0142ej sytuacji i ma mo\u017cliwo\u015b\u0107 powt\u00f3rnej weryfikacji publikacji.<\/p>\n<p>Oficyna prosi Recenzenta o okre\u015blenie wk\u0142adu autora do rozwoju danej dyscypliny naukowej lub w&nbsp;zakresie sztuki oraz jednoznaczne stwierdzenie, czy recenzowana praca spe\u0142nia wymogi monografii zgodnie z rozporz\u0105dzeniem MNiSW z dnia 22 lutego 2019 r. w sprawie ewaluacji jako\u015bci dzia\u0142alno\u015bci naukowej \u00a710 lub wymogi artyku\u0142u naukowego \u00a79, czy w przypadku podr\u0119cznika\/skryptu przydatno\u015bci w nauczaniu. Recenzja musi mie\u0107 form\u0119 pisemn\u0105 i musi zawiera\u0107 jednoznaczny wniosek dotycz\u0105cy dopuszczenia lub odrzucenia monografii do publikacji.<\/p>\n<p>Autor ma obowi\u0105zek z\u0142o\u017cy\u0107 do Oficyny pisemne ustosunkowanie si\u0119 do uwag zawartych w&nbsp;recenzjach, kt\u00f3re mo\u017ce by\u0107 udost\u0119pnione recenzentom.<\/p>\n<p>Redaktor naukowy odpowiedzialny za w\u0142a\u015bciw\u0105 dyscyplin\u0119 sprawdza rzetelno\u015b\u0107 wniesionych poprawek oraz uzupe\u0142nie\u0144 (wymaganych w recenzjach) i wnioskuje o wydanie publikacji lub&nbsp;odmow\u0119 jej wydania. W&nbsp;uzasadnionych przypadkach mo\u017ce tak\u017ce skierowa\u0107 prac\u0119 do powt\u00f3rnej lub dodatkowej recenzji.<\/p>\n<p>Ostateczn\u0105 decyzj\u0119 w sprawie przyj\u0119cia publikacji do druku podejmuje prorektor ds. nauki.<\/p>\n<p>Publikacje, kt\u00f3re nie spe\u0142niaj\u0105 wy\u017cej opisanych warunk\u00f3w mog\u0105 by\u0107 wydane jedynie na prawach r\u0119kopisu, bez numer\u00f3w ISBN oraz ISSN.<\/p>\n","protected":false},"excerpt":{"rendered":"<p>Wszystkie publikacje wydawane w Oficynie Wydawniczej PB, po&nbsp; zg\u0142oszeniu do planu wydawniczego, skompletowaniu materia\u0142u autorskiego,<\/p>\n","protected":false},"author":2,"featured_media":0,"parent":0,"menu_order":8,"comment_status":"closed","ping_status":"closed","template":"","meta":{"_acf_changed":false,"ngg_post_thumbnail":0,"footnotes":""},"class_list":["post-603","page","type-page","status-publish","hentry"],"acf":[],"_links":{"self":[{"href":"https:\/\/pb.edu.pl\/oficyna-wydawnicza\/wp-json\/wp\/v2\/pages\/603","targetHints":{"allow":["GET"]}}],"collection":[{"href":"https:\/\/pb.edu.pl\/oficyna-wydawnicza\/wp-json\/wp\/v2\/pages"}],"about":[{"href":"https:\/\/pb.edu.pl\/oficyna-wydawnicza\/wp-json\/wp\/v2\/types\/page"}],"author":[{"embeddable":true,"href":"https:\/\/pb.edu.pl\/oficyna-wydawnicza\/wp-json\/wp\/v2\/users\/2"}],"replies":[{"embeddable":true,"href":"https:\/\/pb.edu.pl\/oficyna-wydawnicza\/wp-json\/wp\/v2\/comments?post=603"}],"version-history":[{"count":0,"href":"https:\/\/pb.edu.pl\/oficyna-wydawnicza\/wp-json\/wp\/v2\/pages\/603\/revisions"}],"wp:attachment":[{"href":"https:\/\/pb.edu.pl\/oficyna-wydawnicza\/wp-json\/wp\/v2\/media?parent=603"}],"curies":[{"name":"wp","href":"https:\/\/api.w.org\/{rel}","templated":true}]}}