{"id":596,"date":"2019-09-11T13:55:21","date_gmt":"2019-09-11T11:55:21","guid":{"rendered":"https:\/\/pb.edu.pl\/oficyna-wydawnicza\/?page_id=596"},"modified":"2023-01-18T21:32:12","modified_gmt":"2023-01-18T20:32:12","slug":"zasady-etyki-wydawniczej","status":"publish","type":"page","link":"https:\/\/pb.edu.pl\/oficyna-wydawnicza\/zasady-etyki-wydawniczej\/","title":{"rendered":"Zasady etyki wydawniczej"},"content":{"rendered":"<p>Oficyna Wydawnicza Politechniki Bia\u0142ostockiej stosuje najwy\u017csze standardy publikacyjne i&nbsp;kieruje si\u0119 zasadami etyki wydawniczej, maj\u0105cymi na celu przeciwdzia\u0142anie nieuczciwym praktykom publikacyjnym. Stosujemy si\u0119 do wytycznych Komitetu do spraw Etyki Publikacyjnej COPE (ang. Committee on Publication Ethics) <a href=\"https:\/\/publicationethics.org\/\">publicationethics.org<\/a> (<a class=\"pdf\" href=\"https:\/\/pb.edu.pl\/oficyna-wydawnicza\/wp-content\/uploads\/sites\/4\/2019\/09\/Full-set-of-Polish-flowcharts.pdf\" target=\"_blank\" rel=\"noopener\">instrukcje post\u0119powania w j\u0119zyku polskim <span>(PDF, 386 KB, otworzy si\u0119 w nowej karcie)<\/span><\/a>) oraz do zalece\u0144 Ministerstwa Nauki i Szkolnictwa Wy\u017cszego zawarte w opracowaniu <a class=\"pdf\" href=\"https:\/\/pb.edu.pl\/oficyna-wydawnicza\/wp-content\/uploads\/sites\/4\/2019\/09\/MNiSW-Dobre-praktykiw-procedurach-recenzyjnych-w-nauce.pdf\" target=\"_blank\" rel=\"noopener\">Dobre praktyki w procedurach recenzyjnych w nauce (Warszawa 2011) <span>(PDF, 2 MB, otworzy si\u0119 w nowej karcie)<\/span><\/a>.<\/p>\n<p>Autor, zg\u0142aszaj\u0105c prac\u0119 do&nbsp;wydania w&nbsp;Oficynie Wydawniczej PB, jest zobowi\u0105zany do&nbsp;zagwarantowania pe\u0142nej oryginalno\u015bci dzie\u0142a, a&nbsp;tak\u017ce do&nbsp;wyeliminowania takich zjawisk, jak:<\/p>\n<ul>\n<li>plagiat, czyli przyw\u0142aszczenie cudzego utworu w&nbsp;ca\u0142o\u015bci b\u0105d\u017a w&nbsp;cz\u0119\u015bci,<\/li>\n<li>autoplagiat (zduplikowanie publikacji), czyli opublikowanie w\u0142asnego utworu w&nbsp;ca\u0142o\u015bci lub w&nbsp;cz\u0119\u015bci w&nbsp;wi\u0119cej ni\u017c jednym wydawnictwie.<\/li>\n<\/ul>\n<p>Autor, zg\u0142aszaj\u0105c prac\u0119 do&nbsp;wydania w&nbsp;Oficynie Wydawniczej PB, jest zobowi\u0105zany do o\u015bwiadczenia, \u017ce:<\/p>\n<ul>\n<li>zgodnie z&nbsp;ustaw\u0105 z dnia 4 lutego 1994 r. o prawie autorskim i prawach pokrewnych (Dz.U. 2018, poz. 1191, z&nbsp;p\u00f3\u017an. zm.) dysponuje prawami autorskimi do Utworu, zar\u00f3wno do tekstu, jak i materia\u0142u ilustracyjnego (fotografii, rysunk\u00f3w, wykres\u00f3w);<\/li>\n<li>utw\u00f3r jest ca\u0142kowicie oryginalny i nie zawiera \u017cadnych zapo\u017cycze\u0144 z innego utworu, kt\u00f3re mog\u0142yby spowodowa\u0107 odpowiedzialno\u015b\u0107 Wydawcy;<\/li>\n<li>utw\u00f3r nie by\u0142 dotychczas w ca\u0142o\u015bci opublikowany;<\/li>\n<li>prawa autorskie do Utworu nie s\u0105 ograniczone w zakresie obj\u0119tym umow\u0105 wydawnicz\u0105.<\/li>\n<\/ul>\n<p>W przypadku utworu wieloautorskiego&nbsp;wymagane jest podanie wk\u0142adu poszczeg\u00f3lnych os\u00f3b w&nbsp;powstanie utworu, z&nbsp;okre\u015bleniem ich afiliacji.<\/p>\n<p>Oficyna informuje \u017ce:<\/p>\n<ul>\n<li>autorstwo widmo (ang<em>. ghost authorship<\/em>), czyli pomini\u0119cie w&nbsp;wykazie autor\u00f3w os\u00f3b, kt\u00f3re przyczyni\u0142y do&nbsp;powstania pracy,<\/li>\n<li>autorstwo go\u015bcinne lub grzeczno\u015bciowe (ang. <em>guest authorship<\/em>), czyli przypisanie autorstwa osobom, kt\u00f3re nie&nbsp;maj\u0105 wk\u0142adu w&nbsp;przed\u0142o\u017cone opracowanie s\u0105 przejawem nierzetelno\u015bci naukowej, a o wszelkich wykrytych przypadkach b\u0119dzie powiadamia\u0142a plac\u00f3wki zatrudniaj\u0105ce autor\u00f3w oraz zainteresowane instytucje.\n<\/li>\n<\/ul>\n<p>W&nbsp;przypadku podejrzenia wyst\u0119powania jednej z&nbsp;wymienionych form nieprzestrzegania zasad etyki publikacyjnej Oficyna Wydawnicza PB podejmuje nast\u0119puj\u0105ce dzia\u0142ania:<\/p>\n<ul>\n<li>zwraca si\u0119 do&nbsp;Autora z&nbsp;pro\u015bb\u0105 o&nbsp;wyja\u015bnienie zaistnia\u0142ej sytuacji i&nbsp;rozstrzygni\u0119cie, czy&nbsp;podejrzenia s\u0105 uzasadnione i&nbsp;wymagaj\u0105 rewizji pracy lub jej odrzucenia. Decyzja o&nbsp;odrzuceniu pracy powinna by\u0107 poprzedzona analiz\u0105 ca\u0142o\u015bci utworu, kt\u00f3rej&nbsp;celem b\u0119dzie wskazanie fragment\u00f3w nieoryginalnych, zduplikowanych lub zaczerpni\u0119tych z&nbsp;innego dzie\u0142a ze&nbsp;wskazaniem \u017ar\u00f3d\u0142a ich pochodzenia.<\/li>\n<li>przekazuje informacj\u0119 o&nbsp;stwierdzeniu udokumentowanego naruszenia zasad etyki do&nbsp;prze\u0142o\u017conego jednostki podstawowej, w&nbsp;kt\u00f3rej&nbsp;zatrudniony jest Autor, b\u0119d\u0105cy pracownikiem Politechniki Bia\u0142ostockiej. W&nbsp;przypadku Autor\u00f3w, kt\u00f3rzy&nbsp;nie&nbsp;s\u0105 pracownikami Politechniki Bia\u0142ostockiej, Oficyna Wydawnicza PB ko\u0144czy wsp\u00f3\u0142prac\u0119 nieprzyj\u0119ciem utworu do&nbsp;wydania.<\/li>\n<\/ul>\n","protected":false},"excerpt":{"rendered":"<p>Oficyna Wydawnicza Politechniki Bia\u0142ostockiej stosuje najwy\u017csze standardy publikacyjne i&nbsp;kieruje si\u0119 zasadami etyki wydawniczej, maj\u0105cymi na<\/p>\n","protected":false},"author":2,"featured_media":0,"parent":0,"menu_order":7,"comment_status":"closed","ping_status":"closed","template":"","meta":{"_acf_changed":false,"ngg_post_thumbnail":0,"footnotes":""},"class_list":["post-596","page","type-page","status-publish","hentry"],"acf":[],"_links":{"self":[{"href":"https:\/\/pb.edu.pl\/oficyna-wydawnicza\/wp-json\/wp\/v2\/pages\/596","targetHints":{"allow":["GET"]}}],"collection":[{"href":"https:\/\/pb.edu.pl\/oficyna-wydawnicza\/wp-json\/wp\/v2\/pages"}],"about":[{"href":"https:\/\/pb.edu.pl\/oficyna-wydawnicza\/wp-json\/wp\/v2\/types\/page"}],"author":[{"embeddable":true,"href":"https:\/\/pb.edu.pl\/oficyna-wydawnicza\/wp-json\/wp\/v2\/users\/2"}],"replies":[{"embeddable":true,"href":"https:\/\/pb.edu.pl\/oficyna-wydawnicza\/wp-json\/wp\/v2\/comments?post=596"}],"version-history":[{"count":0,"href":"https:\/\/pb.edu.pl\/oficyna-wydawnicza\/wp-json\/wp\/v2\/pages\/596\/revisions"}],"wp:attachment":[{"href":"https:\/\/pb.edu.pl\/oficyna-wydawnicza\/wp-json\/wp\/v2\/media?parent=596"}],"curies":[{"name":"wp","href":"https:\/\/api.w.org\/{rel}","templated":true}]}}