{"id":546,"date":"2019-05-15T12:55:09","date_gmt":"2019-05-15T10:55:09","guid":{"rendered":"https:\/\/pb.edu.pl\/oficyna-wydawnicza\/?page_id=546"},"modified":"2019-05-15T13:32:01","modified_gmt":"2019-05-15T11:32:01","slug":"publikacje-wydane-poza-uczelnia","status":"publish","type":"page","link":"https:\/\/pb.edu.pl\/oficyna-wydawnicza\/publikacje\/publikacje-wydane-poza-uczelnia\/","title":{"rendered":"Publikacje wydane poza uczelni\u0105"},"content":{"rendered":"<h2>2014<\/h2>\n<ul>\n<li>Olbry\u015b J., <strong>Wycena aktyw\u00f3w kapita\u0142owych na&nbsp;rynku z&nbsp;zak\u0142\u00f3ceniami w&nbsp;procesach transakcyjnych,<\/strong> 2014, 344 s., 63,00 z\u0142, (monografia)<\/li>\n<\/ul>\n<h2>2013<\/h2>\n<ul>\n<li>Piwnik J., <strong>Plasticity analysis&nbsp;in extrusion processes, <\/strong>2013, 124&nbsp;s., 109,87 z\u0142,&nbsp;(monografia)<\/li>\n<\/ul>\n<h2>2012<\/h2>\n<ul>\n<li>Skiepko T., <strong>Kompaktowe rekuperatory ciep\u0142a i&nbsp;regeneratory<\/strong> (oprawa twarda), 2012, 652&nbsp;s,&nbsp;78,75 z\u0142,&nbsp;(monografia)<\/li>\n<\/ul>\n<h2>2006<\/h2>\n<ul>\n<li>\u0141aska G., <strong>Tendencje dynamiczne zbiorowisk zast\u0119pczych w&nbsp;Puszczy Knyszy\u0144skiej + Za\u0142\u0105czniki <\/strong>(oprawa twarda), 2006, 503&nbsp;s., 94,50 z\u0142,&nbsp;(monografia)<\/li>\n<\/ul>\n","protected":false},"excerpt":{"rendered":"<p>2014 Olbry\u015b J., Wycena aktyw\u00f3w kapita\u0142owych na&nbsp;rynku z&nbsp;zak\u0142\u00f3ceniami w&nbsp;procesach transakcyjnych, 2014, 344 s., 63,00 z\u0142,<\/p>\n","protected":false},"author":2,"featured_media":0,"parent":20,"menu_order":6,"comment_status":"closed","ping_status":"closed","template":"","meta":{"_acf_changed":false,"ngg_post_thumbnail":0,"footnotes":""},"class_list":["post-546","page","type-page","status-publish","hentry"],"acf":[],"_links":{"self":[{"href":"https:\/\/pb.edu.pl\/oficyna-wydawnicza\/wp-json\/wp\/v2\/pages\/546","targetHints":{"allow":["GET"]}}],"collection":[{"href":"https:\/\/pb.edu.pl\/oficyna-wydawnicza\/wp-json\/wp\/v2\/pages"}],"about":[{"href":"https:\/\/pb.edu.pl\/oficyna-wydawnicza\/wp-json\/wp\/v2\/types\/page"}],"author":[{"embeddable":true,"href":"https:\/\/pb.edu.pl\/oficyna-wydawnicza\/wp-json\/wp\/v2\/users\/2"}],"replies":[{"embeddable":true,"href":"https:\/\/pb.edu.pl\/oficyna-wydawnicza\/wp-json\/wp\/v2\/comments?post=546"}],"version-history":[{"count":0,"href":"https:\/\/pb.edu.pl\/oficyna-wydawnicza\/wp-json\/wp\/v2\/pages\/546\/revisions"}],"up":[{"embeddable":true,"href":"https:\/\/pb.edu.pl\/oficyna-wydawnicza\/wp-json\/wp\/v2\/pages\/20"}],"wp:attachment":[{"href":"https:\/\/pb.edu.pl\/oficyna-wydawnicza\/wp-json\/wp\/v2\/media?parent=546"}],"curies":[{"name":"wp","href":"https:\/\/api.w.org\/{rel}","templated":true}]}}