{"id":18,"date":"2017-10-19T21:16:52","date_gmt":"2017-10-19T19:16:52","guid":{"rendered":"https:\/\/pb.edu.pl\/oficyna-wydawnicza\/?page_id=18"},"modified":"2020-11-18T08:28:22","modified_gmt":"2020-11-18T07:28:22","slug":"zamow-publikacje","status":"publish","type":"page","link":"https:\/\/pb.edu.pl\/oficyna-wydawnicza\/zamow-publikacje\/","title":{"rendered":"Zam\u00f3w publikacje"},"content":{"rendered":"<p>Oficyna&nbsp;prezentuje ofert\u0119 swoich publikacji, kt\u00f3re mo\u017cna naby\u0107 drog\u0105 wysy\u0142kow\u0105, zamawiaj\u0105c listownie, faxem lub&nbsp;e-mailem.<\/p>\n<p><strong>Kontakt:<\/strong><br \/>\nJolanta Hanus \u2013&nbsp;referent ds. administracyjnych<br \/>\n85 746&nbsp;91&nbsp;37<br \/>\n<i class=\"fa fa-envelope-o\"><\/i> <a href=\"#\" rel=\"nofollow\"  onclick=\"this.href='mailto:' + 'oficyna.wydawnicza' + '@' + 'pb.edu.pl'\">oficyna.wydawnicza [at] pb.edu.pl<\/a>\n<p><strong>Adres:<\/strong><br \/>\nul. Wiejska 45C<br \/>\n15-351 Bia\u0142ystok<\/p>\n<div class=\"h4\">Wzory zam\u00f3wie\u0144:<\/div>\n<p><a class=\"doc\" href=\"https:\/\/pb.edu.pl\/oficyna-wydawnicza\/wp-content\/uploads\/sites\/4\/2019\/10\/Wzor-zamowienia-dla-firm-2019_10_21.doc\">Wz\u00f3r zam\u00f3wienia dla firm (45 KB)<\/a><\/p>\n<p><a class=\"doc\" href=\"https:\/\/pb.edu.pl\/oficyna-wydawnicza\/wp-content\/uploads\/sites\/4\/2019\/10\/Wzor-zamowienia-dla-osob-prywatnych-2019_10_21.doc\">Wz\u00f3r zam\u00f3wienia dla os\u00f3b prywatnych (45 KB)<\/a><\/p>\n","protected":false},"excerpt":{"rendered":"<p>Oficyna&nbsp;prezentuje ofert\u0119 swoich publikacji, kt\u00f3re mo\u017cna naby\u0107 drog\u0105 wysy\u0142kow\u0105, zamawiaj\u0105c listownie, faxem lub&nbsp;e-mailem. Kontakt: Jolanta<\/p>\n","protected":false},"author":2,"featured_media":0,"parent":0,"menu_order":3,"comment_status":"closed","ping_status":"closed","template":"","meta":{"_acf_changed":false,"ngg_post_thumbnail":0,"footnotes":""},"class_list":["post-18","page","type-page","status-publish","hentry"],"acf":[],"_links":{"self":[{"href":"https:\/\/pb.edu.pl\/oficyna-wydawnicza\/wp-json\/wp\/v2\/pages\/18","targetHints":{"allow":["GET"]}}],"collection":[{"href":"https:\/\/pb.edu.pl\/oficyna-wydawnicza\/wp-json\/wp\/v2\/pages"}],"about":[{"href":"https:\/\/pb.edu.pl\/oficyna-wydawnicza\/wp-json\/wp\/v2\/types\/page"}],"author":[{"embeddable":true,"href":"https:\/\/pb.edu.pl\/oficyna-wydawnicza\/wp-json\/wp\/v2\/users\/2"}],"replies":[{"embeddable":true,"href":"https:\/\/pb.edu.pl\/oficyna-wydawnicza\/wp-json\/wp\/v2\/comments?post=18"}],"version-history":[{"count":0,"href":"https:\/\/pb.edu.pl\/oficyna-wydawnicza\/wp-json\/wp\/v2\/pages\/18\/revisions"}],"wp:attachment":[{"href":"https:\/\/pb.edu.pl\/oficyna-wydawnicza\/wp-json\/wp\/v2\/media?parent=18"}],"curies":[{"name":"wp","href":"https:\/\/api.w.org\/{rel}","templated":true}]}}