{"id":14,"date":"2017-10-19T21:13:51","date_gmt":"2017-10-19T19:13:51","guid":{"rendered":"https:\/\/pb.edu.pl\/oficyna-wydawnicza\/?page_id=14"},"modified":"2024-01-31T13:43:49","modified_gmt":"2024-01-31T12:43:49","slug":"o-nas","status":"publish","type":"page","link":"https:\/\/pb.edu.pl\/oficyna-wydawnicza\/o-nas\/","title":{"rendered":"O nas"},"content":{"rendered":"<p><a class=\"h3 lead\" href=\"\/oficyna-wydawnicza\/o-nas\/informacje-o-oficynie-wydawniczej-w-tekscie-latwym-do-czytania-etr\/\">Informacje o Oficynie Wydawniczej w tek\u015bcie \u0142atwym do czytania \u2013 ETR (EASY TO READ)<\/a><br \/>\n&nbsp;<\/p>\n<p><strong>Oficyna Wydawnicza Politechniki Bia\u0142ostockiej (OWPB)<\/strong> jest jednostk\u0105 og\u00f3lnouczelnian\u0105 Politechniki Bia\u0142ostockiej.<\/p>\n<p>Prowadzi dzia\u0142alno\u015b\u0107 us\u0142ugow\u0105 na&nbsp;rzecz jednostek Uczelni oraz jednostek pozauczelnianych.<\/p>\n<p>Przygotowane do druku publikacje ukazuj\u0105 si\u0119 pod szyldem: <em>Oficyna Wydawnicza Politechniki Bia\u0142ostockiej<\/em>.<br \/>\n&nbsp;<\/p>\n<div class=\"h4\">Oficyna organizuje dzia\u0142alno\u015b\u0107 wydawnicz\u0105, opracowuje pod&nbsp;wzgl\u0119dem edytorskim publikacje:<\/div>\n<ul>\n<li>dydaktyczne: podr\u0119czniki, skrypty itp.,<\/li>\n<li>naukowe: artyku\u0142y zamieszczane w&nbsp;czasopismach naukowych, monografie (w&nbsp;tym&nbsp;rozprawy habilitacyjne), referaty zamieszczane w&nbsp;materia\u0142ach konferencyjnych,<\/li>\n<li>inne (informatory, foldery itp.).<\/li>\n<\/ul>\n<div class=\"h4\">Wydawane czasopisma:<\/div>\n<ul>\n<li>Architecturae et&nbsp;Artibus &#8211; <a title=\"otworzy si\u0119 w nowej karcie\" href=\"http:\/\/www.aeawa.pb.edu.pl\/\" target=\"_blank\" rel=\"noopener noreferrer\">www.aeawa.pb.edu.pl<\/a><\/li>\n<li>Budownictwo i In\u017cynieria \u015arodowiska (Civil and Environmental Engineering)<\/li>\n<li>Advances in&nbsp;Computer Science Research &#8211; <a title=\"otworzy si\u0119 w nowej karcie\" href=\"http:\/\/www.irys.wi.pb.edu.pl\/znpb\" target=\"_blank\" rel=\"noopener noreferrer\">www.irys.wi.pb.edu.pl\/znpb<\/a><\/li>\n<li>Engineering Management in Production and Services &#8211; <a title=\"otworzy si\u0119 w nowej karcie\" href=\"http:\/\/www.empas.pb.edu.pl\/\" target=\"_blank\" rel=\"noopener noreferrer\">www.empas.pb.edu.pl<\/a><\/li>\n<li>Akademia Zarz\u0105dzania\/Academy of Management &#8211; <a href=\"https:\/\/wiz.pb.edu.pl\/akademia-zarzadzania\/\">http:\/\/www.wz.pb.edu.pl\/az<\/a><\/li>\n<li>Acta Mechanica et&nbsp;Automatica &nbsp; &#8211; <a title=\"otworzy si\u0119 w nowej karcie\" href=\"https:\/\/wm.pb.edu.pl\/actamechanica\/\" target=\"_blank\" rel=\"noopener noreferrer\">www.wm.pb.edu.pl\/actamechanica<\/a><\/li>\n<\/ul>\n<div class=\"h4\">Zakres naszej dzia\u0142alno\u015bci obejmuje:<\/div>\n<ul>\n<li>druk cyfrowy: folder\u00f3w, ma\u0142ych form graficznych min.: ulotek, wizyt\u00f3wek, zaprosze\u0144, ok\u0142adek do&nbsp;prac doktorskich, druk\u00f3w okoliczno\u015bciowych,<\/li>\n<li>opraw\u0119 publikacji i prac doktorskich,<\/li>\n<li>wykonywanie renowacji materia\u0142\u00f3w bibliotecznych.<\/li>\n<\/ul>\n","protected":false},"excerpt":{"rendered":"<p>Informacje o Oficynie Wydawniczej w tek\u015bcie \u0142atwym do czytania \u2013 ETR (EASY TO READ) &nbsp;<\/p>\n","protected":false},"author":2,"featured_media":0,"parent":0,"menu_order":1,"comment_status":"closed","ping_status":"closed","template":"","meta":{"_acf_changed":false,"ngg_post_thumbnail":0,"footnotes":""},"class_list":["post-14","page","type-page","status-publish","hentry"],"acf":[],"_links":{"self":[{"href":"https:\/\/pb.edu.pl\/oficyna-wydawnicza\/wp-json\/wp\/v2\/pages\/14","targetHints":{"allow":["GET"]}}],"collection":[{"href":"https:\/\/pb.edu.pl\/oficyna-wydawnicza\/wp-json\/wp\/v2\/pages"}],"about":[{"href":"https:\/\/pb.edu.pl\/oficyna-wydawnicza\/wp-json\/wp\/v2\/types\/page"}],"author":[{"embeddable":true,"href":"https:\/\/pb.edu.pl\/oficyna-wydawnicza\/wp-json\/wp\/v2\/users\/2"}],"replies":[{"embeddable":true,"href":"https:\/\/pb.edu.pl\/oficyna-wydawnicza\/wp-json\/wp\/v2\/comments?post=14"}],"version-history":[{"count":0,"href":"https:\/\/pb.edu.pl\/oficyna-wydawnicza\/wp-json\/wp\/v2\/pages\/14\/revisions"}],"wp:attachment":[{"href":"https:\/\/pb.edu.pl\/oficyna-wydawnicza\/wp-json\/wp\/v2\/media?parent=14"}],"curies":[{"name":"wp","href":"https:\/\/api.w.org\/{rel}","templated":true}]}}