{"id":139,"date":"2017-12-07T15:11:51","date_gmt":"2017-12-07T14:11:51","guid":{"rendered":"https:\/\/pb.edu.pl\/oficyna-wydawnicza\/?page_id=139"},"modified":"2020-10-13T22:41:37","modified_gmt":"2020-10-13T20:41:37","slug":"redakcja-serwisu-www","status":"publish","type":"page","link":"https:\/\/pb.edu.pl\/oficyna-wydawnicza\/redakcja-serwisu-www\/","title":{"rendered":"Redakcja serwisu www"},"content":{"rendered":"<p><img loading=\"lazy\" decoding=\"async\" class=\"alignleft wp-image-141\" src=\"https:\/\/pb.edu.pl\/oficyna-wydawnicza\/wp-content\/uploads\/sites\/4\/2017\/12\/redakcja-www-300x169.jpg\" alt=\"serwerownia\" style=\"margin-top: 14px;\" width=\"400\" height=\"225\" srcset=\"https:\/\/pb.edu.pl\/oficyna-wydawnicza\/wp-content\/uploads\/sites\/4\/2017\/12\/redakcja-www-300x169.jpg 300w, https:\/\/pb.edu.pl\/oficyna-wydawnicza\/wp-content\/uploads\/sites\/4\/2017\/12\/redakcja-www.jpg 500w\" sizes=\"auto, (max-width: 400px) 100vw, 400px\" \/><br \/>\nUwagi dotycz\u0105ce <strong>funkcjonowania<\/strong> oraz <strong>zawarto\u015bci (opisy, fotografie itp.)<\/strong> poszczeg\u00f3lnych stron www serwisu internetowego Oficyny Wydawniczej Politechniki Bia\u0142ostockiej prosz\u0119 przysy\u0142a\u0107 na adres:<\/p>\n<p><i class=\"fa fa-envelope-o\" aria-hidden=\"true\"><\/i> <a href=\"#\" rel=\"nofollow\"  onclick=\"this.href='mailto:' + 'oficyna.wydawnicza' + '@' + 'pb.edu.pl'\">oficyna.wydawnicza [at] pb.edu.pl<\/a>\n","protected":false},"excerpt":{"rendered":"<p>Uwagi dotycz\u0105ce funkcjonowania oraz zawarto\u015bci (opisy, fotografie itp.) poszczeg\u00f3lnych stron www serwisu internetowego Oficyny Wydawniczej<\/p>\n","protected":false},"author":2,"featured_media":0,"parent":0,"menu_order":0,"comment_status":"closed","ping_status":"closed","template":"","meta":{"_acf_changed":false,"ngg_post_thumbnail":0,"footnotes":""},"class_list":["post-139","page","type-page","status-publish","hentry"],"acf":[],"_links":{"self":[{"href":"https:\/\/pb.edu.pl\/oficyna-wydawnicza\/wp-json\/wp\/v2\/pages\/139","targetHints":{"allow":["GET"]}}],"collection":[{"href":"https:\/\/pb.edu.pl\/oficyna-wydawnicza\/wp-json\/wp\/v2\/pages"}],"about":[{"href":"https:\/\/pb.edu.pl\/oficyna-wydawnicza\/wp-json\/wp\/v2\/types\/page"}],"author":[{"embeddable":true,"href":"https:\/\/pb.edu.pl\/oficyna-wydawnicza\/wp-json\/wp\/v2\/users\/2"}],"replies":[{"embeddable":true,"href":"https:\/\/pb.edu.pl\/oficyna-wydawnicza\/wp-json\/wp\/v2\/comments?post=139"}],"version-history":[{"count":0,"href":"https:\/\/pb.edu.pl\/oficyna-wydawnicza\/wp-json\/wp\/v2\/pages\/139\/revisions"}],"wp:attachment":[{"href":"https:\/\/pb.edu.pl\/oficyna-wydawnicza\/wp-json\/wp\/v2\/media?parent=139"}],"curies":[{"name":"wp","href":"https:\/\/api.w.org\/{rel}","templated":true}]}}