{"id":1171,"date":"2021-12-07T22:05:29","date_gmt":"2021-12-07T21:05:29","guid":{"rendered":"https:\/\/pb.edu.pl\/oficyna-wydawnicza\/?page_id=1171"},"modified":"2021-12-07T22:07:37","modified_gmt":"2021-12-07T21:07:37","slug":"informacje-o-oficynie-wydawniczej-w-tekscie-latwym-do-czytania-etr","status":"publish","type":"page","link":"https:\/\/pb.edu.pl\/oficyna-wydawnicza\/o-nas\/informacje-o-oficynie-wydawniczej-w-tekscie-latwym-do-czytania-etr\/","title":{"rendered":"Informacje o Oficynie Wydawniczej w tek\u015bcie \u0142atwym do czytania \u2013 ETR"},"content":{"rendered":"<div style=\"font-size:1.8rem\">\nW Oficynie Wydawniczej pracujemy nad ksi\u0105\u017ckami, plakatami i ulotkami. <\/p>\n<p>Mo\u017cesz zam\u00f3wi\u0107 u nas druk ksi\u0105\u017cek, ulotek, folder\u00f3w, zaprosze\u0144 i plakat\u00f3w.<\/p>\n<p>Oprawiamy i odnawiamy ksi\u0105\u017cki.<br \/>\n&nbsp;<br \/>\nMo\u017cesz przyj\u015b\u0107 do Oficyny Wydawniczej od poniedzia\u0142ku do pi\u0105tku, od godziny 8.00 do 14.30.<\/p>\n<p>Oficyna Wydawnicza znajduje si\u0119 w budynku Wydzia\u0142u Mechanicznego przy ulicy Wiejskiej 45C, w pokoju 620.<\/p>\n<p>Mo\u017cesz zadzwoni\u0107 na numer 85 746 91 37.<\/p>\n<p>Mo\u017cesz wys\u0142a\u0107 e-mail na adres: oficyna.wydawnicza@pb.edu.pl\n<\/p><\/div>\n","protected":false},"excerpt":{"rendered":"<p>W Oficynie Wydawniczej pracujemy nad ksi\u0105\u017ckami, plakatami i ulotkami. Mo\u017cesz zam\u00f3wi\u0107 u nas druk ksi\u0105\u017cek,<\/p>\n","protected":false},"author":2,"featured_media":0,"parent":14,"menu_order":1,"comment_status":"closed","ping_status":"closed","template":"","meta":{"_acf_changed":false,"ngg_post_thumbnail":0,"footnotes":""},"class_list":["post-1171","page","type-page","status-publish","hentry"],"acf":[],"_links":{"self":[{"href":"https:\/\/pb.edu.pl\/oficyna-wydawnicza\/wp-json\/wp\/v2\/pages\/1171","targetHints":{"allow":["GET"]}}],"collection":[{"href":"https:\/\/pb.edu.pl\/oficyna-wydawnicza\/wp-json\/wp\/v2\/pages"}],"about":[{"href":"https:\/\/pb.edu.pl\/oficyna-wydawnicza\/wp-json\/wp\/v2\/types\/page"}],"author":[{"embeddable":true,"href":"https:\/\/pb.edu.pl\/oficyna-wydawnicza\/wp-json\/wp\/v2\/users\/2"}],"replies":[{"embeddable":true,"href":"https:\/\/pb.edu.pl\/oficyna-wydawnicza\/wp-json\/wp\/v2\/comments?post=1171"}],"version-history":[{"count":0,"href":"https:\/\/pb.edu.pl\/oficyna-wydawnicza\/wp-json\/wp\/v2\/pages\/1171\/revisions"}],"up":[{"embeddable":true,"href":"https:\/\/pb.edu.pl\/oficyna-wydawnicza\/wp-json\/wp\/v2\/pages\/14"}],"wp:attachment":[{"href":"https:\/\/pb.edu.pl\/oficyna-wydawnicza\/wp-json\/wp\/v2\/media?parent=1171"}],"curies":[{"name":"wp","href":"https:\/\/api.w.org\/{rel}","templated":true}]}}