{"id":50,"date":"2020-09-22T23:53:29","date_gmt":"2020-09-22T21:53:29","guid":{"rendered":"https:\/\/pb.edu.pl\/oferta-biznesowa\/?page_id=50"},"modified":"2024-01-06T00:32:58","modified_gmt":"2024-01-05T23:32:58","slug":"kontakt","status":"publish","type":"page","link":"https:\/\/pb.edu.pl\/oferta-uslug-badawczo-rozwojowych\/kontakt\/","title":{"rendered":"Kontakt"},"content":{"rendered":"      <style>\n      .contacts-item {\n        background-color: #f9f9f9;\n        padding: 25px;\n        margin-bottom: 20px;\n      }\n\n      .contacts-item::before {\n        content: '';\n        display: block;\n        width: 67px;\n        height: 9px;\n        background: linear-gradient(to right, #618cc3, #50c793);\n        margin-bottom: 30px;\n      }\n\n      .contacts-item-position {\n        font-family: \"Saira\", sans-serif;\n        font-size: 2rem;\n        font-weight: bold;\n        margin-bottom: 1em;\n        text-transform: uppercase;\n      }\n\n      .contacts-item-person {\n        font-size: 16px;\n        font-weight: bold;\n        margin-bottom: 1em;\n      }\n\n      .contacts-item-content>div {\n        display: flex;\n        align-items: center;\n      }\n\n      .contacts-item-content>div+div {\n        margin-top: 1em;\n      }\n\n      .contacts-item-content i {\n        display: inline-flex;\n        align-items: center;\n        justify-content: center;\n        width: 30px;\n        height: 30px;\n        border-radius: 50%;\n        color: #FFF;\n        background-color: #007c66;\n        margin-right: 15px;\n      }\n    <\/style>\n    <div class=\"row contacts\">\n              <div class=\"col-md-4\">\n          <div class=\"contacts-item\">\n            <div class=\"contacts-item-position\">Dziekan Wydzia\u0142u<br \/>\r\nArchitektury<\/div>\n            <div class=\"contacts-item-person\">dr hab. in\u017c. arch. Tatiana Misijuk, prof. PB<\/div>\n            <div class=\"contacts-item-content\">\n                              <div class=\"contacts-item-content-address\">\n                  <i class=\"fa-solid fa-location-dot\"><\/i>\n                  ul. O. Sosnowskiego 11, pok\u00f3j 007                <\/div>\n                                            <div class=\"contacts-item-content-phone\">\n                  <i class=\"fa-solid fa-phone\"><\/i>\n                  +48 85 746 99 11                <\/div>\n                                            <div class=\"contacts-item-content-email\">\n                  <i class=\"fa-solid fa-envelope\"><\/i>\n                  wa.dziekan@pb.edu.pl                <\/div>\n                          <\/div>\n          <\/div>\n        <\/div>\n              <div class=\"col-md-4\">\n          <div class=\"contacts-item\">\n            <div class=\"contacts-item-position\">Dziekan Wydzia\u0142u Budownictwa i Nauk o \u015arodowisku<\/div>\n            <div class=\"contacts-item-person\">Prof. dr hab. in\u017c. Micha\u0142 Bo\u0142tryk<\/div>\n            <div class=\"contacts-item-content\">\n                              <div class=\"contacts-item-content-address\">\n                  <i class=\"fa-solid fa-location-dot\"><\/i>\n                  ul. Wiejska 45E, pok\u00f3j 32                <\/div>\n                                            <div class=\"contacts-item-content-phone\">\n                  <i class=\"fa-solid fa-phone\"><\/i>\n                  +48 85 746 95 60                <\/div>\n                                            <div class=\"contacts-item-content-email\">\n                  <i class=\"fa-solid fa-envelope\"><\/i>\n                  m.boltryk@pb.edu.pl                <\/div>\n                          <\/div>\n          <\/div>\n        <\/div>\n              <div class=\"col-md-4\">\n          <div class=\"contacts-item\">\n            <div class=\"contacts-item-position\">Dziekan Wydzia\u0142u <br \/>\r\nElektrycznego<br \/>\r\n<\/div>\n            <div class=\"contacts-item-person\">dr hab. in\u017c. Bogus\u0142aw Butry\u0142o, prof. PB<\/div>\n            <div class=\"contacts-item-content\">\n                              <div class=\"contacts-item-content-address\">\n                  <i class=\"fa-solid fa-location-dot\"><\/i>\n                  ul. Wiejska 45D, pok\u00f3j WE-003                <\/div>\n                                            <div class=\"contacts-item-content-phone\">\n                  <i class=\"fa-solid fa-phone\"><\/i>\n                  +48 85 746 93 61,  571 443 169                <\/div>\n                                            <div class=\"contacts-item-content-email\">\n                  <i class=\"fa-solid fa-envelope\"><\/i>\n                  we.dziekan@pb.edu.pl                <\/div>\n                          <\/div>\n          <\/div>\n        <\/div>\n              <div class=\"col-md-4\">\n          <div class=\"contacts-item\">\n            <div class=\"contacts-item-position\">Dziekan Wydzia\u0142u<br \/>\r\nInformatyki<\/div>\n            <div class=\"contacts-item-person\">dr hab. Dorota Mozyrska, prof. PB<\/div>\n            <div class=\"contacts-item-content\">\n                              <div class=\"contacts-item-content-address\">\n                  <i class=\"fa-solid fa-location-dot\"><\/i>\n                  ul. Wiejska 45A, pok\u00f3j 146                <\/div>\n                                            <div class=\"contacts-item-content-phone\">\n                  <i class=\"fa-solid fa-phone\"><\/i>\n                  +48 85 746 90 51                <\/div>\n                                            <div class=\"contacts-item-content-email\">\n                  <i class=\"fa-solid fa-envelope\"><\/i>\n                  wi.dziekan@pb.edu.pl                <\/div>\n                          <\/div>\n          <\/div>\n        <\/div>\n              <div class=\"col-md-4\">\n          <div class=\"contacts-item\">\n            <div class=\"contacts-item-position\">Dziekan Wydzia\u0142u <br \/>\r\nIn\u017cynierii Zarz\u0105dzania<\/div>\n            <div class=\"contacts-item-person\">dr hab. in\u017c. Katarzyna Halicka, prof. PB<\/div>\n            <div class=\"contacts-item-content\">\n                              <div class=\"contacts-item-content-address\">\n                  <i class=\"fa-solid fa-location-dot\"><\/i>\n                  ul. Ojca Tarasiuka 2, pok\u00f3j 100A Dz                <\/div>\n                                            <div class=\"contacts-item-content-phone\">\n                  <i class=\"fa-solid fa-phone\"><\/i>\n                  +48 85 746 98 02                <\/div>\n                                            <div class=\"contacts-item-content-email\">\n                  <i class=\"fa-solid fa-envelope\"><\/i>\n                  k.halicka@pb.edu.pl                <\/div>\n                          <\/div>\n          <\/div>\n        <\/div>\n              <div class=\"col-md-4\">\n          <div class=\"contacts-item\">\n            <div class=\"contacts-item-position\">Dziekan Wydzia\u0142u <br \/>\r\nmechanicznego<\/div>\n            <div class=\"contacts-item-person\">prof. dr hab. in\u017c. Micha\u0142 Kuciej<\/div>\n            <div class=\"contacts-item-content\">\n                              <div class=\"contacts-item-content-address\">\n                  <i class=\"fa-solid fa-location-dot\"><\/i>\n                  ul. Wiejska 45C, pok\u00f3j 102                <\/div>\n                                            <div class=\"contacts-item-content-phone\">\n                  <i class=\"fa-solid fa-phone\"><\/i>\n                  +48 85 746 92 00                <\/div>\n                                            <div class=\"contacts-item-content-email\">\n                  <i class=\"fa-solid fa-envelope\"><\/i>\n                  wm.dziekan@pb.edu.pl                <\/div>\n                          <\/div>\n          <\/div>\n        <\/div>\n          <\/div>\n  \n","protected":false},"excerpt":{"rendered":"","protected":false},"author":2,"featured_media":0,"parent":0,"menu_order":6,"comment_status":"closed","ping_status":"closed","template":"","meta":{"_acf_changed":false,"ngg_post_thumbnail":0,"footnotes":""},"class_list":["post-50","page","type-page","status-publish","hentry"],"acf":[],"_links":{"self":[{"href":"https:\/\/pb.edu.pl\/oferta-uslug-badawczo-rozwojowych\/wp-json\/wp\/v2\/pages\/50","targetHints":{"allow":["GET"]}}],"collection":[{"href":"https:\/\/pb.edu.pl\/oferta-uslug-badawczo-rozwojowych\/wp-json\/wp\/v2\/pages"}],"about":[{"href":"https:\/\/pb.edu.pl\/oferta-uslug-badawczo-rozwojowych\/wp-json\/wp\/v2\/types\/page"}],"author":[{"embeddable":true,"href":"https:\/\/pb.edu.pl\/oferta-uslug-badawczo-rozwojowych\/wp-json\/wp\/v2\/users\/2"}],"replies":[{"embeddable":true,"href":"https:\/\/pb.edu.pl\/oferta-uslug-badawczo-rozwojowych\/wp-json\/wp\/v2\/comments?post=50"}],"version-history":[{"count":0,"href":"https:\/\/pb.edu.pl\/oferta-uslug-badawczo-rozwojowych\/wp-json\/wp\/v2\/pages\/50\/revisions"}],"wp:attachment":[{"href":"https:\/\/pb.edu.pl\/oferta-uslug-badawczo-rozwojowych\/wp-json\/wp\/v2\/media?parent=50"}],"curies":[{"name":"wp","href":"https:\/\/api.w.org\/{rel}","templated":true}]}}