{"id":18,"date":"2020-09-22T23:35:35","date_gmt":"2020-09-22T21:35:35","guid":{"rendered":"https:\/\/pb.edu.pl\/oferta-biznesowa\/?page_id=18"},"modified":"2025-01-17T17:40:34","modified_gmt":"2025-01-17T16:40:34","slug":"home","status":"publish","type":"page","link":"https:\/\/pb.edu.pl\/oferta-uslug-badawczo-rozwojowych\/","title":{"rendered":""},"content":{"rendered":"<div style=\"margin-top: 50px;!important\" class=\"h1\">Oferta us\u0142ug badawczo-rozwojowych Politechniki Bia\u0142ostockiej<\/div>\n<p><span class=\"line-left\"><img loading=\"lazy\" decoding=\"async\" class=\"alignnone size-full wp-image-2368\" src=\"https:\/\/pb.edu.pl\/oferta-uslug-badawczo-rozwojowych\/wp-content\/uploads\/sites\/113\/2023\/11\/ozdobnik-rektor-tytul.png\" alt=\"\" width=\"741\" height=\"71\" srcset=\"https:\/\/pb.edu.pl\/oferta-uslug-badawczo-rozwojowych\/wp-content\/uploads\/sites\/113\/2023\/11\/ozdobnik-rektor-tytul.png 741w, https:\/\/pb.edu.pl\/oferta-uslug-badawczo-rozwojowych\/wp-content\/uploads\/sites\/113\/2023\/11\/ozdobnik-rektor-tytul-300x29.png 300w\" sizes=\"auto, (max-width: 741px) 100vw, 741px\" \/><\/span><\/p>\n<p><img loading=\"lazy\" decoding=\"async\" class=\"alignleft wp-image-2394\" src=\"https:\/\/pb.edu.pl\/oferta-uslug-badawczo-rozwojowych\/wp-content\/uploads\/sites\/113\/2023\/12\/dziekani-4.jpg\" alt=\"Prorektor ds. Rozwoju Politechniki Bia\u0142ostockiej dr hab. in\u017c. Miros\u0142aw \u015awiercz, prof. PB\" width=\"282\" height=\"450\" srcset=\"https:\/\/pb.edu.pl\/oferta-uslug-badawczo-rozwojowych\/wp-content\/uploads\/sites\/113\/2023\/12\/dziekani-4.jpg 313w, https:\/\/pb.edu.pl\/oferta-uslug-badawczo-rozwojowych\/wp-content\/uploads\/sites\/113\/2023\/12\/dziekani-4-188x300.jpg 188w\" sizes=\"auto, (max-width: 282px) 100vw, 282px\" \/><\/p>\n<p><strong class=\"niebieski\">dr hab. in\u017c. Miros\u0142aw \u015awiercz, prof. PB<\/strong><strong>Prorektor ds. Rozwoju Politechniki Bia\u0142ostockiej<\/strong><br \/>\n&nbsp;<br \/>\nSzanowni Pa\u0144stwo,<\/p>\n<p>Politechnika Bia\u0142ostocka to w regionie Polski p\u00f3\u0142nocno-wschodniej wiod\u0105ca marka na mapie innowacji, nowych technologii i komercjalizacji wynik\u00f3w bada\u0144 naukowych na rzecz partner\u00f3w z otoczenia spo\u0142eczno-gospodarczego.<\/p>\n<p>Z my\u015bl\u0105 o potrzebach rozwijaj\u0105cej si\u0119 gospodarki w dobie Przemys\u0142u 4.0 i uwzgl\u0119dniaj\u0105c obszary dzia\u0142ania podlaskich przedsi\u0119biorstw, instytucji oraz jednostek samorz\u0105du, opracowali\u015bmy ofert\u0119 us\u0142ug badawczo-rozwojowych Uczelni, kt\u00f3re realizujemy w ramach Dzia\u0142ania 9. Politechnicznej Sieci VIA CARPATIA pt. \u201eKomercjalizuj z s\u0105siadem\u201d.<\/p>\n<p>Celem tego dzia\u0142ania jest lepsze wykorzystanie wsp\u00f3lnego potencja\u0142u oraz <em>know-how<\/em> w&nbsp;zakresie prac i us\u0142ug badawczo-rozwojowych trzech partnerskich uczelni technicznych, z&nbsp;kt\u00f3rych ka\u017cda specjalizuje si\u0119 w nieco innych obszarach, reprezentatywnych dla region\u00f3w \u2013 Podlasia, Lubelszczyzny i Podkarpacia. Zakres oferty wpisuje si\u0119 w obszary regionalnych inteligentnych specjalizacji trzech wojew\u00f3dztw, w kt\u00f3rych maj\u0105 swe siedziby uczelnie partnerskie Sieci.<\/p>\n<div id=\"more\" class=\"collapse\">\n<p>Politechnika Bia\u0142ostocka od lat wsp\u00f3\u0142pracuje z partnerami przemys\u0142owymi, ale dzi\u0119ki synergii zasob\u00f3w i do\u015bwiadczenia sygnatariuszy Sieci, mo\u017ce to robi\u0107 w spos\u00f3b bardziej efektywny. Powstanie bowiem kompleksowa, ale i zarazem wsp\u00f3lna baza us\u0142ug B+R, kt\u00f3ra obejmie swoim zasi\u0119giem podmioty zainteresowane naszymi us\u0142ugami zar\u00f3wno z wojew\u00f3dztwa podlaskiego, jak i lubelskiego, podkarpackiego.<\/p>\n<p>Wk\u0142ad naszej Uczelni obejmuje ponad 120 us\u0142ug badawczo-rozwojowych, kt\u00f3re wyr\u00f3\u017cniaj\u0105 si\u0119 najwi\u0119kszym potencja\u0142em praktycznym i koresponduj\u0105 z zapotrzebowaniem rynku. Nasza oferta jest niezwykle zr\u00f3\u017cnicowana, poniewa\u017c obejmuje us\u0142ugi realizowane przez sze\u015b\u0107 Wydzia\u0142\u00f3w Uczelni. W jej sk\u0142ad wchodz\u0105 zar\u00f3wno badania, ekspertyzy, opinie, jak i&nbsp;prace diagnostyczne, czy koncepcyjne.<\/p>\n<p>Dysponujemy unikaln\u0105 aparatur\u0105 i bogat\u0105 infrastruktur\u0105, kt\u00f3rej trzon stanowi\u0105 nowoczesne laboratoria przeznaczone do realizacji bada\u0144 naukowych i&nbsp;przemys\u0142owych.<\/p>\n<p>Naszym priorytetem jest owocna realizacja projekt\u00f3w, w kt\u00f3rych partnerami s\u0105 instytucje z otoczenia spo\u0142eczno-gospodarczego Uczelni, st\u0105d te\u017c na ka\u017cdym z Wydzia\u0142\u00f3w zostali powo\u0142ani tzw. brokerzy innowacji, kt\u00f3rzy maj\u0105 za zadanie uzupe\u0142nia\u0107 i wzmacnia\u0107 istniej\u0105c\u0105 sie\u0107 powi\u0105za\u0144 z otoczeniem i przemys\u0142em.<\/p>\n<p>Warto doda\u0107, \u017ce powstanie bazy us\u0142ug badawczo-rozwojowych w ramach Politechnicznej Sieci VIA CARPATIA wspiera inne wsp\u00f3lne przedsi\u0119wzi\u0119cia, jak cho\u0107by utworzenie Wirtualnego Akceleratora Komercjalizacji (WAK), kt\u00f3ry jest nakierowany na przyspieszenie procesu komercjalizacji wynik\u00f3w bada\u0144 naukowych, prowadzonych przez uczelnie partnerskie.<\/p>\n<p>Liczymy na przysz\u0142\u0105 wsp\u00f3\u0142prac\u0119 z Pa\u0144stwem i wykorzystanie przez Was oferty us\u0142ug badawczo-rozwojowych. Jestem przekonany, \u017ce nasza bogata oferta b\u0119dzie \u015brodkiem do realizacji wielu komercyjnych cel\u00f3w i pozwoli na owocny dialog Politechniki Bia\u0142ostockiej ze \u015brodowiskiem biznesu.<\/p>\n<\/div>\n<p><a class=\"link\" role=\"button\" href=\"#more\" data-toggle=\"collapse\"><span class=\"more\">Zobacz wi\u0119cej<\/span><span class=\"less\">Zobacz mniej<\/span><\/a><br \/>\n&nbsp;<\/p>\n<div class=\"clearfix\" style=\"margin-bottom: 35px\">&nbsp;<\/div>\n  <div class=\"offers-categories\">\n    <div class=\"row\">\n              <div class=\"col-sm-4\">\n          <a href=\"https:\/\/pb.edu.pl\/oferta-uslug-badawczo-rozwojowych\/wydzialy\/wydzial-architektury\/\">\n            <div class=\"offers-categories-item\">\n              <div class=\"offers-categories-item-title\">\n                <div class=\"offers-categories-item-pretitle\">WYDZIA\u0141<\/div>\n                 Architektury                <div class=\"offers-categories-item-subtitle\">POLITECHNIKI BIA\u0141OSTOCKIEJ<\/div>\n              <\/div>\n              <div class=\"offers-categories-item-link\">\n                <span>&rsaquo;<\/span>\n                <span>&rsaquo;<\/span>\n              <\/div>\n            <\/div>\n          <\/a>\n        <\/div>\n              <div class=\"col-sm-4\">\n          <a href=\"https:\/\/pb.edu.pl\/oferta-uslug-badawczo-rozwojowych\/wydzialy\/wydzial-budownictwa-i-nauki-o-srodowisku\/\">\n            <div class=\"offers-categories-item\">\n              <div class=\"offers-categories-item-title\">\n                <div class=\"offers-categories-item-pretitle\">WYDZIA\u0141<\/div>\n                 Budownictwa i Nauki o \u015arodowisku                <div class=\"offers-categories-item-subtitle\">POLITECHNIKI BIA\u0141OSTOCKIEJ<\/div>\n              <\/div>\n              <div class=\"offers-categories-item-link\">\n                <span>&rsaquo;<\/span>\n                <span>&rsaquo;<\/span>\n              <\/div>\n            <\/div>\n          <\/a>\n        <\/div>\n              <div class=\"col-sm-4\">\n          <a href=\"https:\/\/pb.edu.pl\/oferta-uslug-badawczo-rozwojowych\/wydzialy\/wydzial-elektryczny\/\">\n            <div class=\"offers-categories-item\">\n              <div class=\"offers-categories-item-title\">\n                <div class=\"offers-categories-item-pretitle\">WYDZIA\u0141<\/div>\n                 Elektryczny                <div class=\"offers-categories-item-subtitle\">POLITECHNIKI BIA\u0141OSTOCKIEJ<\/div>\n              <\/div>\n              <div class=\"offers-categories-item-link\">\n                <span>&rsaquo;<\/span>\n                <span>&rsaquo;<\/span>\n              <\/div>\n            <\/div>\n          <\/a>\n        <\/div>\n              <div class=\"col-sm-4\">\n          <a href=\"https:\/\/pb.edu.pl\/oferta-uslug-badawczo-rozwojowych\/wydzialy\/wydzial-informatyki\/\">\n            <div class=\"offers-categories-item\">\n              <div class=\"offers-categories-item-title\">\n                <div class=\"offers-categories-item-pretitle\">WYDZIA\u0141<\/div>\n                 Informatyki                <div class=\"offers-categories-item-subtitle\">POLITECHNIKI BIA\u0141OSTOCKIEJ<\/div>\n              <\/div>\n              <div class=\"offers-categories-item-link\">\n                <span>&rsaquo;<\/span>\n                <span>&rsaquo;<\/span>\n              <\/div>\n            <\/div>\n          <\/a>\n        <\/div>\n              <div class=\"col-sm-4\">\n          <a href=\"https:\/\/pb.edu.pl\/oferta-uslug-badawczo-rozwojowych\/wydzialy\/wydzial-inzynierii-zarzadzania\/\">\n            <div class=\"offers-categories-item\">\n              <div class=\"offers-categories-item-title\">\n                <div class=\"offers-categories-item-pretitle\">WYDZIA\u0141<\/div>\n                 In\u017cynierii Zarz\u0105dzania                <div class=\"offers-categories-item-subtitle\">POLITECHNIKI BIA\u0141OSTOCKIEJ<\/div>\n              <\/div>\n              <div class=\"offers-categories-item-link\">\n                <span>&rsaquo;<\/span>\n                <span>&rsaquo;<\/span>\n              <\/div>\n            <\/div>\n          <\/a>\n        <\/div>\n              <div class=\"col-sm-4\">\n          <a href=\"https:\/\/pb.edu.pl\/oferta-uslug-badawczo-rozwojowych\/wydzialy\/wydzial-mechaniczny\/\">\n            <div class=\"offers-categories-item\">\n              <div class=\"offers-categories-item-title\">\n                <div class=\"offers-categories-item-pretitle\">WYDZIA\u0141<\/div>\n                 Mechaniczny                <div class=\"offers-categories-item-subtitle\">POLITECHNIKI BIA\u0141OSTOCKIEJ<\/div>\n              <\/div>\n              <div class=\"offers-categories-item-link\">\n                <span>&rsaquo;<\/span>\n                <span>&rsaquo;<\/span>\n              <\/div>\n            <\/div>\n          <\/a>\n        <\/div>\n          <\/div>\n  <\/div>\n\n<div class=\"row\">\n<div class=\"col-sm-6\">  <a href=\"https:\/\/bazawiedzy.pb.edu.pl\/search\/laboratory?affil=&amp;ps=20&amp;t=simple&amp;showRel=false&amp;lang=pl&amp;qp=&amp;cid=165284\" class=\"offers-btn\">\n    <div class=\"offers-btn-image\">\n      <img decoding=\"async\" src=\"https:\/\/pb.edu.pl\/oferta-uslug-badawczo-rozwojowych\/wp-content\/uploads\/sites\/113\/2023\/11\/baza-wiedzy.jpg\" alt=\"\">\n    <\/div>\n    <div class=\"offers-btn-content\">\n      <div class=\"offers-btn-title\">LABORATORIA<br \/>\nPOLITECHNIKI BIA\u0141OSTOCKIEJ<\/div>\n      <div class=\"offers-btn-text\">\u015aWIADCZ\u0104CE OFERT\u0118 BADAWCZO-NAUKOWA<\/div>\n      <div class=\"offers-btn-link\">\n        <span>&rsaquo;<\/span>\n        <span>&rsaquo;<\/span>\n      <\/div>\n    <\/div>\n  <\/a><\/div>\n<div class=\"col-sm-6\">  <a href=\"http:\/\/baza-viacarpatia.pl\/ords\/r\/viacarpatia_baza_uslug\/baza-potencja%C5%82u-badawczego-politechnicznej-sieci-via-carpatia-im-prezydenta-rp-lecha-kaczy%C5%84skiego\/us%C5%82ugi-badawcze-w-sieci-via-carpatia?session=2859433318618\" class=\"offers-btn\">\n    <div class=\"offers-btn-image\">\n      <img decoding=\"async\" src=\"https:\/\/pb.edu.pl\/oferta-uslug-badawczo-rozwojowych\/wp-content\/uploads\/sites\/113\/2023\/11\/via-carpatia.jpg\" alt=\"\">\n    <\/div>\n    <div class=\"offers-btn-content\">\n      <div class=\"offers-btn-title\">WIRTUALNY AKCELERATOR<br \/>\nKOMERCJALIZACJI (WAK)<\/div>\n      <div class=\"offers-btn-text\">W POLSCE WSCHODNIEJ<\/div>\n      <div class=\"offers-btn-link\">\n        <span>&rsaquo;<\/span>\n        <span>&rsaquo;<\/span>\n      <\/div>\n    <\/div>\n  <\/a><\/div>\n<\/div>\n<p><span class=\"line-right\"><img loading=\"lazy\" decoding=\"async\" class=\"alignnone size-full wp-image-2367\" src=\"https:\/\/pb.edu.pl\/oferta-uslug-badawczo-rozwojowych\/wp-content\/uploads\/sites\/113\/2023\/11\/ozdobnik-glowna-baza-via.png\" alt=\"\" width=\"1016\" height=\"71\" srcset=\"https:\/\/pb.edu.pl\/oferta-uslug-badawczo-rozwojowych\/wp-content\/uploads\/sites\/113\/2023\/11\/ozdobnik-glowna-baza-via.png 1016w, https:\/\/pb.edu.pl\/oferta-uslug-badawczo-rozwojowych\/wp-content\/uploads\/sites\/113\/2023\/11\/ozdobnik-glowna-baza-via-300x21.png 300w, https:\/\/pb.edu.pl\/oferta-uslug-badawczo-rozwojowych\/wp-content\/uploads\/sites\/113\/2023\/11\/ozdobnik-glowna-baza-via-768x54.png 768w\" sizes=\"auto, (max-width: 1016px) 100vw, 1016px\" \/><\/span><\/p>\n<div style=\"clear:both\"><\/div>\n<hr style=\"width:20%;margin:80px auto 40px auto\">\n<\/div>\n<div class=\"row ministerstwo\">\n<div class=\"col-sm-2 text-center\"><a href=\"https:\/\/www.gov.pl\/web\/edukacja-i-nauka\"><img loading=\"lazy\" decoding=\"async\" src=\"https:\/\/pb.edu.pl\/via-carpatia\/wp-content\/uploads\/sites\/92\/2022\/12\/01_znak_podstawowy_kolor_biale_tlo.png\" alt=\"logo Ministerstwo Edukacji i Nauki \" width=\"1067\" height=\"432\" class=\"aligncenter size-full wp-image-418\" \/><\/a><\/div>\n<div class=\"col-sm-8 text-center dofinansowanie\">Dofinansowano ze \u015brodk\u00f3w dotacji celowej Ministra Edukacji i Nauki, w ramach zadania<br \/>\npn. \u201ePolitechniczna Sie\u0107 VIA CARPATIA im. Prezydenta RP Lecha Kaczy\u0144skiego\u201d<\/div>\n<div class=\"col-sm-2 text-center\"><a href=\"https:\/\/www.gov.pl\/web\/premier\/przemyslawczarnek\"><img loading=\"lazy\" decoding=\"async\" src=\"https:\/\/pb.edu.pl\/via-carpatia\/wp-content\/uploads\/sites\/92\/2022\/12\/01_znak_podstawowy_kolor_biale_tlo1.png\" alt=\"logo Minister Edukacji i Nauki\" width=\"1067\" height=\"432\" class=\"aligncenter size-full wp-image-417\" \/><\/a><\/div>\n<\/div>\n<\/div>\n<p>&nbsp;<\/p>\n","protected":false},"excerpt":{"rendered":"<p>Oferta us\u0142ug badawczo-rozwojowych Politechniki Bia\u0142ostockiej dr hab. in\u017c. Miros\u0142aw \u015awiercz, prof. PBProrektor ds. Rozwoju Politechniki<\/p>\n","protected":false},"author":2,"featured_media":0,"parent":0,"menu_order":0,"comment_status":"closed","ping_status":"closed","template":"","meta":{"_acf_changed":false,"ngg_post_thumbnail":0,"footnotes":""},"class_list":["post-18","page","type-page","status-publish","hentry"],"acf":[],"_links":{"self":[{"href":"https:\/\/pb.edu.pl\/oferta-uslug-badawczo-rozwojowych\/wp-json\/wp\/v2\/pages\/18","targetHints":{"allow":["GET"]}}],"collection":[{"href":"https:\/\/pb.edu.pl\/oferta-uslug-badawczo-rozwojowych\/wp-json\/wp\/v2\/pages"}],"about":[{"href":"https:\/\/pb.edu.pl\/oferta-uslug-badawczo-rozwojowych\/wp-json\/wp\/v2\/types\/page"}],"author":[{"embeddable":true,"href":"https:\/\/pb.edu.pl\/oferta-uslug-badawczo-rozwojowych\/wp-json\/wp\/v2\/users\/2"}],"replies":[{"embeddable":true,"href":"https:\/\/pb.edu.pl\/oferta-uslug-badawczo-rozwojowych\/wp-json\/wp\/v2\/comments?post=18"}],"version-history":[{"count":0,"href":"https:\/\/pb.edu.pl\/oferta-uslug-badawczo-rozwojowych\/wp-json\/wp\/v2\/pages\/18\/revisions"}],"wp:attachment":[{"href":"https:\/\/pb.edu.pl\/oferta-uslug-badawczo-rozwojowych\/wp-json\/wp\/v2\/media?parent=18"}],"curies":[{"name":"wp","href":"https:\/\/api.w.org\/{rel}","templated":true}]}}