{"id":294,"date":"2019-11-06T10:05:22","date_gmt":"2019-11-06T09:05:22","guid":{"rendered":"https:\/\/pb.edu.pl\/odo\/?page_id=294"},"modified":"2021-01-19T11:08:15","modified_gmt":"2021-01-19T10:08:15","slug":"rodo","status":"publish","type":"page","link":"https:\/\/pb.edu.pl\/odo\/rodo\/","title":{"rendered":"Informacja Administratora w zwi\u0105zku z przetwarzaniem danych osobowych"},"content":{"rendered":"<ol>\n<li><strong>Administrator danych<\/strong><\/li>\n<\/ol>\n<p>Administratorem Pani\/Pana danych osobowych jest Politechnika Bia\u0142ostocka, ul. Wiejska 45A, 15-351&nbsp;Bia\u0142ystok (zwana dalej Uczelni\u0105), tel.: 85&nbsp;746 90 00, <a href=\"http:\/\/www.bip.pb.edu.pl\">www.bip.pb.edu.pl<\/a>, e-mail: <a href=\"mailto:rektorat@pb.edu.pl\">rektorat@pb.edu.pl<\/a>;<\/p>\n<ol start=\"2\">\n<li><strong>Inspektor Ochrony Danych <\/strong><\/li>\n<\/ol>\n<p>Administrator, zgodnie z art. 37 ust. 1 lit. a) RODO, powo\u0142a\u0142 Inspektora Ochrony Danych, z kt\u00f3rym w sprawach zwi\u0105zanych z przetwarzaniem danych osobowych mo\u017ce si\u0119 Pani\/Pan kontaktowa\u0107&nbsp; za pomoc\u0105 poczty elektronicznej pod adresem: <a href=\"mailto:iod@pb.edu.pl\">iod@pb.edu.pl<\/a>.<\/p>\n<ol start=\"3\">\n<li><strong>Cele i podstawa prawna przetwarzania danych<\/strong><\/li>\n<\/ol>\n<p>Pani \/ Pana dane osobowe przetwarzamy, poniewa\u017c:<\/p>\n<ul>\n<li>wype\u0142niamy obowi\u0105zki prawne ci\u0105\u017c\u0105ce na Administratorze \u2013 na podstawie <strong> 6 ust. 1 lit. c RODO*<\/strong>;<\/li>\n<li>wykonujemy zadania w interesie publicznym lub w ramach sprawowania w\u0142adzy publicznej \u2013 na podstawie <strong> 6 ust. 1 lit. e RODO<\/strong>;<\/li>\n<li>wykonujemy zobowi\u0105zania umowne lub podejmujemy dzia\u0142ania na \u017c\u0105danie osoby, kt\u00f3rej dane dotycz\u0105 przed zawarciem umowy \u2013 na podstawie <strong> 6 ust. 1 lit. b RODO<\/strong>;<\/li>\n<\/ul>\n<p>W szczeg\u00f3lnych sytuacjach mog\u0105 tak\u017ce istnie\u0107 inne powody przetwarzania danych tj. wyra\u017cona przez Pani\u0105\/Pana zgoda w zakresie i w celu udzielonym w tre\u015bci zgody \u2013 <strong>art. 6 ust 1 lit. a RODO<\/strong><\/p>\n<p>W przypadku kierowania do Nas korespondencji poczt\u0105 elektroniczn\u0105, drog\u0105 tradycyjn\u0105 lub drog\u0105 telefoniczn\u0105 niezwi\u0105zanej z us\u0142ugami przez nas \u015bwiadczonymi lub w zwi\u0105zku z zawart\u0105 z nami umow\u0105, dane osobowe zawarte w tej korespondencji s\u0105 przetwarzane wy\u0142\u0105czenie w celu komunikacji i za\u0142atwienia sprawy, kt\u00f3rej dotyczy korespondencja. Podstaw\u0105 prawn\u0105 przetwarzania danych jest <strong>art. 6 ust. 1 lit. e RODO.<\/strong><\/p>\n<ol start=\"4\">\n<li><strong>Okres przechowywania danych<\/strong><\/li>\n<\/ol>\n<p>Pani\/Pana dane osobowe b\u0119d\u0105 przechowywane w okresach niezb\u0119dnych do realizacji wy\u017cej okre\u015blonych cel\u00f3w, przez okres wynikaj\u0105cy z przepis\u00f3w prawa dotycz\u0105cy archiwizacji lub do czasu cofni\u0119cia udzielonej przez Pani\u0105\/Pana zgody.<\/p>\n<ol start=\"5\">\n<li><strong>Odbiorcy danych<\/strong><\/li>\n<\/ol>\n<p>Dane osobowe b\u0119d\u0105 udost\u0119pniane upowa\u017cnionym pracownikom Politechniki Bia\u0142ostockiej oraz mog\u0105 zosta\u0107 udost\u0119pnione podmiotom uprawnionym na podstawie przepis\u00f3w prawa, a tak\u017ce innym podmiotom, kt\u00f3re na podstawie stosownych um\u00f3w podpisanych z Politechnik\u0105 Bia\u0142ostock\u0105 przetwarzaj\u0105 dane osobowe, kt\u00f3rych administratorem jest Politechnika Bia\u0142ostocka.<\/p>\n<ol start=\"6\">\n<li><strong>Prawa zwi\u0105zane z przetwarzaniem danych<\/strong><\/li>\n<\/ol>\n<p>Przys\u0142uguje Pani\/Panu prawo dost\u0119pu do tre\u015bci swoich danych oraz&nbsp;z zastrze\u017ceniem przepis\u00f3w prawa przys\u0142uguje Pani\/Panu prawo do:<\/p>\n<ul>\n<li>cofni\u0119cia udzielonej zgody, z zastrze\u017ceniem, \u017ce cofni\u0119cie zgody nie b\u0119dzie wp\u0142ywa\u0107 ma zgodno\u015b\u0107 z prawem przetwarzania, kt\u00f3rego dokonano na podstawie Pani\/Pana zgody przed jej wycofaniem,<\/li>\n<li>sprostowania danych,<\/li>\n<li>usuni\u0119cia danych,<\/li>\n<li>ograniczenia przetwarzania danych,<\/li>\n<li>przenoszenia danych,<\/li>\n<li><strong>wniesienia sprzeciwu wobec przetwarzania danych osobowych,<\/strong><\/li>\n<\/ul>\n<p>Przys\u0142uguje Panu\/Pani prawo do wniesienia skargi do organu nadzorczego \u2013 Prezesa Urz\u0119du Ochrony Danych Osobowych, gdy uzna Pani\/Pan, \u017ce przetwarzanie danych osobowych narusza powszechnie obowi\u0105zuj\u0105ce przepisy w tym zakresie.<\/p>\n<ol start=\"7\">\n<li><strong>Obowi\u0105zek podania danych i konsekwencje niepodania danych<\/strong><\/li>\n<\/ol>\n<p>Podanie przez Pani\u0105\/Pana danych osobowych w zale\u017cno\u015bci od celu i podstawy prawnej przetwarzania danych osobowych mo\u017ce stanowi\u0107 wym\u00f3g ustawowy lub umowny lub warunek zawarcia umowy.<\/p>\n<p>W przypadku kierowania do Nas korespondencji poczt\u0105 elektroniczn\u0105, drog\u0105 tradycyjn\u0105 lub drog\u0105 telefoniczn\u0105 niezwi\u0105zanej z us\u0142ugami przez nas \u015bwiadczonymi lub inn\u0105 zawart\u0105 z nami umow\u0105 podanie danych jest wymogiem umownym i jeste\u015bcie Pa\u0144stwo zobowi\u0105zani do ich podania. Konsekwencj\u0105 niepodania danych osobowych b\u0119dzie brak mo\u017cliwo\u015bci za\u0142atwienia sprawy, kt\u00f3rej dotyczy korespondencja.<\/p>\n<ol start=\"8\">\n<li><strong>Informacja o zautomatyzowanym podejmowaniu decyzji <\/strong><\/li>\n<\/ol>\n<p>Uczelnia nie przetwarza Pani\/Pana danych osobowych w spos\u00f3b opieraj\u0105cy si\u0119 na zautomatyzowanym podejmowaniu decyzji, w tym profilowaniu.<\/p>\n<p>Szczeg\u00f3\u0142owe informacje dotycz\u0105ce: podstaw prawnych i celu przetwarzania Pa\u0144stwa danych osobowych, odbiorc\u00f3w danych, okresu ich przechowywania, przys\u0142uguj\u0105cych Pa\u0144stwu praw, ewentualnego obowi\u0105zku ich podania oraz potencjalnych konsekwencji niepodania danych, b\u0119d\u0105 Pa\u0144stwu przekazane w momencie pozyskiwania danych w konkretnym celu.<\/p>\n<p>&nbsp;<\/p>\n<p><em>* \u2013 Rozporz\u0105dzenie Parlamentu Europejskiego i Rady (UE) 2016\/679 z dnia 27 kwietnia 2016 r. w sprawie ochrony os\u00f3b fizycznych w zwi\u0105zku z przetwarzaniem danych osobowych i w sprawie swobodnego przep\u0142ywu takich danych oraz uchylenia dyrektywy 95\/46\/WE (og\u00f3lne rozporz\u0105dzenie o ochronie danych) (Dz.U.UE.L.2016.119.1)<\/em><\/p>\n","protected":false},"excerpt":{"rendered":"<p>Administrator danych Administratorem Pani\/Pana danych osobowych jest Politechnika Bia\u0142ostocka, ul. Wiejska 45A, 15-351&nbsp;Bia\u0142ystok (zwana dalej<\/p>\n","protected":false},"author":32,"featured_media":0,"parent":0,"menu_order":0,"comment_status":"closed","ping_status":"closed","template":"","meta":{"_acf_changed":false,"ngg_post_thumbnail":0,"footnotes":""},"class_list":["post-294","page","type-page","status-publish","hentry"],"acf":[],"_links":{"self":[{"href":"https:\/\/pb.edu.pl\/odo\/wp-json\/wp\/v2\/pages\/294","targetHints":{"allow":["GET"]}}],"collection":[{"href":"https:\/\/pb.edu.pl\/odo\/wp-json\/wp\/v2\/pages"}],"about":[{"href":"https:\/\/pb.edu.pl\/odo\/wp-json\/wp\/v2\/types\/page"}],"author":[{"embeddable":true,"href":"https:\/\/pb.edu.pl\/odo\/wp-json\/wp\/v2\/users\/32"}],"replies":[{"embeddable":true,"href":"https:\/\/pb.edu.pl\/odo\/wp-json\/wp\/v2\/comments?post=294"}],"version-history":[{"count":0,"href":"https:\/\/pb.edu.pl\/odo\/wp-json\/wp\/v2\/pages\/294\/revisions"}],"wp:attachment":[{"href":"https:\/\/pb.edu.pl\/odo\/wp-json\/wp\/v2\/media?parent=294"}],"curies":[{"name":"wp","href":"https:\/\/api.w.org\/{rel}","templated":true}]}}