{"id":210,"date":"2019-09-18T14:17:11","date_gmt":"2019-09-18T12:17:11","guid":{"rendered":"https:\/\/pb.edu.pl\/odo\/?page_id=210"},"modified":"2023-01-13T11:04:20","modified_gmt":"2023-01-13T10:04:20","slug":"obowiazki-informacyjne","status":"publish","type":"page","link":"https:\/\/pb.edu.pl\/odo\/start\/obowiazki-informacyjne\/","title":{"rendered":"Obowi\u0105zki informacyjne"},"content":{"rendered":"<p>&nbsp;<\/p>\n<div class=\"panel-group\" id=\"custom-collapse-0\">\n<div class=\"panel panel-default\">\n\t\t\t\t<div class=\"panel-heading\">\n\t\t\t\t\t<div class=\"panel-title\">\n\t\t\t\t\t\t<a class=\"collapsed h4\" data-toggle=\"collapse\" data-parent=\"#custom-collapse-0\" href=\"#custom-collapse-0-0\">Klauzula informacyjna o przetwarzaniu danych osobowych przez Politechnik\u0119 Bia\u0142ostock\u0105<\/a>\n\t\t\t\t\t<\/div>\n\t\t\t\t<\/div>\n\t\t\t\t<div id=\"custom-collapse-0-0\" class=\"panel-collapse collapse\">\n\t\t\t\t\t<div class=\"panel-body\">\n<p><a href=\"https:\/\/pb.edu.pl\/odo\/rodo\/\">Klauzula informacja o przetwarzaniu danych osobowych przez Politechnik\u0119 Bia\u0142ostock\u0105<\/a><br \/>\n&nbsp;<br \/>\n<\/div>\n\t\t\t\t<\/div>\n\t\t\t<\/div>\n<div class=\"panel panel-default\">\n\t\t\t\t<div class=\"panel-heading\">\n\t\t\t\t\t<div class=\"panel-title\">\n\t\t\t\t\t\t<a class=\"collapsed h4\" data-toggle=\"collapse\" data-parent=\"#custom-collapse-0\" href=\"#custom-collapse-0-1\">Klauzula informacyjna o przetwarzaniu danych osobowych pracownik\u00f3w Politechniki Bia\u0142ostockiej<\/a>\n\t\t\t\t\t<\/div>\n\t\t\t\t<\/div>\n\t\t\t\t<div id=\"custom-collapse-0-1\" class=\"panel-collapse collapse\">\n\t\t\t\t\t<div class=\"panel-body\">\n<p><strong>Informacja Administratora w zwi\u0105zku z przetwarzaniem danych \u2013 zgodnie z art. 13 ust. 1 i 2 Rozporz\u0105dzenia Parlamentu Europejskiego i Rady (UE) 2016\/679 z&nbsp;dnia 27 kwietnia 2016 r. w sprawie ochrony os\u00f3b fizycznych w zwi\u0105zku z przetwarzaniem danych osobowych i w sprawie swobodnego przep\u0142ywu takich danych oraz uchylenia dyrektywy 95\/46\/WE (zwanego dalej RODO)<\/strong><\/p>\n<ol>\n<li>Administratorem Pani\/Pana danych osobowych jest Politechnika Bia\u0142ostocka, ul. Wiejska 45A, 15-351 Bia\u0142ystok, tel.: 85&nbsp;746 90 00, <a href=\"https:\/\/www.pb.edu.pl\">https:\/\/www.pb.edu.pl<\/a> (dalej Uczelnia).<\/li>\n<li>Administrator, zgodnie z art. 37 ust. 1 lit. a RODO, powo\u0142a\u0142 Inspektora Ochrony Danych, z&nbsp;kt\u00f3rym w sprawach zwi\u0105zanych z przetwarzaniem danych osobowych, mo\u017ce si\u0119 Pani\/Pan kontaktowa\u0107 za pomoc\u0105 poczty elektronicznej pod&nbsp;adresem: <a href=\"mailto:iod@pb.edu.pl\">iod@pb.edu.pl<\/a>.<\/li>\n<li>Pani\/Pana dane osobowe przetwarzane b\u0119d\u0105 w celu zatrudnienia, w tym wype\u0142nienia obowi\u0105zk\u00f3w okre\u015blonych przepisami powszechnie obowi\u0105zuj\u0105cego prawa oraz obowi\u0105zuj\u0105cymi przepisami wewn\u0105trzuczelnianymi wykonanie przepis\u00f3w prawa pracy, ksi\u0119gowych i podatkowych, w celu zarz\u0105dzania, planowania i organizacji pracy, nadawania odznacze\u0144 pa\u0144stwowych i honorowych oraz przyznawania nagr\u00f3d i wyr\u00f3\u017cnie\u0144, bezpiecze\u0144stwa i higieny pracy, wykonywania praw i korzystania ze \u015bwiadcze\u0144 zwi\u0105zanych z zatrudnieniem, zapewnienia bezpiecze\u0144stwa os\u00f3b przebywaj\u0105cych na terenie Uczelni, ochrony mienia Uczelni, w celu umo\u017cliwienia dochodzenia praw przez Administratora, rozpowszechniania informacji o kadrze naukowej i dydaktycznej oraz w celach statystycznych i archiwizacyjnych.<br \/>\nPodstaw\u0105 prawn\u0105 przetwarzania Pani\/Pana danych osobowych jest:<\/p>\n<ol type=\"a\">\n<li>wype\u0142nienie obowi\u0105zk\u00f3w prawnych ci\u0105\u017c\u0105cych na Administratorze w zwi\u0105zku z zawarciem umowy \u2013 <strong> 6 ust. 1 lit. c i b RODO<\/strong> a w przypadku przetwarzania danych osobowych szczeg\u00f3lnych kategorii \u2013 <strong>art. 9 ust. 2 lit. b RODO<\/strong>;<\/li>\n<li>niezb\u0119dno\u015b\u0107 do wykonania zadania realizowanego w interesie publicznym lub w ramach sprawowania w\u0142adzy publicznej powierzonej administratorowi \u2013 <strong> 6 ust. 1 lit e RODO<\/strong>;<\/li>\n<li>dobrowolna zgoda, w zakresie, w jakim podaje Pani \/ Pan w dowolnej formie i z w\u0142asnej inicjatywy dodatkowe dane osobowe, inne od zakresu wymaganego przez przepisy prawa &#8211; <strong> 6 ust. 1 lit. a RODO<\/strong> oraz &#8211; <strong>art. 9 ust. 2 lit. a RODO;<\/strong><br \/>\nNiepodanie tego typu danych lub p\u00f3\u017aniejsze wycofanie zgody na ich przetwarzanie nie jest podstaw\u0105 niekorzystnego Pani\/Pana traktowania, a tak\u017ce nie powoduje wobec Pani\/Pana jakichkolwiek negatywnych konsekwencji, w szczeg\u00f3lno\u015bci nie stanowi przyczyny uzasadniaj\u0105cej odmow\u0119 zatrudnienia, wypowiedzenia stosunku pracy lub jego rozwi\u0105zania bez wypowiedzenia przez Administratora.<\/li>\n<li>niezb\u0119dno\u015b\u0107 do cel\u00f3w wynikaj\u0105cych z prawnie uzasadnionych interes\u00f3w realizowanych przez administratora tj. ustalenie dochodzenia lub obrony roszcze\u0144 \u2013 <strong> 6 ust. 1 lit. f RODO<\/strong>;<\/li>\n<\/ol>\n<\/li>\n<li>Odbiorcami Pani\/Pana danych osobowych b\u0119d\u0105: obs\u0142uga prawna Administratora, podmioty \u015bwiadcz\u0105ce opiek\u0119 medyczn\u0105 z zakresu medycyny pracy, Zak\u0142ad Ubezpiecze\u0144 Spo\u0142ecznych, Urz\u0105d Skarbowy, w\u0142a\u015bciwe ministerstwa, dostawcy us\u0142ug lub produkt\u00f3w dzia\u0142aj\u0105cy w imieniu Administratora, w szczeg\u00f3lno\u015bci podmioty zewn\u0119trzne \u015bwiadcz\u0105ce us\u0142ugi zwi\u0105zane z bie\u017c\u0105c\u0105 dzia\u0142alno\u015bci\u0105 Uczelni, dostarczaj\u0105ce i wspieraj\u0105ce systemy informatyczne na mocy stosownych um\u00f3w powierzenia danych, podmioty \u015bwiadcz\u0105ce us\u0142ugi transportowe, kurierskie, pocztowe, serwisowe, szkoleniowe, a tak\u017ce inne podmioty kt\u00f3rym dane b\u0119d\u0105 musia\u0142y by\u0107 udost\u0119pnione na podstawie przepis\u00f3w prawa.<\/li>\n<li>Pani\/Pana dane osobowe przetwarzane b\u0119d\u0105 przez okres niezb\u0119dny do realizacji wy\u017cej okre\u015blonych cel\u00f3w a nast\u0119pnie przez okres wynikaj\u0105cy z przepis\u00f3w prawa dotycz\u0105cy archiwizacji.<\/li>\n<li>Przys\u0142uguje Pani\/Panu prawo dost\u0119pu do tre\u015bci swoich danych, oraz&nbsp;z zastrze\u017ceniem przepis\u00f3w prawa przys\u0142uguje Pani\/Panu prawo do:\n<ol type=\"a\">\n<li>cofni\u0119cia udzielonej zgody, z zastrze\u017ceniem, \u017ce cofni\u0119cie zgody nie b\u0119dzie wp\u0142ywa\u0107 na zgodno\u015b\u0107 z prawem przetwarzania, kt\u00f3rego dokonano na podstawie Pani\/Pana zgody przed jej wycofaniem,<\/li>\n<li>sprostowania danych,<\/li>\n<li>usuni\u0119cia danych,<\/li>\n<li>ograniczenia przetwarzania danych,<\/li>\n<li>przenoszenia danych,<\/li>\n<li>wniesienia sprzeciwu wobec przetwarzania danych osobowych.<\/li>\n<\/ol>\n<\/li>\n<li>Gdy uzna Pani\/Pan, \u017ce przetwarzanie danych osobowych narusza powszechnie obowi\u0105zuj\u0105ce przepisy w tym zakresie przys\u0142uguje Pani\/Panu prawo do wniesienia skargi do organu nadzorczego. W Polsce tym organem jest Prezes Urz\u0119du Ochrony Danych.<\/li>\n<li>Podanie przez Pani\u0105\/Pana danych osobowych w zakresie wynikaj\u0105cym z przepis\u00f3w prawa jest wymogiem ustawowym i jest Pan\/Pani zobowi\u0105zana do ich podania. Konsekwencj\u0105 niepodania danych osobowych b\u0119dzie brak mo\u017cliwo\u015bci zawarcia i realizacji umowy oraz wype\u0142nienia przez Administratora obowi\u0105zk\u00f3w prawnych wynikaj\u0105cych z przepis\u00f3w prawa powszechnie obowi\u0105zuj\u0105cego. W pozosta\u0142ym zakresie podanie danych jest dobrowolne.<\/li>\n<li>Pani\/Pana dane osobowe nie b\u0119d\u0105 wykorzystywane do zautomatyzowanego podejmowania decyzji ani profilowania, o kt\u00f3rym mowa w art. 22 rozporz\u0105dzenia.<\/li>\n<\/ol>\n<\/div>\n\t\t\t\t<\/div>\n\t\t\t<\/div>\n<div class=\"panel panel-default\">\n\t\t\t\t<div class=\"panel-heading\">\n\t\t\t\t\t<div class=\"panel-title\">\n\t\t\t\t\t\t<a class=\"collapsed h4\" data-toggle=\"collapse\" data-parent=\"#custom-collapse-0\" href=\"#custom-collapse-0-2\">Klauzula informacyjna dotycz\u0105ca przetwarzania danych osobowych os\u00f3b wnioskuj\u0105cych o dost\u0119p<br \/>\ndo informacji publicznej w Politechnice Bia\u0142ostockiej<\/a>\n\t\t\t\t\t<\/div>\n\t\t\t\t<\/div>\n\t\t\t\t<div id=\"custom-collapse-0-2\" class=\"panel-collapse collapse\">\n\t\t\t\t\t<div class=\"panel-body\">\n<p>Informacja Administratora w zwi\u0105zku z przetwarzaniem danych osobowych \u2013 zgodnie z art. 13 ust. 1 i 2 Rozporz\u0105dzenia Parlamentu Europejskiego i Rady (UE) 2016\/679 z&nbsp;dnia 27 kwietnia 2016 r. w sprawie ochrony os\u00f3b fizycznych w zwi\u0105zku z przetwarzaniem danych osobowych i w sprawie swobodnego przep\u0142ywu takich danych oraz uchylenia dyrektywy 95\/46\/WE (zwanego dalej RODO)<\/p>\n<ol>\n<li>Administratorem Pani\/Pana danych osobowych jest Politechnika Bia\u0142ostocka, ul. Wiejska 45A, 15-351 Bia\u0142ystok (dalej Uczelnia), tel.: 85&nbsp;746 90 00, <a href=\"http:\/\/www.bip.pb.edu.pl\">bip.pb.edu.pl<\/a>, e-mail: <a href=\"mailto:rektorat@pb.edu.pl\">rektorat@pb.edu.pl<\/a>.<\/li>\n<li>Administrator, zgodnie z art. 37 ust. 1 lit. a RODO, powo\u0142a\u0142 Inspektora Ochrony Danych, z&nbsp;kt\u00f3rym w sprawach zwi\u0105zanych z przetwarzaniem Pani\/Pana danych osobowych, mo\u017ce si\u0119 Pani\/Pan kontaktowa\u0107 za pomoc\u0105 poczty elektronicznej pod&nbsp;adresem: <a href=\"mailto:iod@pb.edu.pl\">iod@pb.edu.pl<\/a>.<\/li>\n<li>Pani\/Pana dane osobowe przetwarzane b\u0119d\u0105 w celu realizacji z\u0142o\u017conego wniosku o udost\u0119pnienie informacji publicznej &#8211; na podstawie art. 6 ust. 1 lit. c RODO.<\/li>\n<li>W wypadku zaistnienia konieczno\u015bci wydania w Pani\/Pana sprawie decyzji administracyjnej mo\u017ce zaistnie\u0107 potrzeba uzupe\u0142nienia danych osobowych o adres korespondencyjny, stosownie do wymaga\u0144 wynikaj\u0105cych z ustawy z 14 czerwca 1960 r. \u2013 Kodeks post\u0119powania administracyjnego (Dz. U. z 2018, poz. 2096, ze zm.).<\/li>\n<li>Odbiorcami Pani\/Pana danych osobowych mog\u0105 by\u0107 dostawcy us\u0142ug pocztowych i kurierskich podmioty realizuj\u0105ce us\u0142ugi na rzecz Uczelni m.in. dostawcy us\u0142ug internetowych, obs\u0142uga prawna oraz inne podmioty uprawnione na podstawie przepis\u00f3w prawa<\/li>\n<li>Pani\/Pana dane osobowe b\u0119d\u0105 przechowywane w okresach niezb\u0119dnych do realizacji wy\u017cej okre\u015blonego celu Pani\/Pana a po tym czasie przez okres zgodny z przepisami prawa dotycz\u0105cy archiwizacji tj. okres 5 lat od dnia udost\u0119pnienia informacji z ewentualnym przed\u0142u\u017ceniem wynikaj\u0105cym z ekspertyzy Archiwum Pa\u0144stwowego.<\/li>\n<li>Przys\u0142uguje Pani\/Panu prawo dost\u0119pu do tre\u015bci swoich danych oraz z zastrze\u017ceniem przepis\u00f3w prawa przys\u0142uguje Pani\/Panu prawo do:\n<ol type=\"a\">\n<li>sprostowania danych,<\/li>\n<li>usuni\u0119cia danych,<\/li>\n<li>ograniczenia przetwarzania danych,<\/li>\n<li>wniesienia sprzeciwu wobec przetwarzania danych osobowych,<\/li>\n<\/ol>\n<\/li>\n<li>Gdy uzna Pan\/Pani, \u017ce przetwarzanie danych osobowych narusza powszechnie obowi\u0105zuj\u0105ce przepisy w tym zakresie przys\u0142uguje Panu\/Pani prawo do wniesienia skargi do organu nadzorczego. W Polsce jest to Prezes Urz\u0119du Ochrony Danych Osobowych.<\/li>\n<li>Podanie przez Pani\u0105\/Pana danych osobowych jest warunkiem rozpatrzenia wniosku. Konsekwencj\u0105 niepodania danych osobowych b\u0119dzie pozostawienie wniosku bez rozpatrzenia.<\/li>\n<li>Pani\/Pana dane osobowe nie b\u0119d\u0105 wykorzystywane do zautomatyzowanego podejmowania decyzji ani profilowania, o kt\u00f3rym mowa w art. 22 rozporz\u0105dzenia.<\/li>\n<\/ol>\n<\/div>\n\t\t\t\t<\/div>\n\t\t\t<\/div>\n<div class=\"panel panel-default\">\n\t\t\t\t<div class=\"panel-heading\">\n\t\t\t\t\t<div class=\"panel-title\">\n\t\t\t\t\t\t<a class=\"collapsed h4\" data-toggle=\"collapse\" data-parent=\"#custom-collapse-0\" href=\"#custom-collapse-0-3\">Klauzula informacyjna o przetwarzaniu danych osobowych \u2013 wizerunku zarejestrowanego przez monitoring wizyjny stosowany przez Politechnik\u0119 Bia\u0142ostock\u0105<\/a>\n\t\t\t\t\t<\/div>\n\t\t\t\t<\/div>\n\t\t\t\t<div id=\"custom-collapse-0-3\" class=\"panel-collapse collapse\">\n\t\t\t\t\t<div class=\"panel-body\">\n<p>&nbsp;<\/p>\n<ol>\n<li><strong>Administrator danych <\/strong><\/li>\n<\/ol>\n<p>Administratorem Pani\/Pana danych osobowych jest Politechnika Bia\u0142ostocka, ul. Wiejska 45A, 15-351&nbsp;Bia\u0142ystok (zwana dalej Uczelni\u0105), tel.: 85&nbsp;746 90 00, <a href=\"http:\/\/www.bip.pb.edu.pl\">www.bip.pb.edu.pl<\/a>, e-mail: <a href=\"mailto:rektorat@pb.edu.pl\">rektorat@pb.edu.pl<\/a>;<\/p>\n<ol start=\"2\">\n<li><strong>Inspektor Ochrony Danych <\/strong><\/li>\n<\/ol>\n<p>Administrator, zgodnie z art. 37 ust. 1 lit. a) RODO, powo\u0142a\u0142 Inspektora Ochrony Danych,&nbsp; z kt\u00f3rym w sprawach zwi\u0105zanych z przetwarzaniem danych osobowych mo\u017ce si\u0119 Pani\/Pan kontaktowa\u0107 za pomoc\u0105 poczty elektronicznej pod adresem: <a href=\"mailto:iod@pb.edu.pl\">iod@pb.edu.pl<\/a>.<\/p>\n<ol start=\"3\">\n<li><strong>Cele i podstawa prawna przetwarzania danych<\/strong><\/li>\n<\/ol>\n<p>Pani \/ Pana dane osobowe b\u0119d\u0105 przetwarzane w celu:<\/p>\n<ul style=\"list-style-type: circle\">\n<li>zapewnienia bezpiecze\u0144stwa os\u00f3b przebywaj\u0105cych na terenie Uczelni,<\/li>\n<li>ochrony mienia Uczelni.<\/li>\n<\/ul>\n<p>Podstaw\u0105 prawn\u0105 przetwarzania tych danych i prowadzenia monitoringu wizyjnego jest <strong>art. 6 ust. 1 lit. f) RODO<\/strong>.<\/p>\n<ol start=\"4\">\n<li><strong>Okres przechowywania danych<\/strong><\/li>\n<\/ol>\n<p>Pani \/ Pana dane osobowe b\u0119d\u0105 przetwarzane przez okres 30 dni, z wy\u0142\u0105czeniem sytuacji wskazanych w&nbsp;przepisach prawa, w szczeg\u00f3lno\u015bci w przypadkach, w kt\u00f3rym nagrania obrazu stanowi\u0105\/mog\u0105 stanowi\u0107 dow\u00f3d w post\u0119powaniu prowadzonym na podstawie prawa.<\/p>\n<ol start=\"5\">\n<li><strong>Odbiorcy danych<\/strong><\/li>\n<\/ol>\n<p>Dane osobowe b\u0119d\u0105 udost\u0119pniane upowa\u017cnionym pracownikom Politechniki Bia\u0142ostockiej oraz mog\u0105 zosta\u0107 udost\u0119pnione podmiotom uprawnionym na podstawie przepis\u00f3w prawa.<\/p>\n<ol start=\"6\">\n<li><strong>Prawa zwi\u0105zane z przetwarzaniem danych<\/strong><\/li>\n<\/ol>\n<p>Osobie, kt\u00f3rej wizerunek zosta\u0142 zarejestrowany w systemie monitoringu przys\u0142uguje prawo dost\u0119pu do&nbsp;tre\u015bci swoich danych, oraz&nbsp;z zastrze\u017ceniem przepis\u00f3w prawa przys\u0142uguje Pani\/Panu prawo do:<\/p>\n<ul style=\"list-style-type: circle\">\n<li style=\"list-style-type: none\">\n<ul style=\"list-style-type: circle\">\n<li>sprostowania danych,<\/li>\n<li>usuni\u0119cia danych,<\/li>\n<li>ograniczenia przetwarzania danych,<\/li>\n<li>przenoszenia danych,<\/li>\n<li><strong>wniesienia sprzeciwu wobec przetwarzania danych osobowych<\/strong><strong>,<\/strong><\/li>\n<\/ul>\n<\/li>\n<\/ul>\n<p>Gdy uzna Pani\/Pan, \u017ce przetwarzanie danych osobowych narusza powszechnie obowi\u0105zuj\u0105ce przepisy w tym zakresie, przys\u0142uguje Panu\/Pani prawo do wniesienia skargi do organu nadzorczego. W Polsce jest to Prezes Urz\u0119du Ochrony Danych Osobowych.<\/p>\n<ol start=\"7\">\n<li><strong>Obowi\u0105zek podania danych i konsekwencje niepodania danych<\/strong><\/li>\n<\/ol>\n<p>Przebywaj\u0105c na terenie Politechniki Bia\u0142ostockiej&nbsp;dobrowolnie przekazuje nam Pani\/Pan swoje dane. Brak ich podania jest r\u00f3wnoznaczny z brakiem uprawnie\u0144 do przebywania na terenie Uczelni.<\/p>\n<ol start=\"8\">\n<li><strong>Informacja o zautomatyzowanym podejmowaniu decyzji <\/strong><\/li>\n<\/ol>\n<p>Uczelnia nie przetwarza Pani\/Pana danych osobowych w spos\u00f3b opieraj\u0105cy si\u0119 na zautomatyzowanym podejmowaniu decyzji, w tym profilowaniu.<\/p>\n<\/div>\n\t\t\t\t<\/div>\n\t\t\t<\/div>\n<div class=\"panel panel-default\">\n\t\t\t\t<div class=\"panel-heading\">\n\t\t\t\t\t<div class=\"panel-title\">\n\t\t\t\t\t\t<a class=\"collapsed h4\" data-toggle=\"collapse\" data-parent=\"#custom-collapse-0\" href=\"#custom-collapse-0-4\">Klauzula informacyjna dla os\u00f3b odwiedzaj\u0105cych na Facebooku fanpage Politechniki Bia\u0142ostockiej<\/a>\n\t\t\t\t\t<\/div>\n\t\t\t\t<\/div>\n\t\t\t\t<div id=\"custom-collapse-0-4\" class=\"panel-collapse collapse\">\n\t\t\t\t\t<div class=\"panel-body\">\n<p><a class=\"pdf\" title=\"otworzy si\u0119 w nowej karcie\" href=\"https:\/\/pb.edu.pl\/odo\/wp-content\/uploads\/sites\/20\/2021\/02\/klauzula-fanpage-PB.pdf\" target=\"_blank\" rel=\"noopener\" data-id=\"415\">Klauzula informacyjna dla os\u00f3b odwiedzaj\u0105cych na Facebooku fanpage Politechniki Bia\u0142ostockiej (PDF, wersja dost\u0119pna cyfrowo, 52 KB)<\/a><\/p>\n<\/div>\n\t\t\t\t<\/div>\n\t\t\t<\/div>\n<div class=\"panel panel-default\">\n\t\t\t\t<div class=\"panel-heading\">\n\t\t\t\t\t<div class=\"panel-title\">\n\t\t\t\t\t\t<a class=\"collapsed h4\" data-toggle=\"collapse\" data-parent=\"#custom-collapse-0\" href=\"#custom-collapse-0-5\">Informacja o przetwarzaniu wizerunku jako danej osobowej w celu dokumentowania przebiegu wydarze\u0144 organizowanych przez Politechnik\u0119 Bia\u0142ostock\u0105 w zakresie w jakim zezwolenie na rozpowszechnianie wizerunku nie jest wymagane przez przepisy prawa autorskiego<\/a>\n\t\t\t\t\t<\/div>\n\t\t\t\t<\/div>\n\t\t\t\t<div id=\"custom-collapse-0-5\" class=\"panel-collapse collapse\">\n\t\t\t\t\t<div class=\"panel-body\">\n<a class=\"docx\" title=\"pobierz plik\" href=\"https:\/\/pb.edu.pl\/odo\/wp-content\/uploads\/sites\/20\/2021\/04\/Informacja-o-przetwarzaniu-wizerunku-jako-danej-osobowej.docx\" data-id=\"453\">Informacja o przetwarzaniu wizerunku jako danej osobowej w celu dokumentowania przebiegu wydarze\u0144 organizowanych przez Politechnik\u0119 Bia\u0142ostock\u0105 w zakresie w jakim zezwolenie na rozpowszechnianie wizerunku nie jest wymagane przez przepisy prawa autorskiego (DOCX, 16 KB)<\/a><br \/>\n<\/div>\n\t\t\t\t<\/div>\n\t\t\t<\/div>\n<div class=\"panel panel-default\">\n\t\t\t\t<div class=\"panel-heading\">\n\t\t\t\t\t<div class=\"panel-title\">\n\t\t\t\t\t\t<a class=\"collapsed h4\" data-toggle=\"collapse\" data-parent=\"#custom-collapse-0\" href=\"#custom-collapse-0-6\">Klauzula informacyjna dotycz\u0105ca przetwarzania danych osobowych os\u00f3b wskazanych przez pracownik\u00f3w do kontaktu<br \/>\nw razie wypadku<\/a>\n\t\t\t\t\t<\/div>\n\t\t\t\t<\/div>\n\t\t\t\t<div id=\"custom-collapse-0-6\" class=\"panel-collapse collapse\">\n\t\t\t\t\t<div class=\"panel-body\">\n<p><a class=\"pdf\" title=\"otworzy si\u0119 w nowej karcie\" href=\"https:\/\/pb.edu.pl\/odo\/wp-content\/uploads\/sites\/20\/2021\/10\/Klauzula-dla-osoby-wskazanej-do-kontaktu-w-razie-wypadku.pdf\" target=\"_blank\" rel=\"noopener\" data-id=\"465\">Klauzula informacyjna dotycz\u0105ca przetwarzania danych osobowych os\u00f3b wskazanych przez pracownik\u00f3w do kontaktu w razie wypadku (PDF, wersja dost\u0119pna cyfrowo, 61 KB)<\/a><br \/>\n<\/div>\n\t\t\t\t<\/div>\n\t\t\t<\/div>\n<div class=\"panel panel-default\">\n\t\t\t\t<div class=\"panel-heading\">\n\t\t\t\t\t<div class=\"panel-title\">\n\t\t\t\t\t\t<a class=\"collapsed h4\" data-toggle=\"collapse\" data-parent=\"#custom-collapse-0\" href=\"#custom-collapse-0-7\">Klauzula informacyjna dotycz\u0105ca przetwarzania danych osobowych os\u00f3b reprezentuj\u0105cych Stron\u0119 umowy oraz os\u00f3b wskazanych do kontaktu w sprawie realizacji przedmiotu umowy<\/a>\n\t\t\t\t\t<\/div>\n\t\t\t\t<\/div>\n\t\t\t\t<div id=\"custom-collapse-0-7\" class=\"panel-collapse collapse\">\n\t\t\t\t\t<div class=\"panel-body\">\n<p><a class=\"pdf\" title=\"otworzy si\u0119 w nowej karcie\" href=\"https:\/\/pb.edu.pl\/odo\/wp-content\/uploads\/sites\/20\/2022\/05\/osoby-reprezentujace-oraz-osoby-wskazane-do-kontaktu-w-umowach-porozumieniach.pdf\" target=\"_blank\" rel=\"noopener\" data-id=\"486\">Klauzula informacyjna dotycz\u0105ca przetwarzania danych osobowych os\u00f3b reprezentuj\u0105cych Stron\u0119 umowy oraz os\u00f3b wskazanych do kontaktu w sprawie realizacji przedmiotu umowy (PDF, wersja dost\u0119pna cyfrowo, 68 KB)<\/a><br \/>\n<\/div>\n\t\t\t\t<\/div>\n\t\t\t<\/div>\n<div class=\"panel panel-default\">\n\t\t\t\t<div class=\"panel-heading\">\n\t\t\t\t\t<div class=\"panel-title\">\n\t\t\t\t\t\t<a class=\"collapsed h4\" data-toggle=\"collapse\" data-parent=\"#custom-collapse-0\" href=\"#custom-collapse-0-8\">Klauzula informacyjna o przetwarzaniu danych osobowych przez PB na potrzeby rankingu QS\/Information clause on data processing by Bialystok University of Technology for the purposes of QS ranking<\/a>\n\t\t\t\t\t<\/div>\n\t\t\t\t<\/div>\n\t\t\t\t<div id=\"custom-collapse-0-8\" class=\"panel-collapse collapse\">\n\t\t\t\t\t<div class=\"panel-body\">\n<p>Informacja Administratora w zwi\u0105zku z przetwarzaniem danych osobowych<\/p>\n<ol>\n<li><strong>Administrator danych<\/strong><\/li>\n<\/ol>\n<p>Administratorem Pani\/Pana danych osobowych jest Politechnika Bia\u0142ostocka, ul. Wiejska 45A, 15-&nbsp;351 Bia\u0142ystok, <a href=\"http:\/\/www.pb.edu.pl\">www.pb.edu.pl<\/a> (zwana dalej Uczelni\u0105), tel. : 85&nbsp;746 90 00, <a href=\"http:\/\/www.bip.pb.edu.pl\">www.bip.pb.edu.pl<\/a>, e-&nbsp;mail:rektorat@pb.edu.pl.<\/p>\n<ol start=\"2\">\n<li><strong>Inspektor Ochrony Danych<\/strong><\/li>\n<\/ol>\n<p>Administrator, zgodnie z art. 37 ust. 1 lit. a RODO, powo\u0142a\u0142 Inspektora Ochrony Danych, z kt\u00f3rym w&nbsp;sprawach zwi\u0105zanych z przetwarzaniem danych osobowych, mo\u017ce si\u0119 Pani\/Pan kontaktowa\u0107 za pomoc\u0105 poczty elektronicznej pod&nbsp;adresem: <a href=\"mailto:iod@pb.edu.pl\">iod@pb.edu.pl<\/a>.<\/p>\n<ol start=\"3\">\n<li><strong>Cele i podstawy przetwarzania<\/strong><\/li>\n<\/ol>\n<p>B\u0119dziemy przetwarza\u0107 Pa\u0144stwa dane osobowe na podstawie wyra\u017conej przez Pa\u0144stwa zgody &#8211; art. 6 ust. 1 lit. a RODO w celu udzia\u0142u w udzia\u0142u Politechniki Bia\u0142ostockiej&nbsp; w rankingu QS World University Rankings.<\/p>\n<ol start=\"4\">\n<li><strong>Odbiorcy danych osobowych<\/strong><\/li>\n<\/ol>\n<p>Odbiorcami Pa\u0144stwa danych osobowych b\u0119dzie firma rankingowa QS World University Rankings oraz podmioty uprawnione na mocy przepis\u00f3w prawa.<\/p>\n<ol start=\"5\">\n<li><strong>Okres przechowywania danych<\/strong><\/li>\n<\/ol>\n<p>B\u0119dziemy przechowywa\u0107 Pa\u0144stwa dane osobowe do chwili realizacji zadania, do kt\u00f3rego dane osobowe zosta\u0142y zebrane nie d\u0142u\u017cej jednak ni\u017c:&nbsp;\u2013 do momentu cofni\u0119cia przez Pa\u0144stwa zgody.<\/p>\n<ol start=\"6\">\n<li><strong>Prawa os\u00f3b, kt\u00f3rych dane dotycz\u0105<\/strong><\/li>\n<\/ol>\n<p>Przys\u0142uguje Pani\/Panu prawo dost\u0119pu do tre\u015bci swoich danych oraz z&nbsp;zastrze\u017ceniem przepis\u00f3w prawa przys\u0142uguje Pani\/Panu prawo do: sprostowania danych, usuni\u0119cia danych, ograniczenia przetwarzania danych,&nbsp; przenoszenia danych, wniesienia sprzeciwu wobec przetwarzania danych osobowych, cofni\u0119cia udzielonej zgody. Gdy uzna Pani\/Pan, \u017ce przetwarzanie danych osobowych narusza powszechnie obowi\u0105zuj\u0105ce przepisy w tym zakresie, przys\u0142uguje Pani\/Panu prawo do wniesienia skargi do organu nadzorczego. W Polsce jest to Prezes Urz\u0119du Ochrony Danych Osobowych.<\/p>\n<ol start=\"7\">\n<li><strong>Warunki podania danych<\/strong><\/li>\n<\/ol>\n<p>Podanie danych osobowych jest dobrowolne jednak\u017ce niezb\u0119dne w celu wzi\u0119ci udzia\u0142u w badaniu. Konsekwencj\u0105 ich&nbsp;niepodania b\u0119dzie brak mo\u017cliwo\u015bci wzi\u0119cia udzia\u0142u w badaniu.<\/p>\n<p>Dane osobowe nie b\u0119d\u0105 wykorzystywane do zautomatyzowanego podejmowania decyzji ani profilowania, o kt\u00f3rym mowa w art. 22 RODO.<\/p>\n<hr>\n<p><strong>Administrator\u2019s information in relation to data processing \u2013 pursuant to Art. 13 (1) and (2) of Regulation (EU) 2016\/679 of the European Parliament and of the Council of 27 April 2016 on the protection of individuals with regard to the processing of personal data and on the free movement of such data and repealing Directive 95\/46 \/ EC (hereinafter referred to as GDPR).<\/strong><\/p>\n<ol>\n<li>The Administrator of your personal data is Bialystok University of Technology, at 45A, Wiejska street, 15-351 Bialystok (hereinafter referred to as the Administrator).<\/li>\n<li>Pursuant to Art. 37 (1) (a) GDPR, the Controller has appointed the Data Protection Inspector whom you may email: <a href=\"mailto:iod@pb.edu.pl\">iod@pb.edu.pl<\/a>, in matters relating to the processing of your data.<\/li>\n<li>We will process your personal data on the basis of your consent &#8211; Article 6(1)(a) of the RODO in order to participate in the Bialystok University of Technology&#8217;s participation in the QS World University Rankings.<\/li>\n<li>The recipients of your personal data will be the QS World University Rankings and entities authorized by law.<\/li>\n<li>Your personal data will be stored until the consent is withdrawn or the purpose ceases to exist.<\/li>\n<li>You have the right to access the content of your data and, subject to the law, you have the right to: rectification of data, deletion of data, restriction of data processing, data portability, to object to the processing of personal data, to revoke the consent you have given. When you consider that the processing of personal data violates the generally applicable regulations in this regard, you have the right to lodge a complaint to the supervisory authority. In Poland this is the Head of the Office for Personal Data Protection.<\/li>\n<li>Providing personal data is voluntary, however, it is necessary in order to participate in the survey. The consequence of not providing them will be the inability to participate in the survey.<\/li>\n<li>The administrator does not process the provided personal data in a way that involves automated processing, including profiling.<\/li>\n<\/ol>\n<\/div>\n\t\t\t\t<\/div>\n\t\t\t<\/div>\n<\/div>\n","protected":false},"excerpt":{"rendered":"<p>&nbsp;<\/p>\n","protected":false},"author":2,"featured_media":0,"parent":183,"menu_order":0,"comment_status":"closed","ping_status":"closed","template":"","meta":{"_acf_changed":false,"ngg_post_thumbnail":0,"footnotes":""},"class_list":["post-210","page","type-page","status-publish","hentry"],"acf":[],"_links":{"self":[{"href":"https:\/\/pb.edu.pl\/odo\/wp-json\/wp\/v2\/pages\/210","targetHints":{"allow":["GET"]}}],"collection":[{"href":"https:\/\/pb.edu.pl\/odo\/wp-json\/wp\/v2\/pages"}],"about":[{"href":"https:\/\/pb.edu.pl\/odo\/wp-json\/wp\/v2\/types\/page"}],"author":[{"embeddable":true,"href":"https:\/\/pb.edu.pl\/odo\/wp-json\/wp\/v2\/users\/2"}],"replies":[{"embeddable":true,"href":"https:\/\/pb.edu.pl\/odo\/wp-json\/wp\/v2\/comments?post=210"}],"version-history":[{"count":0,"href":"https:\/\/pb.edu.pl\/odo\/wp-json\/wp\/v2\/pages\/210\/revisions"}],"up":[{"embeddable":true,"href":"https:\/\/pb.edu.pl\/odo\/wp-json\/wp\/v2\/pages\/183"}],"wp:attachment":[{"href":"https:\/\/pb.edu.pl\/odo\/wp-json\/wp\/v2\/media?parent=210"}],"curies":[{"name":"wp","href":"https:\/\/api.w.org\/{rel}","templated":true}]}}