{"id":183,"date":"2019-09-17T18:37:52","date_gmt":"2019-09-17T16:37:52","guid":{"rendered":"https:\/\/pb.edu.pl\/odo\/?page_id=183"},"modified":"2026-04-14T15:54:38","modified_gmt":"2026-04-14T13:54:38","slug":"start","status":"publish","type":"page","link":"https:\/\/pb.edu.pl\/odo\/","title":{"rendered":"ODO"},"content":{"rendered":"<p style=\"text-align: center\"><span style=\"font-family: arial, helvetica, sans-serif\">Jako Politechnika Bia\u0142ostocka mamy \u015bwiadomo\u015b\u0107, jak wielkie znaczenie ma ochrona danych osobowych. Szanuj\u0105c fakt, \u017ce ka\u017cdej osobie przys\u0142uguje prawo do prywatno\u015bci, dok\u0142adamy wszelkich stara\u0144, by jak najlepiej chroni\u0107 dane Student\u00f3w, Pracownik\u00f3w oraz wszystkich innych os\u00f3b, z kt\u00f3rymi wsp\u00f3\u0142pracujemy lub \u0142\u0105czy nas jakakolwiek inna relacja. W zwi\u0105zku z tym naszym priorytetem jest zapewnienie bezpiecze\u0144stwa i poufno\u015bci informacji, kt\u00f3re przetwarzamy.<\/span><\/p>\n<p style=\"text-align: center\"><span style=\"font-family: arial, helvetica, sans-serif\">Zapewniamy, \u017ce Pa\u0144stwa dane osobowe s\u0105 u nas bezpieczne i s\u0105 przetwarzane zgodnie z obowi\u0105zuj\u0105cymi w tym zakresie przepisami prawa, w szczeg\u00f3lno\u015bci zgodnie z Rozporz\u0105dzeniem Parlamentu Europejskiego i Rady (UE) 2016\/679 z dnia 27 kwietnia 2016 r. w sprawie ochrony os\u00f3b fizycznych w zwi\u0105zku z przetwarzaniem danych osobowych i w sprawie swobodnego przep\u0142ywu takich danych oraz uchylenia dyrektywy 95\/46\/WE. Zapewniamy r\u00f3wnie\u017c, \u017ce Pa\u0144stwa dane osobowe s\u0105 przetwarzane w zakresie bezwzgl\u0119dnie niezb\u0119dnym i proporcjonalnym w stosunku do celu, dla kt\u00f3rego zosta\u0142y pozyskane.<\/span><\/p>\n<p style=\"text-align: center\"><span style=\"font-family: arial, helvetica, sans-serif\">Wyrazem troski i dba\u0142o\u015bci o ochron\u0119 danych jest nasze nieustanne d\u0105\u017cenie do ci\u0105g\u0142ego podnoszenia poziomu zabezpieczenia posiadanych danych osobowych. W tym celu stosujemy odpowiednie ku temu narz\u0119dzia techniczne i organizacyjne, co zapewnia dost\u0119pno\u015b\u0107, autentyczno\u015b\u0107, integralno\u015b\u0107 i poufno\u015b\u0107 danych.<\/span><\/p>\n<p style=\"text-align: center\"><a href=\"https:\/\/pb.edu.pl\/odo\/rodo\/\">Klauzula informacyjna o przetwarzaniu danych osobowych przez Politechnik\u0119 Bia\u0142ostock\u0105<\/a><\/p>\n<div class=\"row\" style=\"margin-top: 30px\">\n<div class=\"col-sm-12 text-center\">\n<a class=\"button text-center animated zoomIn lead font-500\" style=\"width:100%; font-weight: 600;\" href=\"\/odo\/komunikaty-o-naruszeniu-ochrony-danych-osobowych\/\">Komunikaty o naruszeniu ochrony danych osobowych<\/a>\n<\/div>\n<\/div>\n<p><!--\n\n\n<div class=\"h1\"><a style=\"text-decoration: none\" title=\"Aktualno\u015bci\" href=\"\/odo\/aktualnosci\/\">Aktualno\u015bci [icon name=fa-caret-right]<\/a><\/div>\n\n\n[newsbox category=\"1\" limit=\"4\"]\n--><br \/>\n&nbsp;<\/p>\n<div id=\"box-menu\" class=\"href\"><\/div>\n<div class=\"row\">\n<div class=\"col-md-4\">\n\t<div class=\"boxlink animated zoomIn \">\n\t\t<a href=\"https:\/\/pb.edu.pl\/odo\/start\/obowiazki-informacyjne\/\" class=\"no-icon\">\n\t\t\t<div class=\"boxlink-title\">Obowi\u0105zki informacyjne<span><\/span><\/div>\n\t\t\t<div class=\"boxlink-content\">\n\t\t\t\t<img decoding=\"async\" class=\"aligncenter wp-image-534 size-full\" src=\"https:\/\/pb.edu.pl\/odo\/wp-content\/uploads\/sites\/20\/2019\/09\/1-obowiazki-info.png\" alt=\"\">\t\t\t<\/div>\n\t\t<\/a>\n\t<\/div>\n\n<\/div>\n<div class=\"col-md-4\">\n\t<div class=\"boxlink animated zoomIn \">\n\t\t<a href=\"\/odo\/dokumenty-do-pobrania\/\" class=\"no-icon\">\n\t\t\t<div class=\"boxlink-title\">Dokumenty do pobrania<span><\/span><\/div>\n\t\t\t<div class=\"boxlink-content\">\n\t\t\t\t<img decoding=\"async\" class=\"aligncenter wp-image-534 size-full\" src=\"https:\/\/pb.edu.pl\/odo\/wp-content\/uploads\/sites\/20\/2018\/08\/PB_rodo_wzory_dokumentow.png\" alt=\"\">\t\t\t<\/div>\n\t\t<\/a>\n\t<\/div>\n\n<\/div>\n<div class=\"col-md-4\">\n\t<div class=\"boxlink animated zoomIn \">\n\t\t<a href=\"\/odo\/szkolenia\/\" class=\"no-icon\">\n\t\t\t<div class=\"boxlink-title\">Szkolenia<span><\/span><\/div>\n\t\t\t<div class=\"boxlink-content\">\n\t\t\t\t<img decoding=\"async\" class=\"aligncenter wp-image-534 size-full\" src=\"https:\/\/pb.edu.pl\/odo\/wp-content\/uploads\/sites\/20\/2019\/09\/3-szkolenia.png\" alt=\"\">\t\t\t<\/div>\n\t\t<\/a>\n\t<\/div>\n\n<\/div>\n<\/div>\n<div class=\"row\">\n<div class=\"col-md-4\">\n\t<div class=\"boxlink animated zoomIn \">\n\t\t<a href=\"\/odo\/start\/przepisy-prawa\/\" class=\"no-icon\">\n\t\t\t<div class=\"boxlink-title\">Przepisy prawa<span><\/span><\/div>\n\t\t\t<div class=\"boxlink-content\">\n\t\t\t\t<img decoding=\"async\" class=\"aligncenter wp-image-534 size-full\" src=\"https:\/\/pb.edu.pl\/odo\/wp-content\/uploads\/sites\/20\/2018\/08\/PB_rodo_przepisy_prawa.png\" alt=\"\">\t\t\t<\/div>\n\t\t<\/a>\n\t<\/div>\n\n<\/div>\n<div class=\"col-md-4\">\n\t<div class=\"boxlink animated zoomIn \">\n\t\t<a href=\"https:\/\/upowaznienia.uci.pb.edu.pl\/\" class=\"no-icon\">\n\t\t\t<div class=\"boxlink-title\">ODOorganizer<span><\/span><\/div>\n\t\t\t<div class=\"boxlink-content\">\n\t\t\t\t<img decoding=\"async\" class=\"aligncenter wp-image-534 size-full\" src=\"https:\/\/pb.edu.pl\/odo\/wp-content\/uploads\/sites\/20\/2019\/09\/5-odo-organizer2.png\" alt=\"\">\t\t\t<\/div>\n\t\t<\/a>\n\t<\/div>\n\n<\/div>\n<div class=\"col-md-4\">\n\t<div class=\"boxlink animated zoomIn \">\n\t\t<a href=\"\/odo\/start\/kontakt\/\" class=\"no-icon\">\n\t\t\t<div class=\"boxlink-title\">Kontakt<span><\/span><\/div>\n\t\t\t<div class=\"boxlink-content\">\n\t\t\t\t<img decoding=\"async\" class=\"aligncenter wp-image-534 size-full\" src=\"https:\/\/pb.edu.pl\/odo\/wp-content\/uploads\/sites\/20\/2019\/09\/6-kontakt.png\" alt=\"\">\t\t\t<\/div>\n\t\t<\/a>\n\t<\/div>\n\n<\/div>\n<\/div>\n","protected":false},"excerpt":{"rendered":"<p>Jako Politechnika Bia\u0142ostocka mamy \u015bwiadomo\u015b\u0107, jak wielkie znaczenie ma ochrona danych osobowych. Szanuj\u0105c fakt, \u017ce<\/p>\n","protected":false},"author":2,"featured_media":0,"parent":0,"menu_order":0,"comment_status":"closed","ping_status":"closed","template":"templates\/dzial.php","meta":{"_acf_changed":false,"ngg_post_thumbnail":0,"footnotes":""},"class_list":["post-183","page","type-page","status-publish","hentry"],"acf":[],"_links":{"self":[{"href":"https:\/\/pb.edu.pl\/odo\/wp-json\/wp\/v2\/pages\/183","targetHints":{"allow":["GET"]}}],"collection":[{"href":"https:\/\/pb.edu.pl\/odo\/wp-json\/wp\/v2\/pages"}],"about":[{"href":"https:\/\/pb.edu.pl\/odo\/wp-json\/wp\/v2\/types\/page"}],"author":[{"embeddable":true,"href":"https:\/\/pb.edu.pl\/odo\/wp-json\/wp\/v2\/users\/2"}],"replies":[{"embeddable":true,"href":"https:\/\/pb.edu.pl\/odo\/wp-json\/wp\/v2\/comments?post=183"}],"version-history":[{"count":5,"href":"https:\/\/pb.edu.pl\/odo\/wp-json\/wp\/v2\/pages\/183\/revisions"}],"predecessor-version":[{"id":525,"href":"https:\/\/pb.edu.pl\/odo\/wp-json\/wp\/v2\/pages\/183\/revisions\/525"}],"wp:attachment":[{"href":"https:\/\/pb.edu.pl\/odo\/wp-json\/wp\/v2\/media?parent=183"}],"curies":[{"name":"wp","href":"https:\/\/api.w.org\/{rel}","templated":true}]}}