{"id":59,"date":"2018-12-07T15:30:46","date_gmt":"2018-12-07T14:30:46","guid":{"rendered":"https:\/\/pb.edu.pl\/niesamowitamaszyna\/?page_id=59"},"modified":"2025-10-19T13:21:32","modified_gmt":"2025-10-19T11:21:32","slug":"regulaminy","status":"publish","type":"page","link":"https:\/\/pb.edu.pl\/niesamowitamaszyna\/regulaminy\/","title":{"rendered":"Regulaminy"},"content":{"rendered":"<p><img decoding=\"async\" class=\"title-img\" src=\"https:\/\/pb.edu.pl\/niesamowitamaszyna\/wp-content\/uploads\/sites\/25\/2018\/12\/maszyna_naglowki_regulaminy_560.png\" alt=\"Regulaminy\"><\/p>\n<div class=\"row\">\n<div class=\"col-sm-6 text-center\"><a class=\"button text-center animated zoomIn lead no-icon\" style=\"width: 100%\" title=\"Pobierz plik PDF\" href=\"https:\/\/pb.edu.pl\/niesamowitamaszyna\/wp-content\/uploads\/sites\/25\/2021\/04\/Regulamin_Konkursu_Niesamowita_Maszyna.pdf\" target=\"_blank\" rel=\"noopener noreferrer\"><strong>Regulamin Konkursu<\/strong><\/a><\/div>\n<\/div>\n<p>&nbsp;<\/p>\n<div class=\"h3\">Za\u0142\u0105czniki do Regulaminu Konkursu b\u0119d\u0105ce elementem zg\u0142oszenia:<\/div>\n<p><a class=\"docx\" title=\"pobierz plik\" href=\"https:\/\/pb.edu.pl\/niesamowitamaszyna\/wp-content\/uploads\/sites\/25\/2021\/04\/Zalacznik-1-do-regulaminu-konkursu-zgoda-na-wizerunek-pelnoletni_2021.docx\" target=\"_blank\" rel=\"noopener\" data-id=\"920\">Za\u0142\u0105cznik 1 do Regulaminu Konkursu zgoda na wizerunek osoby pe\u0142noletniej (DOCX, 40 KB)<\/a><\/p>\n<p><a class=\"docx\" title=\"pobierz plik\" href=\"https:\/\/pb.edu.pl\/niesamowitamaszyna\/wp-content\/uploads\/sites\/25\/2021\/04\/Zalacznik-2-do-regulaminu-konkursu-zgoda-na-wizerunek-niepelnoletni_2021.docx\" target=\"_blank\" rel=\"noopener\" data-id=\"921\">Za\u0142\u0105cznik 2 do Regulaminu Konkursu zgoda na wizerunek osoby niepe\u0142noletniej (DOCX, 38 KB)<\/a><\/p>\n<p><a class=\"docx\" title=\"pobierz plik\" href=\"https:\/\/pb.edu.pl\/niesamowitamaszyna\/wp-content\/uploads\/sites\/25\/2021\/04\/Zalacznik-3-do-regulaminu-konkursu-wykaz-czlonkow-zespolu_2021.docx\" target=\"_blank\" rel=\"noopener\" data-id=\"922\">Za\u0142\u0105cznik 3 do Regulaminu Konkursu. Wykaz cz\u0142onk\u00f3w zespo\u0142u (DOCX, 29 KB)<\/a><\/p>\n<p>Za\u0142\u0105czniki do Regulaminu Konkursu &#8211; wype\u0142niaj\u0105 finali\u015bci:<\/p>\n<p><a class=\"docx\" title=\"pobierz plik\" href=\"https:\/\/pb.edu.pl\/niesamowitamaszyna\/wp-content\/uploads\/sites\/25\/2021\/04\/Zalacznik-4-do-regulaminu-konkursu-NM_Oswiadczenie-Laureata.docx\" target=\"_blank\" rel=\"noopener\" data-id=\"923\">Za\u0142\u0105cznik 4 do Regulaminu Konkursu NM. O\u015bwiadczenie Laureata (DOCX, 29 KB)<\/a><\/p>\n<p><a class=\"docx\" title=\"pobierz plik\" href=\"https:\/\/pb.edu.pl\/niesamowitamaszyna\/wp-content\/uploads\/sites\/25\/2021\/04\/Zalacznik-5-do-Regulaminu-Konkursu-NM_Oswiadczenie-Szkoly.docx\" target=\"_blank\" rel=\"noopener\" data-id=\"924\">Za\u0142\u0105cznik 5 do Regulaminu Konkursu NM. O\u015bwiadczenie Szko\u0142y Laureata (DOCX, 27 KB)<\/a><\/p>\n<div class=\"h3\">Harmonogram VII edycji konkursu Niesamowita Maszyna:<\/div>\n<p>Etap I \u2013 <strong>do 15 lutego 2026 r.<\/strong> nadsy\u0142anie dokument\u00f3w zg\u0142oszeniowych oraz publikacja film\u00f3w konkursowych na serwisie YouTube<\/p>\n<p>(<strong>23 lutego 2026 r. o godz. 9.00<\/strong> zamkni\u0119cie g\u0142osowania na YouTube)<\/p>\n<p>Etap II (wewn\u0119trzny) \u2013 <strong>do 3 marca 2026 r.<\/strong> wy\u0142onienie max. 10 zespo\u0142\u00f3w, kt\u00f3re otrzymaj\u0105 zaproszenie do rundy fina\u0142owej<\/p>\n<p>Etap III \u2013 <strong>18 marca 2026 r. fina\u0142 konkursu<\/strong> w Politechnice Bia\u0142ostockiej. Wyb\u00f3r i og\u0142oszenie laureat\u00f3w I, II i III miejsca oraz wr\u0119czenie nagr\u00f3d.<\/p>\n<div class=\"h3\">Sk\u0142ad komisji konkursowej VII edycji konkursu Niesamowita Maszyna:<\/div>\n<div>\n<p>a. Rektor Politechniki Bia\u0142ostockiej;<br \/>\nb. Prorektor ds. Studenckich;<br \/>\nc. Przedstawiciel Wydzia\u0142u Architektury;<br \/>\nd. Przedstawiciel Wydzia\u0142u Budownictwa i Nauk o \u015arodowisku;<br \/>\ne. Przedstawiciel Wydzia\u0142u Elektrycznego;<br \/>\nf. Przedstawiciel Wydzia\u0142u In\u017cynierii Zarz\u0105dzania;<br \/>\ng. Przedstawiciel Wydzia\u0142u Mechanicznego;<br \/>\nh. Przedstawiciele Sponsor\u00f3w\/partner\u00f3w konkursu (po jednej osobie);<br \/>\ni. Przedstawiciel Dzia\u0142u Promocji (w przypadku, gdy liczba Cz\u0142onk\u00f3w Komisji b\u0119dzie<br \/>\nparzysta).<\/p>\n<\/div>\n<div>\n<p>&nbsp;<em>[wg. punktu 6.5. <a title=\"\" href=\"https:\/\/pb.edu.pl\/niesamowitamaszyna\/wp-content\/uploads\/sites\/25\/2021\/04\/Regulamin_Konkursu_Niesamowita_Maszyna.pdf\" target=\"_blank\" rel=\"noopener\">Regulaminu Konkursu &#8222;Niesamowita Maszyna&#8221;<\/a> sk\u0142ad osobowy Komisji konkursowej mo\u017ce ulega\u0107 zmianie w ka\u017cdej edycji i og\u0142aszany b\u0119dzie ka\u017cdorazowo na stronie internetowej konkursu]\n<\/em><\/p>\n<\/div>\n<h2>Zobacz Maszyn\u0119 PB i dowiedz si\u0119 wi\u0119cej o jej budowie<\/h2>\n<p>&nbsp;<\/p>\n<div class=\"row\">\n<div class=\"col-sm-6\">\n<div class=\"embed-responsive embed-responsive-16by9\"><iframe loading=\"lazy\" title=\"&quot;Maszyna PB - making of&quot; czyli jak powstawa\u0142a Maszyna Politechniki Bia\u0142ostockiej\" width=\"500\" height=\"281\" src=\"https:\/\/www.youtube.com\/embed\/280Kaj3IYfU?start=4&#038;feature=oembed\" frameborder=\"0\" allow=\"accelerometer; autoplay; clipboard-write; encrypted-media; gyroscope; picture-in-picture; web-share\" referrerpolicy=\"strict-origin-when-cross-origin\" allowfullscreen><\/iframe><\/div>\n<\/div>\n<div class=\"col-sm-6\">\n<div class=\"embed-responsive embed-responsive-16by9\"><iframe loading=\"lazy\" title=\"Maszyna PB - zobacz dzie\u0142o student\u00f3w i pracownik\u00f3w\" width=\"500\" height=\"281\" src=\"https:\/\/www.youtube.com\/embed\/tXzt-PKipe4?feature=oembed\" frameborder=\"0\" allow=\"accelerometer; autoplay; clipboard-write; encrypted-media; gyroscope; picture-in-picture; web-share\" referrerpolicy=\"strict-origin-when-cross-origin\" allowfullscreen><\/iframe><\/div>\n<\/div>\n<\/div>\n<p>&nbsp;<br \/>\n&nbsp;<\/p>\n","protected":false},"excerpt":{"rendered":"<p>Regulamin Konkursu &nbsp; Za\u0142\u0105czniki do Regulaminu Konkursu b\u0119d\u0105ce elementem zg\u0142oszenia: Za\u0142\u0105cznik 1 do Regulaminu Konkursu<\/p>\n","protected":false},"author":2,"featured_media":0,"parent":0,"menu_order":6,"comment_status":"closed","ping_status":"closed","template":"","meta":{"_acf_changed":false,"ngg_post_thumbnail":0,"footnotes":""},"class_list":["post-59","page","type-page","status-publish","hentry"],"acf":[],"_links":{"self":[{"href":"https:\/\/pb.edu.pl\/niesamowitamaszyna\/wp-json\/wp\/v2\/pages\/59","targetHints":{"allow":["GET"]}}],"collection":[{"href":"https:\/\/pb.edu.pl\/niesamowitamaszyna\/wp-json\/wp\/v2\/pages"}],"about":[{"href":"https:\/\/pb.edu.pl\/niesamowitamaszyna\/wp-json\/wp\/v2\/types\/page"}],"author":[{"embeddable":true,"href":"https:\/\/pb.edu.pl\/niesamowitamaszyna\/wp-json\/wp\/v2\/users\/2"}],"replies":[{"embeddable":true,"href":"https:\/\/pb.edu.pl\/niesamowitamaszyna\/wp-json\/wp\/v2\/comments?post=59"}],"version-history":[{"count":0,"href":"https:\/\/pb.edu.pl\/niesamowitamaszyna\/wp-json\/wp\/v2\/pages\/59\/revisions"}],"wp:attachment":[{"href":"https:\/\/pb.edu.pl\/niesamowitamaszyna\/wp-json\/wp\/v2\/media?parent=59"}],"curies":[{"name":"wp","href":"https:\/\/api.w.org\/{rel}","templated":true}]}}